{"id":101,"date":"2023-10-25T19:38:32","date_gmt":"2023-10-25T19:38:32","guid":{"rendered":"https:\/\/asimtria.org\/yupanasimi\/?page_id=101"},"modified":"2026-04-29T03:30:54","modified_gmt":"2026-04-29T03:30:54","slug":"101-2","status":"publish","type":"page","link":"https:\/\/asimtria.org\/yupanasimi\/","title":{"rendered":""},"content":{"rendered":"<p><img loading=\"lazy\" decoding=\"async\" class=\"alignnone size-full wp-image-95\" src=\"https:\/\/asimtria.org\/yupanasimi\/wp-content\/uploads\/sites\/18\/2023\/10\/logo_web_actual.png\" alt=\"\" width=\"800\" height=\"293\" srcset=\"https:\/\/asimtria.org\/yupanasimi\/wp-content\/uploads\/sites\/18\/2023\/10\/logo_web_actual.png 800w, https:\/\/asimtria.org\/yupanasimi\/wp-content\/uploads\/sites\/18\/2023\/10\/logo_web_actual-300x110.png 300w, https:\/\/asimtria.org\/yupanasimi\/wp-content\/uploads\/sites\/18\/2023\/10\/logo_web_actual-768x281.png 768w\" sizes=\"auto, (max-width: 800px) 100vw, 800px\" \/><\/p>\n<hr \/>\n<p>Yup4n4 S1m1qa llamkayninchik qawanapaqmi hinallataq uyarinapaq, qichwa siminchikpi kipukunawan rurasqam, anti llaqtakunapa uyariyninkunata hinaspa qawariyninkunatapas Sarhua, Acop\u00eda chaynallataq Yanque llaqtakunapa makinkuwan rurasqam.<\/p>\n<p><span style=\"color: #999999;\">Yup4n4 S1m1 es una obra audiovisual interactiva ejecutada desde una interfaz de lenguaje expresado en una sintaxis inspirada en la lengua quechua, que procesa sonoridades propias de los andes y gr\u00e1ficas contempor\u00e1neas de artesanos y artesanas de Sarhua, Acop\u00eda y Yanque.<\/span><\/p>\n<p>Estuary sutiyuqwan rurachikun, 2 minutullapim allichana qallarinapaq.<\/p>\n<p><span style=\"color: #999999;\">Se ejecuta en un entorno llamado Estuary y toma 2 minutos configurarla para empezar.<\/span><\/p>\n<hr \/>\n<p>1, Yaykumuy <strong><a href=\"https:\/\/estuary.mcmaster.ca\/\" target=\"_blank\" rel=\"noopener\">Estuary<\/a><\/strong>-man | <span style=\"color: #808080;\"><span style=\"color: #999999;\">Ingresa a <\/span><strong><a style=\"color: #808080;\" href=\"https:\/\/estuary.mcmaster.ca\/\" target=\"_blank\" rel=\"noopener\"><span style=\"color: #999999;\">Estuary<\/span><\/a><\/strong><\/span><\/p>\n<p>2, Akllaykuy kayta: <strong>SOLO MODE <\/strong>| <span style=\"color: #999999;\">Elige la opci\u00f3n <strong>SOLO MODE<\/strong><\/span><\/p>\n<p>3, Apaykuy kayman: <a href=\"https:\/\/asimtria.org\/yupanasim1\/json\/yup4n4.html\" target=\"_blank\" rel=\"noopener\"><strong>siguiente c\u00f3digo<\/strong><\/a> | <span style=\"color: #999999;\">Copia el <\/span><a href=\"https:\/\/asimtria.org\/yupanasim1\/json\/yup4n4.html\" target=\"_blank\" rel=\"noopener\"><strong><span style=\"color: #808080;\"><span style=\"color: #999999;\">siguiente c\u00f3digo<\/span><\/span><\/strong><\/a><\/p>\n<p>4, Churaykuy kay slots de Estuary-pi chaymanta play sanampapi \u00f1itiykuy. Chaymantapas munaspaykiqa pichaykuy, ichaqa mana\u00f1am imatapas kay slotpi qillqanaykichu | <span style=\"color: #999999;\">P\u00e9galo en uno de los slots de Estuary, aseg\u00farate que no se haya agregado un espacio u otro caracter al inicio o al final del c\u00f3digo, y ejecuta (clic en el s\u00edmbolo de play). Despu\u00e9s puedes borrarlo si deseas, pero no debes escribir nada m\u00e1s en este slot<\/span><\/p>\n<p>5, Apaykuy kayman: <a href=\"https:\/\/asimtria.org\/yupanasim1\/json\/s1m1.html\" target=\"_blank\" rel=\"noopener\"><strong>siguiente c\u00f3digo<\/strong><\/a> | <span style=\"color: #999999;\">Copia el <a style=\"color: #999999;\" href=\"https:\/\/asimtria.org\/yupanasim1\/json\/s1m1.html\" target=\"_blank\" rel=\"noopener\"><strong>siguiente c\u00f3digo<\/strong><\/a><\/span><\/p>\n<p>6, Churaykuy kay slots de Estuary-pi chaymanta play sanampapi \u00f1itiykuy. Chaymantapas munaspaykiqa pichaykuy, ichaqa mana\u00f1am imatapas kay slotpi qillqanaykichu | <span style=\"color: #999999;\">P\u00e9galo en uno de los slots de Estuary, aseg\u00farate que no se haya agregado un espacio u otro caracter al inicio o al final del c\u00f3digo, y ejecuta (clic en el s\u00edmbolo de play). Despu\u00e9s puedes borrarlo si deseas, pero no debes escribir nada m\u00e1s en este slot<\/span><\/p>\n<p>7, Apaykuy kayman: | <span style=\"color: #999999;\">Copia el siguiente c\u00f3digo:<\/span><\/p>\n<p><span style=\"color: #ffff99;\">!reslist \u00abhttps:\/\/raw.githubusercontent.com\/asimtria\/yupanasimi\/main\/dosjson.json\u00bb<\/span><\/p>\n<p>8, Lineapi churaykuy <strong>(Terminal\/Chat: )<\/strong>, chaymanta <strong>Enter<\/strong>-ta \u00f1itiykuy | <span style=\"color: #999999;\">P\u00e9galo en la linea <strong>(Terminal\/Chat:)<\/strong> y ejecuta con la tecla <strong>Enter<\/strong><\/span><\/p>\n<p>9, Huk slotpi\u00f1ataqmi <strong><span style=\"color: #ffff99;\">##Yup4n4<\/span><\/strong>-ta qillqaykuy videowan llamkayta munaspaqa, utaq kayta: <span style=\"color: #ffff99;\"><strong>##S1m1<\/strong><\/span>-ta audiowan llamkayta munaspaqa | <span style=\"color: #808080;\"><span style=\"color: #999999;\">En otro slot escribe<\/span> <span style=\"color: #ffff99;\"><strong>##Yup4n4<\/strong><\/span> <span style=\"color: #999999;\">si quieres trabajar con video, o<\/span> <strong><span style=\"color: #ffff99;\">##S1m1<\/span><\/strong> <span style=\"color: #999999;\">si quieres trabajar con audio<\/span><\/span><\/p>\n<hr \/>\n<p>Qatiykuy <a href=\"https:\/\/asimtria.org\/yupanasimi\/?page_id=110\" target=\"_blank\" rel=\"noopener\"><strong>gu\u00eda de video<\/strong><\/a>-ta , <a href=\"https:\/\/asimtria.org\/yupanasimi\/?page_id=120\" target=\"_blank\" rel=\"noopener\"><strong>gu\u00eda de audio<\/strong><\/a>-ta utaq <a href=\"https:\/\/yupanasimi.vercel.app\/blog\" target=\"_blank\" rel=\"noopener\"><strong>tutoriales<\/strong><\/a>-ta qallarinaykipaq (kastilla simipi) qawapaykuy | <span style=\"color: #999999;\">Sigue nuestra <a style=\"color: #999999;\" href=\"https:\/\/asimtria.org\/yupanasimi\/?page_id=110\" target=\"_blank\" rel=\"noopener\"><strong>gu\u00eda de video<\/strong><\/a> , <a style=\"color: #999999;\" href=\"https:\/\/asimtria.org\/yupanasimi\/?page_id=120\" target=\"_blank\" rel=\"noopener\"><strong>gu\u00eda de audio<\/strong><\/a> o revisa los <a style=\"color: #999999;\" href=\"https:\/\/yupanasimi.vercel.app\/blog\" target=\"_blank\" rel=\"noopener\"><strong>tutoriales<\/strong><\/a> para empezar<\/span><\/p>\n<p>&nbsp;<\/p>\n<p><a href=\"https:\/\/creativecommons.org\/licenses\/by-nc-sa\/4.0\/deed.es\" target=\"_blank\" rel=\"noopener\"><img loading=\"lazy\" decoding=\"async\" class=\"wp-image-141 size-medium aligncenter\" src=\"https:\/\/asimtria.org\/yupanasimi\/wp-content\/uploads\/sites\/18\/2023\/10\/by-nc-sa-300x105.png\" alt=\"\" width=\"150\" height=\"53\" srcset=\"https:\/\/asimtria.org\/yupanasimi\/wp-content\/uploads\/sites\/18\/2023\/10\/by-nc-sa-300x105.png 300w, https:\/\/asimtria.org\/yupanasimi\/wp-content\/uploads\/sites\/18\/2023\/10\/by-nc-sa.png 403w\" sizes=\"auto, (max-width: 150px) 100vw, 150px\" \/><\/a><\/p>\n<p><img loading=\"lazy\" decoding=\"async\" class=\"size-full wp-image-29 aligncenter\" src=\"https:\/\/asimtria.org\/yupanasimi\/wp-content\/uploads\/sites\/18\/2022\/03\/logominqe.png\" alt=\"\" width=\"400\" height=\"222\" srcset=\"https:\/\/asimtria.org\/yupanasimi\/wp-content\/uploads\/sites\/18\/2022\/03\/logominqe.png 400w, https:\/\/asimtria.org\/yupanasimi\/wp-content\/uploads\/sites\/18\/2022\/03\/logominqe-300x167.png 300w\" sizes=\"auto, (max-width: 400px) 100vw, 400px\" \/><\/p>\n","protected":false},"excerpt":{"rendered":"<p>Yup4n4 S1m1qa llamkayninchik qawanapaqmi hinallataq uyarinapaq, qichwa siminchikpi kipukunawan rurasqam, anti llaqtakunapa uyariyninkunata hinaspa qawariyninkunatapas Sarhua, Acop\u00eda chaynallataq Yanque llaqtakunapa makinkuwan rurasqam. Yup4n4 S1m1 es una obra audiovisual interactiva ejecutada desde una interfaz de lenguaje expresado en una sintaxis inspirada en la lengua quechua, que procesa sonoridades propias de los andes y gr\u00e1ficas contempor\u00e1neas de <a href=\"https:\/\/asimtria.org\/yupanasimi\/\" class=\"more-link\">&#8230;<span class=\"screen-reader-text\">  <\/span><\/a><\/p>\n","protected":false},"author":1,"featured_media":0,"parent":0,"menu_order":0,"comment_status":"closed","ping_status":"closed","template":"","meta":{"footnotes":""},"class_list":["post-101","page","type-page","status-publish","hentry"],"_links":{"self":[{"href":"https:\/\/asimtria.org\/yupanasimi\/index.php?rest_route=\/wp\/v2\/pages\/101","targetHints":{"allow":["GET"]}}],"collection":[{"href":"https:\/\/asimtria.org\/yupanasimi\/index.php?rest_route=\/wp\/v2\/pages"}],"about":[{"href":"https:\/\/asimtria.org\/yupanasimi\/index.php?rest_route=\/wp\/v2\/types\/page"}],"author":[{"embeddable":true,"href":"https:\/\/asimtria.org\/yupanasimi\/index.php?rest_route=\/wp\/v2\/users\/1"}],"replies":[{"embeddable":true,"href":"https:\/\/asimtria.org\/yupanasimi\/index.php?rest_route=%2Fwp%2Fv2%2Fcomments&post=101"}],"version-history":[{"count":35,"href":"https:\/\/asimtria.org\/yupanasimi\/index.php?rest_route=\/wp\/v2\/pages\/101\/revisions"}],"predecessor-version":[{"id":220,"href":"https:\/\/asimtria.org\/yupanasimi\/index.php?rest_route=\/wp\/v2\/pages\/101\/revisions\/220"}],"wp:attachment":[{"href":"https:\/\/asimtria.org\/yupanasimi\/index.php?rest_route=%2Fwp%2Fv2%2Fmedia&parent=101"}],"curies":[{"name":"wp","href":"https:\/\/api.w.org\/{rel}","templated":true}]}}