{"id":84,"date":"2020-11-08T14:18:24","date_gmt":"2020-11-08T19:18:24","guid":{"rendered":"https:\/\/asimtria.org\/wiskakuayllu\/?page_id=84"},"modified":"2021-06-17T01:05:19","modified_gmt":"2021-06-17T06:05:19","slug":"tinkunapaq-llika","status":"publish","type":"page","link":"https:\/\/asimtria.org\/wiskakuayllu\/?page_id=84","title":{"rendered":"Tinkunapaq llika"},"content":{"rendered":"<p><img loading=\"lazy\" decoding=\"async\" class=\"size-full wp-image-156 aligncenter\" src=\"https:\/\/asimtria.org\/wiskakuayllu\/wp-content\/uploads\/sites\/15\/2020\/11\/portada_7.jpg\" alt=\"\" width=\"600\" height=\"338\" srcset=\"https:\/\/asimtria.org\/wiskakuayllu\/wp-content\/uploads\/sites\/15\/2020\/11\/portada_7.jpg 600w, https:\/\/asimtria.org\/wiskakuayllu\/wp-content\/uploads\/sites\/15\/2020\/11\/portada_7-300x169.jpg 300w\" sizes=\"auto, (max-width: 600px) 100vw, 600px\" \/><\/p>\n<p><span style=\"color: #993300;\">Wiskakukunaqa tutapim hu\u00f1unakunku mikuyta maskanankupaq, punchawpas hu\u00f1unakunmi intiwan hu\u00f1ichikunankupaq.<\/span><\/p>\n<p><span style=\"color: #993300;\">Kaykunaqa digital tiqsimuyu redes sociales kaqlla\u00f1am, internetpa yanapakuq, achka runakunawan tupachiwananchikpaq \u00f1uqanchikhina ruwaqkunawan.<\/span><\/p>\n<p><span style=\"color: #993300;\">Ichaqa riqsichkanchikmi pi Facebookniyuq utaq Instagramniyuq kaqta, utaq Youtube videokunapas, chaynallataq tukuy imata, kaykunam yachayta yanapawanchik, masinchikunawan rimanakunapaq chaynallataq hu\u00f1unakunapaqpas.<\/span><\/p>\n<p><span style=\"color: #993300;\">Sichus chay red socialta pruwayta munaspaqa, ichaqa tapukunanchikmi: \u00bfImaynanpitaq kaykunapi hawkalla purikuyman? \u00bfImawantaq sutichakuyman, pikunawan tupayman? \u00bfIma willakuytataq llapanman riqsichiyman hinallataq ima willaytataq wakinllaman?<\/span><\/p>\n<p><span style=\"color: #993300;\">Ima sutiwanpas sutichakuymanmi, manam chiqap sutillanchikwanchu. Mana willakuyninchikta ma\u00f1awaptinchikqa amam apachinachu, Futunchikkunapi ima kaqtapas waqaychananchikmi. Sumaq kipu simitam akllanayki.<\/span><\/p>\n<p><span style=\"color: #993300;\">Chay redes socialesqa empresakunallam, chaymi imakuna maskasqanchikmanta tukuy willakuyninchikta hu\u00f1unku, mayman risqanchikta, ima willakuykunawan asisqanchikwan, llakisqanchikwan, chayraykum extensionkunata churananchik internetnintin harkakunanchikpaq, mana qatiwanchikpaq.<\/span><\/p>\n<p><span style=\"color: #993300;\">Configuracion de privacidad y seguridadtapas allichananchikmi, hawka ima aypukunata ruwasqanchikta, piwan aypunakusqanchikta, sutichakusqanchiktapas rakichwanmi, sutinchikqa kanmanmi, futunchikkunapas, tukuy imanchik rakinasqa redes socialesninchikpi.<\/span><\/p>\n<h3 class=\"entry-title\"><strong><span style=\"color: #993300;\">Tinkunapaq llika<\/span><\/strong><\/h3>\n<p><span style=\"color: #993300;\">Qechwa<\/span><\/p>\n<p><iframe loading=\"lazy\" src=\"https:\/\/archive.org\/embed\/wiskakuayllu_03\/07_tinkunapaq.mp4\" width=\"720\" height=\"480\" frameborder=\"0\" allowfullscreen=\"allowfullscreen\"><span style=\"display: inline-block; width: 0px; overflow: hidden; line-height: 0;\" data-mce-type=\"bookmark\" class=\"mce_SELRES_start\">\ufeff<\/span><\/iframe><\/p>\n<h3 class=\"entry-title\"><strong><span style=\"color: #993300;\">Tinkunapaq llika<\/span> \/ Redes Sociales<br \/>\n<\/strong><\/h3>\n<p>Subtitulado en espa\u00f1ol<\/p>\n<p><iframe loading=\"lazy\" width=\"560\" height=\"315\" src=\"https:\/\/www.youtube.com\/embed\/lvW0yr7t6Ck\" title=\"YouTube video player\" frameborder=\"0\" allow=\"accelerometer; autoplay; clipboard-write; encrypted-media; gyroscope; picture-in-picture\" allowfullscreen><\/iframe><\/p>\n<h3><strong>Redes Sociales<br \/>\n<\/strong><\/h3>\n<p>Podcast en espa\u00f1ol<\/p>\n<p><iframe loading=\"lazy\" src=\"https:\/\/archive.org\/embed\/wiskakuayllu_06\/capitulo07_redessociales.mp3\" width=\"500\" height=\"30\" frameborder=\"0\" allowfullscreen=\"allowfullscreen\"><span style=\"display: inline-block; width: 0px; overflow: hidden; line-height: 0;\" data-mce-type=\"bookmark\" class=\"mce_SELRES_start\">\ufeff<\/span><span style=\"display: inline-block; width: 0px; overflow: hidden; line-height: 0;\" data-mce-type=\"bookmark\" class=\"mce_SELRES_start\">\ufeff<\/span><\/iframe><\/p>\n<h3><strong><span style=\"color: #993300;\">\u00d1ankuna<\/span> \/ Rutas<br \/>\n<\/strong><\/h3>\n<p><span style=\"color: #3366ff;\"><a style=\"color: #3366ff;\" href=\"https:\/\/www.youtube.com\/watch?v=AgZzYVRIVok\">Cu\u00e1les son las redes sociales<\/a><\/span><br \/>\n<span style=\"color: #3366ff;\"><a style=\"color: #3366ff;\" href=\"https:\/\/ssd.eff.org\/es\/module\/protegi%C3%A9ndose-en-las-redes-sociales\">Protegi\u00e9ndose en las Redes Sociales | Autoprotecci\u00f3n Digital Contra La Vigilancia<\/a><\/span><br \/>\n<span style=\"color: #3366ff;\"><a style=\"color: #3366ff;\" href=\"https:\/\/ssd.eff.org\/es\/module\/grupos-de-facebook-reduciendo-riesgos\">Grupos de Facebook: Reduciendo Riesgos | Autoprotecci\u00f3n Digital Contra La Vigilancia<\/a><br \/>\n<a style=\"color: #3366ff;\" href=\"https:\/\/anchor.fm\/convite\/episodes\/Minga-eesan2\/a-a2bvmcr\" target=\"_blank\" rel=\"noopener\">Convite. Minga<\/a><\/span><br \/>\n<span style=\"color: #3366ff;\"><a style=\"color: #3366ff;\" href=\"https:\/\/anchor.fm\/convite\/episodes\/Semillas-eesfs9\" target=\"_blank\" rel=\"noopener\">Convite. Semillas<\/a><\/span><\/p>\n<p><img loading=\"lazy\" decoding=\"async\" class=\"size-full wp-image-157 aligncenter\" src=\"https:\/\/asimtria.org\/wiskakuayllu\/wp-content\/uploads\/sites\/15\/2020\/11\/pie_7.jpg\" alt=\"\" width=\"600\" height=\"338\" srcset=\"https:\/\/asimtria.org\/wiskakuayllu\/wp-content\/uploads\/sites\/15\/2020\/11\/pie_7.jpg 600w, https:\/\/asimtria.org\/wiskakuayllu\/wp-content\/uploads\/sites\/15\/2020\/11\/pie_7-300x169.jpg 300w\" sizes=\"auto, (max-width: 600px) 100vw, 600px\" \/><\/p>\n<p>Las vizcachas se re\u00fanen en las noches para salir a buscar comida, y se re\u00fanen tambi\u00e9n de d\u00eda para tomar el sol.<\/p>\n<p>Estos espacios que comparten son parecidas en el mundo digital a las Redes Sociales, que son servicios en Internet que nos permiten conectarnos con muchas personas con las que tenemos intereses o actividades parecidas.<\/p>\n<p>Seguro conocemos a alguien que tiene un usuario en Facebook o Instagram, o hemos visto videos por Youtube, y hay otras muchas redes sociales m\u00e1s, que en general nos ayudan a aprender, a comunicarnos con amigas y a organizarnos con otras personas.<\/p>\n<p>Si queremos probar alguna red social, tal vez debamos preguntarnos:\u00a0\u00bfC\u00f3mo puedo navegar por estos sitios de manera segura? \u00bfCu\u00e1l ser\u00e1 mi identidad, mis contactos y mis v\u00ednculos? \u00bfQu\u00e9 informaci\u00f3n quiero hacer p\u00fablica y cual quiero compartir con solo unas pocas personas?<\/p>\n<p>Puedo usar un nuevo nombre o un apodo, no es necesario usar nuestro nombre real: no demos m\u00e1s informaci\u00f3n de la necesaria, cuidemos que se ve en nuestra foto de perfil, elijamos una contrase\u00f1a segura.<\/p>\n<p>Las redes sociales suelen ser empresas privadas, y muchas veces recopilan informaci\u00f3n de las p\u00e1ginas que seguimos, a d\u00f3nde vamos, a qu\u00e9 informaci\u00f3n reaccionamos, por lo que es recomendable instalar extensiones del navegador de Internet para bloquear seguimientos.<\/p>\n<p>Revisemos tambi\u00e9n la configuraci\u00f3n de privacidad y seguridad para asegurarnos que sabemos con claridad que compartimos y con quien lo compartimos.<\/p>\n<p>Podemos tambi\u00e9n separar nuestros usuarios, es decir podemos tener un nombre, foto de perfil e identidad diferente para cada una de nuestras redes sociales.<\/p>\n","protected":false},"excerpt":{"rendered":"<p>Wiskakukunaqa tutapim hu\u00f1unakunku mikuyta maskanankupaq, punchawpas hu\u00f1unakunmi intiwan hu\u00f1ichikunankupaq. Kaykunaqa digital tiqsimuyu redes sociales kaqlla\u00f1am, internetpa yanapakuq, achka runakunawan tupachiwananchikpaq \u00f1uqanchikhina ruwaqkunawan. Ichaqa riqsichkanchikmi pi Facebookniyuq utaq Instagramniyuq kaqta, utaq Youtube videokunapas, chaynallataq tukuy imata, kaykunam yachayta yanapawanchik, masinchikunawan rimanakunapaq chaynallataq hu\u00f1unakunapaqpas. Sichus chay red socialta pruwayta munaspaqa, ichaqa tapukunanchikmi: \u00bfImaynanpitaq kaykunapi hawkalla purikuyman? \u00bfImawantaq &hellip; <a href=\"https:\/\/asimtria.org\/wiskakuayllu\/?page_id=84\" class=\"more-link\">Seguir leyendo <span class=\"screen-reader-text\">Tinkunapaq llika<\/span> <span class=\"meta-nav\">&rarr;<\/span><\/a><\/p>\n","protected":false},"author":1,"featured_media":0,"parent":0,"menu_order":0,"comment_status":"closed","ping_status":"closed","template":"","meta":{"footnotes":""},"class_list":["post-84","page","type-page","status-publish","hentry"],"_links":{"self":[{"href":"https:\/\/asimtria.org\/wiskakuayllu\/index.php?rest_route=\/wp\/v2\/pages\/84","targetHints":{"allow":["GET"]}}],"collection":[{"href":"https:\/\/asimtria.org\/wiskakuayllu\/index.php?rest_route=\/wp\/v2\/pages"}],"about":[{"href":"https:\/\/asimtria.org\/wiskakuayllu\/index.php?rest_route=\/wp\/v2\/types\/page"}],"author":[{"embeddable":true,"href":"https:\/\/asimtria.org\/wiskakuayllu\/index.php?rest_route=\/wp\/v2\/users\/1"}],"replies":[{"embeddable":true,"href":"https:\/\/asimtria.org\/wiskakuayllu\/index.php?rest_route=%2Fwp%2Fv2%2Fcomments&post=84"}],"version-history":[{"count":14,"href":"https:\/\/asimtria.org\/wiskakuayllu\/index.php?rest_route=\/wp\/v2\/pages\/84\/revisions"}],"predecessor-version":[{"id":208,"href":"https:\/\/asimtria.org\/wiskakuayllu\/index.php?rest_route=\/wp\/v2\/pages\/84\/revisions\/208"}],"wp:attachment":[{"href":"https:\/\/asimtria.org\/wiskakuayllu\/index.php?rest_route=%2Fwp%2Fv2%2Fmedia&parent=84"}],"curies":[{"name":"wp","href":"https:\/\/api.w.org\/{rel}","templated":true}]}}