{"id":82,"date":"2020-11-08T14:16:57","date_gmt":"2020-11-08T19:16:57","guid":{"rendered":"https:\/\/asimtria.org\/wiskakuayllu\/?page_id=82"},"modified":"2021-06-17T01:04:51","modified_gmt":"2021-06-17T06:04:51","slug":"utqayman-willakuy","status":"publish","type":"page","link":"https:\/\/asimtria.org\/wiskakuayllu\/?page_id=82","title":{"rendered":"Utqayman willakuy"},"content":{"rendered":"<p><img loading=\"lazy\" decoding=\"async\" class=\"size-full wp-image-148 aligncenter\" src=\"https:\/\/asimtria.org\/wiskakuayllu\/wp-content\/uploads\/sites\/15\/2020\/11\/portada_6.jpg\" alt=\"\" width=\"600\" height=\"338\" srcset=\"https:\/\/asimtria.org\/wiskakuayllu\/wp-content\/uploads\/sites\/15\/2020\/11\/portada_6.jpg 600w, https:\/\/asimtria.org\/wiskakuayllu\/wp-content\/uploads\/sites\/15\/2020\/11\/portada_6-300x169.jpg 300w\" sizes=\"auto, (max-width: 600px) 100vw, 600px\" \/><\/p>\n<p><span style=\"color: #993300;\">\u00bfYurichkankichikchu wiskakukuna kipu simiwan\u00a0 rimanakusqankumanta? Kay kipu simiqa tiqsimuyu digitalpim yanapawanchik willakuyninchikta kipuchinanchikpaq.<\/span><\/p>\n<p><span style=\"color: #993300;\">Kipuchiyqa qillqananchikta tikrachinanchikpaqmi internetnintin apachinanchikpaq, huk simipi silularninchiklla intindinanpaq masinchikkunapa silularninpas, mana pipas likayta atinan.<\/span><\/p>\n<p><span style=\"color: #993300;\">Kaynam achka kutikama rimaptinchik rikurikun utqay willakuyta apachiptinchik, yupakunata qillqanchik hallariyninmanta tukunankama, willakuy apachisqanchikqa celularninchikllam intindin, chaynallataq runamasinchik apachisqanchikmanllam.<\/span><\/p>\n<p><span style=\"color: #993300;\">Kanmi achka programakuna utqayman willakuy apachinanchikpaq Whatsapphina, aswan achka achka yaykuqmasikunayuq, chayraykum achka runakunawan rimayta atinchik; allintas qillqasqanchikta, rimasqa willakuyninchikta, videokunata, fotokunaptas pakachin ichaqa manam hu\u00f1upa willakuypiqa, chaynallataq hatun empresapam, chaymi \u00f1awpapmantaraq mana hawka kanapaq allinchu karqa, mana allin willakuykunawan ruwasqankumanta, huk hikutaqkunaman quykusqankumanta.<\/span><\/p>\n<p><span style=\"color: #993300;\">Huk\u00f1ataqmi Telegram, ichaqa kipunqa \u00f1awpaqmanta tukunankama pakasqa qillqanakuyllapi, ichaqa qillqakunaqa apachisqanmantam kipukun, chaypim iquyasqahina churakun, chaynaqa pi runapas likaykunmanmi, ichaqa mana telefonopa yupayuqtam rurachwan, chaymi metadatosta pisiyachin, chaymantapas imayna qillqasqaykita ruwasqankumanta willasunki, pichakunpas kikillanmi pisi pachallapi.<\/span><\/p>\n<p><span style=\"color: #993300;\">Tukunapaq\u00f1am, hukpas kanmanmi Signal sutiyuq, chayqa llapa qillqakunapi \u00f1awpaqmanta tukunankama kipukuqmi,\u00a0akllaykuwaqtaqmi apachikuykunata chinkananpaq, kipukuyqa manaraq qillqakunata apachisqaykiraqmi ruwana, chayna kaptinqa yaqa manam pipas likanmanchu chaynallatan willasunkim imayna qillqayki kasqamantapas, pisillam metadakuna apachiykuyqa chaynallataq kachkanmi tukuy ima pakanapaq, maypi qallarisqanmanta.<\/span><\/p>\n<p><span style=\"color: #993300;\">Chay willakuywanmi akllachwan ima programa munasqanchikmanta.<\/span><\/p>\n<h3><span style=\"color: #993300;\"><strong>Utqayman willakuy<\/strong><\/span><\/h3>\n<p><span style=\"color: #993300;\">Qechwa<\/span><\/p>\n<p><iframe loading=\"lazy\" src=\"https:\/\/archive.org\/embed\/wiskakuayllu_03\/06_Utqayman.mp4\" width=\"720\" height=\"480\" frameborder=\"0\" allowfullscreen=\"allowfullscreen\"><span style=\"display: inline-block; width: 0px; overflow: hidden; line-height: 0;\" data-mce-type=\"bookmark\" class=\"mce_SELRES_start\">\ufeff<\/span><\/iframe><\/p>\n<h3><strong><span style=\"color: #993300;\">Utqayman willakuy<\/span> \/ Mensajer\u00eda Instant\u00e1nea<\/strong><\/h3>\n<p>Subtitulado en espa\u00f1ol<\/p>\n<p><iframe loading=\"lazy\" width=\"560\" height=\"315\" src=\"https:\/\/www.youtube.com\/embed\/dXyY85shBsQ\" title=\"YouTube video player\" frameborder=\"0\" allow=\"accelerometer; autoplay; clipboard-write; encrypted-media; gyroscope; picture-in-picture\" allowfullscreen><\/iframe><br \/>\nPodcast en espa\u00f1ol<\/p>\n<p><iframe loading=\"lazy\" src=\"https:\/\/archive.org\/embed\/wiskakuayllu_06\/capitulo06_mensajeriainstantanea.mp3\" width=\"500\" height=\"30\" frameborder=\"0\" allowfullscreen=\"allowfullscreen\"><span style=\"display: inline-block; width: 0px; overflow: hidden; line-height: 0;\" data-mce-type=\"bookmark\" class=\"mce_SELRES_start\">\ufeff<\/span><\/iframe><\/p>\n<h3><strong><span style=\"color: #993300;\">\u00d1ankuna<\/span> \/ Rutas<br \/>\n<\/strong><\/h3>\n<p><span style=\"color: #3366ff;\"><a style=\"color: #3366ff;\" href=\"https:\/\/es.wikipedia.org\/wiki\/Cifrado_de_extremo_a_extremo\" target=\"_blank\" rel=\"noopener\">Wikipedia. Cifrado de extremo a extremo<\/a><\/span><br \/>\n<span style=\"color: #3366ff;\"><a style=\"color: #3366ff;\" href=\"https:\/\/ssd.eff.org\/es\/module\/%C2%BFqu%C3%A9-es-el-cifrado\" target=\"_blank\" rel=\"noopener\">EFF. \u00bfQu\u00e9 debo saber sobre el cifrado? | Autoprotecci\u00f3n Digital Contra La Vigilancia<\/a><\/span><br \/>\n<span style=\"color: #3366ff;\"><a style=\"color: #3366ff;\" href=\"https:\/\/ssd.eff.org\/es\/module\/c%C3%B3mo-utilizar-signal-en-android\" target=\"_blank\" rel=\"noopener\">EFF. \u00bfC\u00f3mo usar Signal para Android? | Autoprotecci\u00f3n Digital Contra La Vigilancia<\/a><\/span><br \/>\n<span style=\"color: #3366ff;\"><a style=\"color: #3366ff;\" href=\"https:\/\/signal.org\/\">Signal <\/a><\/span><br \/>\n<span style=\"color: #3366ff;\"><a style=\"color: #3366ff;\" href=\"https:\/\/www.youtube.com\/watch?v=RAM0qBJYRNM\" target=\"_blank\" rel=\"noopener\">IT Masters News. WhatsApp, Signal, Telegram \u00bfcu\u00e1l es la m\u00e1s segura?<\/a><br \/>\n<a style=\"color: #3366ff;\" href=\"https:\/\/www.youtube.com\/watch?v=MO3Zh8EoAoE\" target=\"_blank\" rel=\"noopener\">Conexi\u00f3n Segura. \u00bfC\u00f3mo chatear de forma privada y segura?<\/a><\/span><\/p>\n<p><img loading=\"lazy\" decoding=\"async\" class=\"size-full wp-image-149 aligncenter\" src=\"https:\/\/asimtria.org\/wiskakuayllu\/wp-content\/uploads\/sites\/15\/2020\/11\/pie_6.jpg\" alt=\"\" width=\"600\" height=\"450\" srcset=\"https:\/\/asimtria.org\/wiskakuayllu\/wp-content\/uploads\/sites\/15\/2020\/11\/pie_6.jpg 600w, https:\/\/asimtria.org\/wiskakuayllu\/wp-content\/uploads\/sites\/15\/2020\/11\/pie_6-300x225.jpg 300w\" sizes=\"auto, (max-width: 600px) 100vw, 600px\" \/><\/p>\n<p><em>\u00bfRecuerdan que las vizcachas tienen un c\u00f3digo secreto de olores con el que se comunican?\u00a0Este c\u00f3digo secreto tambi\u00e9n nos sirve en el mundo digital para encriptar nuestros mensajes.<\/em><\/p>\n<p><em>Encriptar es convertir lo que decimos y enviamos por internet a un lenguaje que solo entiende nuestro celular\u00a0y el de la amiga o amigo a la que enviamos el mensaje: nadie m\u00e1s pueda leerlo.\u00a0\u00a0Esto pasa muchas veces en nuestras comunicaciones cuando enviamos mensajes de forma instant\u00e1nea, d\u00f3nde usamos cifrado de extremo a extremo, es decir que el mensaje que enviamos se encripta en nuestro celular y s\u00f3lo se desencripta en el celular destino.<\/em><\/p>\n<p><em>Hay muchos programas que podemos usar para enviar mensajes instant\u00e1neos, como Whatsapp, que tiene muchos m\u00e1s usuarios que ninguna otra, lo que nos permite comunicarnos con m\u00e1s personas; dice cifrar nuestros mensajes de texto, mensajes de voz, videos y fotos, pero no en el caso de los mensajes grupales; adem\u00e1s es propiedad de una gran empresa y anteriormente ha demostrado muchos peligros en su seguridad, por el mal uso de datos privados, que han sido entregados ante presiones de terceros.<\/em><\/p>\n<p><em>Otra opci\u00f3n es Telegram, que tiene el cifrado de extremo a extremo, pero s\u00f3lo en los chats privados, pues los mensajes normales se encriptan despu\u00e9s de ser enviados, lo que les hace vulnerables en el peque\u00f1o momento en que el mensaje viaja al servidor de Telegram, suficiente para poder ser le\u00eddo por un desconocido, sin embargo se puede usar sin n\u00famero telef\u00f3nico, lo que disminuye los metadatos enviados, y tambi\u00e9n nos avisa si alguien usa de otra manera nuestros mensajes, que pueden borrarse solos tras un tiempo definido.<\/em><\/p>\n<p><em>Finalmente, una opci\u00f3n m\u00e1s es Signal, tiene cifrado de extremo a extremo en todos sus mensajes, es posible elegir que los mensajes se borren solos despu\u00e9s de determinado tiempo, la encriptaci\u00f3n se hace en el celular, antes de ser enviados los mensajes, lo que hace casi imposible que alg\u00fan desconocido pueda leerlo, tambi\u00e9n avisa si alguien usa de otras maneras los mensajes, son muy pocos los metadatos que se env\u00edan y permite muchas maneras adicionales de esconder el origen de los mensajes.<\/em><\/p>\n<p><em>Con esta informaci\u00f3n podemos elegir el programa que se acerque a lo que queremos tener.<\/em><\/p>\n","protected":false},"excerpt":{"rendered":"<p>\u00bfYurichkankichikchu wiskakukuna kipu simiwan\u00a0 rimanakusqankumanta? Kay kipu simiqa tiqsimuyu digitalpim yanapawanchik willakuyninchikta kipuchinanchikpaq. Kipuchiyqa qillqananchikta tikrachinanchikpaqmi internetnintin apachinanchikpaq, huk simipi silularninchiklla intindinanpaq masinchikkunapa silularninpas, mana pipas likayta atinan. Kaynam achka kutikama rimaptinchik rikurikun utqay willakuyta apachiptinchik, yupakunata qillqanchik hallariyninmanta tukunankama, willakuy apachisqanchikqa celularninchikllam intindin, chaynallataq runamasinchik apachisqanchikmanllam. Kanmi achka programakuna utqayman willakuy apachinanchikpaq Whatsapphina, aswan &hellip; <a href=\"https:\/\/asimtria.org\/wiskakuayllu\/?page_id=82\" class=\"more-link\">Seguir leyendo <span class=\"screen-reader-text\">Utqayman willakuy<\/span> <span class=\"meta-nav\">&rarr;<\/span><\/a><\/p>\n","protected":false},"author":1,"featured_media":0,"parent":0,"menu_order":0,"comment_status":"closed","ping_status":"closed","template":"","meta":{"footnotes":""},"class_list":["post-82","page","type-page","status-publish","hentry"],"_links":{"self":[{"href":"https:\/\/asimtria.org\/wiskakuayllu\/index.php?rest_route=\/wp\/v2\/pages\/82","targetHints":{"allow":["GET"]}}],"collection":[{"href":"https:\/\/asimtria.org\/wiskakuayllu\/index.php?rest_route=\/wp\/v2\/pages"}],"about":[{"href":"https:\/\/asimtria.org\/wiskakuayllu\/index.php?rest_route=\/wp\/v2\/types\/page"}],"author":[{"embeddable":true,"href":"https:\/\/asimtria.org\/wiskakuayllu\/index.php?rest_route=\/wp\/v2\/users\/1"}],"replies":[{"embeddable":true,"href":"https:\/\/asimtria.org\/wiskakuayllu\/index.php?rest_route=%2Fwp%2Fv2%2Fcomments&post=82"}],"version-history":[{"count":11,"href":"https:\/\/asimtria.org\/wiskakuayllu\/index.php?rest_route=\/wp\/v2\/pages\/82\/revisions"}],"predecessor-version":[{"id":207,"href":"https:\/\/asimtria.org\/wiskakuayllu\/index.php?rest_route=\/wp\/v2\/pages\/82\/revisions\/207"}],"wp:attachment":[{"href":"https:\/\/asimtria.org\/wiskakuayllu\/index.php?rest_route=%2Fwp%2Fv2%2Fmedia&parent=82"}],"curies":[{"name":"wp","href":"https:\/\/api.w.org\/{rel}","templated":true}]}}