{"id":72,"date":"2020-11-08T13:41:18","date_gmt":"2020-11-08T18:41:18","guid":{"rendered":"https:\/\/asimtria.org\/wiskakuayllu\/?page_id=72"},"modified":"2021-06-17T01:03:40","modified_gmt":"2021-06-17T06:03:40","slug":"internetninta-purispa","status":"publish","type":"page","link":"https:\/\/asimtria.org\/wiskakuayllu\/?page_id=72","title":{"rendered":"Internetninta purispa"},"content":{"rendered":"<p>23 noviembre 2020<\/p>\n<p><img loading=\"lazy\" decoding=\"async\" class=\"size-full wp-image-129 aligncenter\" src=\"https:\/\/asimtria.org\/wiskakuayllu\/wp-content\/uploads\/sites\/15\/2020\/11\/portada_internet.jpg\" alt=\"\" width=\"600\" height=\"338\" srcset=\"https:\/\/asimtria.org\/wiskakuayllu\/wp-content\/uploads\/sites\/15\/2020\/11\/portada_internet.jpg 600w, https:\/\/asimtria.org\/wiskakuayllu\/wp-content\/uploads\/sites\/15\/2020\/11\/portada_internet-300x169.jpg 300w\" sizes=\"auto, (max-width: 600px) 100vw, 600px\" \/><\/p>\n<p><span style=\"color: #993300;\">Wi\u00f1arispankum wakin sipas wayna wiskakukuna ayllunta saqin, huk ayllukunamanmi asuykunku musuq ayllukunata paqarichinanpaq, chaynam musuq yachaykunata yachananku: \u00bfMaypitaq allin allpa kanman sumaq machayta ruwanapaq? \u00bfMaypitaq yaku, kawsaykunapas kakullan?<\/span><\/p>\n<p><span style=\"color: #993300;\">Internetqa musuq suyum, musuq yachaykunatam yachachiwanchik allinta riqsirinapaq puririnapaqpas.<\/span><\/p>\n<p><span style=\"color: #993300;\">Internetnintin puriptinchikqa, yupikunatam saqinchik, aqu pampapi puriptinchikhina. Ima munasqayki willakuykunatam quniku formulariokunapihina corrokunapi chaynallataq redes socialkunapi, ichaqa mana musyakusqanchik willakuyninchiktapas quykunchikmanmi, metadatos sutiyuqta, maymanta tiyasqanchikmanta qillqasqanchikmantapas, imay urataq yaykusqanchikmanta, huknin willakuykuna qatiqkunapas, pikunawan rimasqanchikwan hu\u00f1unakusqanchikmantapas, imayman risqanchikmantapas, kutikamataq chaykunaman risqanchikmantapas, ichaqa achka willakuykuna quykusqanchikmantapas mana munaspa willakuykunatam quykusqanchikman, munasqanchikkunamanmi apaykunmanku.<\/span><\/p>\n<p><span style=\"color: #993300;\">Cookikunapas kachkanmi, ichapas internetnintin puririspa qawarqanchik, chaykunaqa yanqa celularniykipi archivokuna qipakuqmi p\u00e1gina webman yaykuptiyki, huk yaykuqmasiykikunatam tarisunaykipaq yanapan, ima munasqanchik willakuykunaman utqayman yaykuchiwanchik,\u00a0ichaqa, rantikuqkunapas hikutawanchikmi tukuy ima mana munasqanchikwan.<\/span><\/p>\n<p><span style=\"color: #993300;\">Chaymantapas protocolo HTTPSmantapas yachananchikmi, kayqa huk \u00f1awpaq rimanam, candadupa waqtanpim kachkan internet maskanapi, seguro pagina kasqanta riqsichikun, sobrehina kaspa willakuykunata amachan, wakin runakunalla qawananpaq.<\/span><\/p>\n<p><span style=\"color: #993300;\">Wasinchikpi internet kaptinqa celularninchiktapas hapichichwanmi, wakin llaqtanchikpa runamasinchikkunatapas, chaymi tukuy celularkunapas kumunidadhinam kuska kanku, VPNqa huk red localtam paqarichin, ichaqa chiqisqa celularkunawan, karu suyupi kaqkunawanpas, chaymi videokunata qawaspayki utaq willakuyta qillqaptiykipas, manam maypi kasqaykita willakunkichu.<\/span><\/p>\n<p><span style=\"color: #993300;\">Aswan hawka kanaykipaqmi achka programakunam kachkan gratislla qurqukunaykipaq. Kay \u00f1ankunata qatiykuy aswan yachanaykipaq.<\/span><\/p>\n<h3><span style=\"color: #993300;\"><strong>Internetninta purispa<\/strong><\/span><\/h3>\n<p><span style=\"color: #993300;\">Qechwa<\/span><\/p>\n<p><iframe loading=\"lazy\" src=\"https:\/\/archive.org\/embed\/wiskakuayllu_02\/internetninta_purispa.mp4\" width=\"720\" height=\"480\" frameborder=\"0\" allowfullscreen=\"allowfullscreen\"><\/iframe><\/p>\n<h3><strong><span style=\"color: #993300;\">Internetninta purispa<\/span> \/ Navegando en Internet<\/strong><\/h3>\n<p>Subtitulado en espa\u00f1ol<\/p>\n<p><iframe loading=\"lazy\" width=\"560\" height=\"315\" src=\"https:\/\/www.youtube.com\/embed\/pJoth7pXSP4\" title=\"YouTube video player\" frameborder=\"0\" allow=\"accelerometer; autoplay; clipboard-write; encrypted-media; gyroscope; picture-in-picture\" allowfullscreen><\/iframe><\/p>\n<h3><strong>Navegando en Internet<\/strong><\/h3>\n<p>Podcast en espa\u00f1ol<\/p>\n<p><iframe loading=\"lazy\" src=\"https:\/\/archive.org\/embed\/wiskakuayllu_04\/capitulo04_navegarporinternet.mp3\" width=\"500\" height=\"30\" frameborder=\"0\" allowfullscreen=\"allowfullscreen\"><span style=\"display: inline-block; width: 0px; overflow: hidden; line-height: 0;\" data-mce-type=\"bookmark\" class=\"mce_SELRES_start\">\ufeff<\/span><\/iframe><\/p>\n<h3><strong><span style=\"color: #993300;\">\u00d1ankuna<\/span> \/ Rutas<br \/>\n<\/strong><\/h3>\n<p><span style=\"color: #3366ff;\"><a style=\"color: #3366ff;\" href=\"https:\/\/web.karisma.org.co\/pagina-principal\/que-hacemos\/campanas\/conviertete-en-genio-de-internet-renovado\/\" target=\"_blank\" rel=\"noopener\">Karisma. Convi\u00e9rtete en GENIO DE INTERNET\u2026 \u00a1Renovado!<\/a><\/span><br \/>\n<span style=\"color: #3366ff;\"><a style=\"color: #3366ff;\" href=\"https:\/\/ssd.eff.org\/es\/module\/por-qu%C3%A9-los-metadatos-son-importantes\" target=\"_blank\" rel=\"noopener\">EFF. \u00bfPor qu\u00e9 los metadatos son importantes? | Autoprotecci\u00f3n Digital Contra La Vigilancia<\/a><\/span><br \/>\n<span style=\"color: #3366ff;\"><a style=\"color: #3366ff;\" href=\"https:\/\/datadetoxkit.org\/en\/privacy\/browser\/\">Data Detox Kit<\/a><span style=\"color: #000000;\"> (Ingl\u00e9s)<\/span><br \/>\n<a href=\"https:\/\/www.youtube.com\/watch?v=HUyMo6o5kBc\" target=\"_blank\" rel=\"noopener\"><span style=\"color: #3366ff;\">Conexi\u00f3n Segura. \u00bfC\u00f3mo no caer en P\u00e1gias Falsas y #Pishing?<\/span> <\/a><br \/>\n<\/span><span style=\"color: #3366ff;\"><a style=\"color: #3366ff;\" href=\"https:\/\/www.eff.org\/https-everywhere\" target=\"_blank\" rel=\"noopener\">EFF. HTTPS Everywhere<\/a><span style=\"color: #000000;\"> (Ingl\u00e9s)<\/span><\/span><br \/>\n<span style=\"color: #3366ff;\"><a style=\"color: #3366ff;\" href=\"https:\/\/privacybadger.org\/es\/\" target=\"_blank\" rel=\"noopener\">Privacy Badger<span style=\"color: #000000;\">\u00a0<\/span><\/a><span style=\"color: #000000;\">(Ingl\u00e9s)<\/span><\/span><br \/>\n<span style=\"color: #3366ff;\"><a style=\"color: #3366ff;\" href=\"https:\/\/noisradio.co\/convite\" target=\"_blank\" rel=\"noopener\">Convite \u2014 No\u00eds Radio | La S\u00f3nica<\/a><\/span><br \/>\n<a href=\"https:\/\/www.xataka.com\/basics\/que-es-una-conexion-vpn-para-que-sirve-y-que-ventajas-tiene\"><span style=\"color: #3366ff;\">Xataka. \u00bfQu\u00e9 es una conexi\u00f3n VPN, para qu\u00e9 sirve y qu\u00e9 ventajas tiene?<\/span><\/a><br \/>\n<a href=\"https:\/\/www.youtube.com\/watch?v=iYQQTE1-Thk\" target=\"_blank\" rel=\"noopener\"><span style=\"color: #3366ff;\">Conexi\u00f3n Segura. \u00bfC\u00f3mo usar una VPN para ver p\u00e1gians bloqueadas?<\/span><\/a><br \/>\n<a href=\"https:\/\/riseup.net\/en\/vpn\" target=\"_blank\" rel=\"noopener\"><span style=\"color: #3366ff;\">RiseUp VPN<\/span><\/a><\/p>\n<p><img loading=\"lazy\" decoding=\"async\" class=\"size-full wp-image-130 aligncenter\" src=\"https:\/\/asimtria.org\/wiskakuayllu\/wp-content\/uploads\/sites\/15\/2020\/11\/pie_internet.jpg\" alt=\"\" width=\"600\" height=\"450\" srcset=\"https:\/\/asimtria.org\/wiskakuayllu\/wp-content\/uploads\/sites\/15\/2020\/11\/pie_internet.jpg 600w, https:\/\/asimtria.org\/wiskakuayllu\/wp-content\/uploads\/sites\/15\/2020\/11\/pie_internet-300x225.jpg 300w\" sizes=\"auto, (max-width: 600px) 100vw, 600px\" \/><\/p>\n<p><em>Cuando crecen, algunas vizcachas j\u00f3venes dejan su comunidad y se unen a otras para crear nuevas comunidades en un nuevo territorio, as\u00ed tienen que aprender nuevas cosas: \u00bfD\u00f3nde es buen lugar para hacer madrigueras? \u00bfD\u00f3nde hay agua y comida cerca?<\/em><\/p>\n<p><em>Internet es un nuevo territorio que nos hace aprender nuevas cosas, para conocerle y navegarle con seguridad.<\/em><\/p>\n<p><em>Cuando usamos internet dejamos huellas, muy parecidos al rastro que dejamos al pisar la arena. Otorgamos alguna informaci\u00f3n de manera voluntaria: formularios de registro, en el correo electr\u00f3nico o en las redes sociales, pero tambi\u00e9n hay informaci\u00f3n que damos sin darnos cuenta, a la que llamamos metadatos: desde donde nos conectamos, cu\u00e1ndo y a qu\u00e9 hora nos conectamos y otros datos que son consecuencia de estos: con qui\u00e9nes nos comunicamos y reunimos,\u00a0los lugares a los que vamos, cu\u00e1ntas veces vamos a esos lugares, y esto puede ser mucha m\u00e1s informaci\u00f3n de la que queremos dar, que puede usarse para algo que no queremos.<\/em><\/p>\n<p><em>Tambi\u00e9n est\u00e1n las cookies, tal vez las hemos visto anuncios en algunas p\u00e1ginas, archivos que se quedan en el celular cada vez que entramos a una web: ayudan a tener los usuarios abiertos de nuestras redes sociales o que nos cargue m\u00e1s r\u00e1pido cuando volvemos a una p\u00e1gina que nos gust\u00f3, pero tambi\u00e9n sirve para que nos insistan con publicidad de cosas que tal vez no nos interesa comprar.<\/em><\/p>\n<p><em>Otra cosa a tomar en cuenta es el protocolo HTTPS: palabra que viene al comienzo de las direcciones de Internet junto a un candado, que demuestra que una p\u00e1gina es segura, como si tuviera un sobre que oculta y protege los mensajes hasta que llegue al destinatario.<\/em><\/p>\n<p><em>Si tenemos internet en casa, podemos conectar nuestro celular y computadora y los de otras personas de nuestra comunidad o familia, entonces todos estos celulares hacen una red local porque est\u00e1n en el mismo lugar f\u00edsico. Una VPN permite crear una red local pero entre celulares y computadoras que no est\u00e1n en el mismo lugar f\u00edsico, que puede estar en un pa\u00eds muy lejano al nuestro, de esa manera cuando escribas mensajes o veas videos, anunciaras una ubicaci\u00f3n diferente de la que te est\u00e1s conectando.<\/em><\/p>\n<p><em>Para estar m\u00e1s segura ante estas situaciones, hay varios programas gratuitos que podemos instalarnos como protecci\u00f3n. Sigue las rutas para saber m\u00e1s.<\/em><\/p>\n","protected":false},"excerpt":{"rendered":"<p>23 noviembre 2020 Wi\u00f1arispankum wakin sipas wayna wiskakukuna ayllunta saqin, huk ayllukunamanmi asuykunku musuq ayllukunata paqarichinanpaq, chaynam musuq yachaykunata yachananku: \u00bfMaypitaq allin allpa kanman sumaq machayta ruwanapaq? \u00bfMaypitaq yaku, kawsaykunapas kakullan? Internetqa musuq suyum, musuq yachaykunatam yachachiwanchik allinta riqsirinapaq puririnapaqpas. Internetnintin puriptinchikqa, yupikunatam saqinchik, aqu pampapi puriptinchikhina. Ima munasqayki willakuykunatam quniku formulariokunapihina corrokunapi chaynallataq redes &hellip; <a href=\"https:\/\/asimtria.org\/wiskakuayllu\/?page_id=72\" class=\"more-link\">Seguir leyendo <span class=\"screen-reader-text\">Internetninta purispa<\/span> <span class=\"meta-nav\">&rarr;<\/span><\/a><\/p>\n","protected":false},"author":1,"featured_media":0,"parent":0,"menu_order":0,"comment_status":"closed","ping_status":"closed","template":"","meta":{"footnotes":""},"class_list":["post-72","page","type-page","status-publish","hentry"],"_links":{"self":[{"href":"https:\/\/asimtria.org\/wiskakuayllu\/index.php?rest_route=\/wp\/v2\/pages\/72","targetHints":{"allow":["GET"]}}],"collection":[{"href":"https:\/\/asimtria.org\/wiskakuayllu\/index.php?rest_route=\/wp\/v2\/pages"}],"about":[{"href":"https:\/\/asimtria.org\/wiskakuayllu\/index.php?rest_route=\/wp\/v2\/types\/page"}],"author":[{"embeddable":true,"href":"https:\/\/asimtria.org\/wiskakuayllu\/index.php?rest_route=\/wp\/v2\/users\/1"}],"replies":[{"embeddable":true,"href":"https:\/\/asimtria.org\/wiskakuayllu\/index.php?rest_route=%2Fwp%2Fv2%2Fcomments&post=72"}],"version-history":[{"count":12,"href":"https:\/\/asimtria.org\/wiskakuayllu\/index.php?rest_route=\/wp\/v2\/pages\/72\/revisions"}],"predecessor-version":[{"id":205,"href":"https:\/\/asimtria.org\/wiskakuayllu\/index.php?rest_route=\/wp\/v2\/pages\/72\/revisions\/205"}],"wp:attachment":[{"href":"https:\/\/asimtria.org\/wiskakuayllu\/index.php?rest_route=%2Fwp%2Fv2%2Fmedia&parent=72"}],"curies":[{"name":"wp","href":"https:\/\/api.w.org\/{rel}","templated":true}]}}