{"id":39,"date":"2020-11-05T15:47:21","date_gmt":"2020-11-05T20:47:21","guid":{"rendered":"https:\/\/asimtria.org\/wiskakuayllu\/?page_id=39"},"modified":"2021-06-17T01:02:44","modified_gmt":"2021-06-17T06:02:44","slug":"riesgo-digital","status":"publish","type":"page","link":"https:\/\/asimtria.org\/wiskakuayllu\/?page_id=39","title":{"rendered":"Digital manchachiq"},"content":{"rendered":"<p>23 noviembre 2020<\/p>\n<p><img loading=\"lazy\" decoding=\"async\" class=\"size-full wp-image-69 aligncenter\" src=\"https:\/\/asimtria.org\/wiskakuayllu\/wp-content\/uploads\/sites\/15\/2020\/11\/portada_manchachiq.jpg\" alt=\"\" width=\"600\" height=\"338\" srcset=\"https:\/\/asimtria.org\/wiskakuayllu\/wp-content\/uploads\/sites\/15\/2020\/11\/portada_manchachiq.jpg 600w, https:\/\/asimtria.org\/wiskakuayllu\/wp-content\/uploads\/sites\/15\/2020\/11\/portada_manchachiq-300x169.jpg 300w\" sizes=\"auto, (max-width: 600px) 100vw, 600px\" \/><\/p>\n<p><span style=\"color: #993300;\">Urqukunapiqa wiskakukuna achka uywakunawanmi yachanku, pumahina, atuqhina ankahina, paykunam wiskakuta mikunku, wiskakupa awqankum kanku.<\/span><\/p>\n<p><span style=\"color: #993300;\">Wiskakupa machayninqa sumaq rumikunawan takyachisqam lluqsinkuptinqa willanakunkum, ima kaptinpas kuskam machayman kutimunku.<\/span><\/p>\n<p><span style=\"color: #993300;\">Runakunapa llantankuqa hawka kawsakuyniyuqmi manchachikuqniyuqpas.<\/span><\/p>\n<p><span style=\"color: #993300;\">Internetpi kaspapas chaynallataq, tukuy ima digital pacha sapa punchaw ruwananchikmi, sapa punchawmi silularta qawanchik, chayraykum allinta riqsinanchik, masinchikkunahinata, chaymi yachachiwanchik imayna allin\u00a0 mana allin kasqanchiktapas.<\/span><\/p>\n<p><span style=\"color: #993300;\">Tapukunchikman: \u00bfImataq yupanchanchik? Sara tarpusqanchikpas kanmanmi, musuq maytupas, silularpi futunchikkunapas, correo electronicokuna, bancopi cuentakunapas, karu masinchikkuna, llapa kikinchikpa willakuykuna tukuy programakunawan rurasqanchik.<\/span><\/p>\n<p><span style=\"color: #993300;\">Achkam willakuy aypukunanchik, yachakusqanchikta tukuy ima runakuna yanapaqninta, ichaqa, kikinchikmanta mana pipas yachananta willakuykunapas kanmi.<\/span><\/p>\n<p><span style=\"color: #993300;\">\u00bfPimantataq kikinchikpa kasqanta amachanakunchik? Yantapa hawanman imatapas hinaykunchikmi paraptinqa, llapanchikrayku hatarikuptinchikpas masinchikkunata willakuyninta amachayta munanchikmanmi.<\/span><\/p>\n<p><span style=\"color: #993300;\">\u00bfImaynanpitaq kikinchikpa willakuyninchikta amachananchik? \u00bfHichpapi musuq runakunata qawarqanchikchu, utaq silularpi hukman willakuykunatapas? \u00bfIcha pipas ayllunchikta manchachikuchkan?\u00bfHayka pachapitaq tukuy munasqanchikta amachanchikman? \u00bfHaykatataq kay seguridad digitalmanta yachanchikman \/ Imatataq seguridad digitalmanta yachanchik?<\/span><\/p>\n<p><span style=\"color: #993300;\">Kayqa kikinchik hamutananchikmi, kunanmi qallarichwan. Mana imapas manchachikuy kaptinqa, huk antivirustam silularninchikman churanchikman, huk silularninchik waqaychaq programata, mana allin suwa programakunamanta amachananpaq.<\/span><\/p>\n<p><span style=\"color: #993300;\">Sichus ancha manchachikuymanta hamutaptinchikqa, astawanmi yachananchik tukuy imata llapanchik waqaychanakunanchikpaq.<\/span><\/p>\n<h3><strong><span style=\"color: #993300;\">Digital manchachiq<\/span><\/strong><\/h3>\n<p><span style=\"color: #993300;\">Qechwa<\/span><\/p>\n<p><iframe loading=\"lazy\" src=\"https:\/\/archive.org\/embed\/wiskakuayllu_07\/03_Manchachiq.mp4\" width=\"720\" height=\"480\" frameborder=\"0\" allowfullscreen=\"allowfullscreen\"><\/iframe><\/p>\n<h3><strong><span style=\"color: #993300;\">Digital manchachiq<\/span> \/ <\/strong><strong>Riesgo Digital<\/strong><\/h3>\n<p>Subtitulado en espa\u00f1ol<\/p>\n<p><iframe loading=\"lazy\" width=\"560\" height=\"315\" src=\"https:\/\/www.youtube.com\/embed\/yNQFyy5F6k4\" title=\"YouTube video player\" frameborder=\"0\" allow=\"accelerometer; autoplay; clipboard-write; encrypted-media; gyroscope; picture-in-picture\" allowfullscreen><\/iframe><\/p>\n<h3><strong>Riesgo Digital<br \/>\n<\/strong><\/h3>\n<p>Podcast en espa\u00f1ol<\/p>\n<p><iframe loading=\"lazy\" src=\"https:\/\/archive.org\/embed\/wiskakuayllu_04\/capitulo03_riesgodigital.mp3\" width=\"500\" height=\"30\" frameborder=\"0\" allowfullscreen=\"allowfullscreen\"><\/iframe><\/p>\n<h3><span style=\"color: #993300;\"><strong>\u00d1ankuna <span style=\"color: #000000;\">\/ Rutas<\/span><br \/>\n<\/strong><\/span><\/h3>\n<p><span style=\"color: #3366ff;\"><a style=\"color: #3366ff;\" href=\"https:\/\/holistic-security.tacticaltech.org\/chapters\/strategise\/3-6-security-and-the-do-no-harm-approach.html\" target=\"_blank\" rel=\"noopener\">Holistic security. Security and the Do-No-Harm Approach<\/a> <\/span>(Ingl\u00e9s)<br \/>\n<span style=\"color: #3366ff;\"><a style=\"color: #3366ff;\" href=\"https:\/\/holistic-security.tacticaltech.org\/chapters\/strategise\/3-1-responding-to-threats.html\" target=\"_blank\" rel=\"noopener\">Holistic security. Responding to Threats<\/a> <\/span>(Ingl\u00e9s)<br \/>\n<span style=\"color: #3366ff;\"><a style=\"color: #3366ff;\" href=\"https:\/\/kit.exposingtheinvisible.org\/en\/safety.html\" target=\"_blank\" rel=\"noopener\">Safety First! \u2014 The Kit 1.0 documentation<\/a>\u00a0<\/span>(Ingl\u00e9s)<br \/>\n<a href=\"https:\/\/docs.google.com\/document\/d\/1CltNSvvK-HV5KGXOs4peaf9fFIjzzv689QPLqd_KFn8\/edit\" target=\"_blank\" rel=\"noopener\"><span id=\"docs-title-input-label-inner\" class=\"docs-title-input-label-inner\"><span style=\"color: #3366ff;\">A first look a digital security<\/span><\/span><\/a> (Traducido)<br \/>\n<span style=\"color: #3366ff;\"><a style=\"color: #3366ff;\" href=\"https:\/\/www.gob.pe\/7739\" target=\"_blank\" rel=\"noopener\">Presidencia del Consejo de Ministros &#8211; Equipo de respuesta ante incidentes de seguridad digital del Per\u00fa<\/a><\/span><br \/>\n<span style=\"color: #3366ff;\"><a style=\"color: #3366ff;\" href=\"https:\/\/ssd.eff.org\/es\/\" target=\"_blank\" rel=\"noopener\">EFF. Autoprotecci\u00f3n Digital Contra La Vigilancia | Consejos, Herramientas y Gu\u00edas Para Tener Comunicaciones M\u00e1s Seguras<\/a><\/span><br \/>\n<span style=\"color: #3366ff;\"><a style=\"color: #3366ff;\" href=\"https:\/\/holistic-security.tacticaltech.org\/chapters\/explore\/2-7-security-indicators.html\" target=\"_blank\" rel=\"noopener\">Holistic security. Security Indicators<\/a> <\/span>(Ingl\u00e9s)<br \/>\n<span style=\"color: #3366ff;\"><a style=\"color: #3366ff;\" href=\"https:\/\/modeladoriesgos.asuntosdelsur.org\/\" target=\"_blank\" rel=\"noopener\">Asuntos del Sur. Modo a prueba de riesgos<\/a><\/span><br \/>\n<span style=\"color: #3366ff;\"><a style=\"color: #3366ff;\" href=\"https:\/\/www.avg.com\/es-ww\/antivirus-for-android\" target=\"_blank\" rel=\"noopener\">AVG AntiVirus para Android | Aplicaci\u00f3n gratuita para celular y tablet<\/a><\/span><br \/>\n<span style=\"color: #3366ff;\"><a style=\"color: #3366ff;\" href=\"https:\/\/www.avira.com\/es\/free-antivirus-android\" target=\"_blank\" rel=\"noopener\">Avira. Antivirus gratuito para Android<\/a><br \/>\n<a href=\"https:\/\/fortuna.segudigital.org\/es\" target=\"_blank\" rel=\"noopener\"><span style=\"color: #3366ff;\">\u00a1Que Mercurio retr\u00f3grado no afecte tus comunicaciones digitales!<\/span><\/a><\/span><\/p>\n<p><img loading=\"lazy\" decoding=\"async\" class=\"size-full wp-image-70 aligncenter\" src=\"https:\/\/asimtria.org\/wiskakuayllu\/wp-content\/uploads\/sites\/15\/2020\/11\/pie_manchachiq.jpg\" alt=\"\" width=\"600\" height=\"450\" srcset=\"https:\/\/asimtria.org\/wiskakuayllu\/wp-content\/uploads\/sites\/15\/2020\/11\/pie_manchachiq.jpg 600w, https:\/\/asimtria.org\/wiskakuayllu\/wp-content\/uploads\/sites\/15\/2020\/11\/pie_manchachiq-300x225.jpg 300w\" sizes=\"auto, (max-width: 600px) 100vw, 600px\" \/><\/p>\n<p><em>En los cerros, las vizcachas viven con muchos otros animales, como el puma, el zorro y el \u00e1guila, que se alimentan de ellas, por lo que son su principal peligro.<\/em><\/p>\n<p><em>Las madrigueras de las vizcachas son seguras, las piedras las protegen, y cuando salen, se avisan si hay peligro y vuelven juntas a ella r\u00e1pidamente.<\/em><\/p>\n<p><em>Para las personas, sus territorios tienen seguridades y peligros tambi\u00e9n.<\/em><\/p>\n<p><em>Cuando estamos en internet es igual. El espacio digital est\u00e1 relacionado con nuestro cotidiano: a diario usamos el celular, por lo que es importante conocer este espacio a fondo, establecer v\u00ednculos y conocer los riesgos y vulnerabilidades.<\/em><\/p>\n<p><em>Podemos preguntarnos: \u00bfQu\u00e9 es valioso para nosotras?\u00a0Puede ser el ma\u00edz que hemos sembrado, un libro nuevo o las fotos que tenemos en el celular, los correos electr\u00f3nicos, la cuenta bancaria, nuestros contactos, mucha informaci\u00f3n nuestra que vamos acumulando en los programas que usamos, pues hay mucha informaci\u00f3n que seguro queremos compartir: lo que vamos aprendiendo y lo que puede ayudar a otras personas,\u00a0pero hay tambi\u00e9n informaci\u00f3n personal que no queremos que nadie m\u00e1s vea.<\/em><\/p>\n<p><em>\u00bfDe qu\u00e9 o qui\u00e9n protegemos lo que es valioso para nosotras?\u00a0Ponemos un techo sobre la le\u00f1a para que no se moje cuando llueve, podemos querer proteger amigas y amigos o alguna informaci\u00f3n cuando participamos de una lucha social.<\/em><\/p>\n<p><em>\u00bfQu\u00e9 tan necesario es que protejamos lo que es valioso para nosotras?\u00a0\u00bfHemos visto personas extra\u00f1as muy cerca o mensajes inusuales en el celular?\u00a0\u00bfNuestra comunidad est\u00e1 siendo amenazada por alguien de afuera?\u00bfQu\u00e9 tanto tiempo podemos dedicar para proteger lo valioso? \u00bfQu\u00e9 tanto creemos que debemos saber de Seguridad Digital para hacerlo?<\/em><\/p>\n<p><em>Es un an\u00e1lisis muy personal que podr\u00edamos empezar a hacer ahora: si creemos que nuestro riesgo es bajo, podemos instalar un antivirus en nuestro celular, un programa que cuida nuestro celular de otros programas que quieren tomar informaci\u00f3n de \u00e9l o cambiar su comportamiento sin que lo sepamos.<\/em><\/p>\n<p><em>Si creemos que nuestro riesgo es alto, deberemos entonces aprender m\u00e1s de las herramientas que tenemos disponibles para cuidarnos.<\/em><\/p>\n","protected":false},"excerpt":{"rendered":"<p>23 noviembre 2020 Urqukunapiqa wiskakukuna achka uywakunawanmi yachanku, pumahina, atuqhina ankahina, paykunam wiskakuta mikunku, wiskakupa awqankum kanku. Wiskakupa machayninqa sumaq rumikunawan takyachisqam lluqsinkuptinqa willanakunkum, ima kaptinpas kuskam machayman kutimunku. Runakunapa llantankuqa hawka kawsakuyniyuqmi manchachikuqniyuqpas. Internetpi kaspapas chaynallataq, tukuy ima digital pacha sapa punchaw ruwananchikmi, sapa punchawmi silularta qawanchik, chayraykum allinta riqsinanchik, masinchikkunahinata, chaymi yachachiwanchik imayna &hellip; <a href=\"https:\/\/asimtria.org\/wiskakuayllu\/?page_id=39\" class=\"more-link\">Seguir leyendo <span class=\"screen-reader-text\">Digital manchachiq<\/span> <span class=\"meta-nav\">&rarr;<\/span><\/a><\/p>\n","protected":false},"author":1,"featured_media":0,"parent":0,"menu_order":0,"comment_status":"closed","ping_status":"closed","template":"","meta":{"footnotes":""},"class_list":["post-39","page","type-page","status-publish","hentry"],"_links":{"self":[{"href":"https:\/\/asimtria.org\/wiskakuayllu\/index.php?rest_route=\/wp\/v2\/pages\/39","targetHints":{"allow":["GET"]}}],"collection":[{"href":"https:\/\/asimtria.org\/wiskakuayllu\/index.php?rest_route=\/wp\/v2\/pages"}],"about":[{"href":"https:\/\/asimtria.org\/wiskakuayllu\/index.php?rest_route=\/wp\/v2\/types\/page"}],"author":[{"embeddable":true,"href":"https:\/\/asimtria.org\/wiskakuayllu\/index.php?rest_route=\/wp\/v2\/users\/1"}],"replies":[{"embeddable":true,"href":"https:\/\/asimtria.org\/wiskakuayllu\/index.php?rest_route=%2Fwp%2Fv2%2Fcomments&post=39"}],"version-history":[{"count":17,"href":"https:\/\/asimtria.org\/wiskakuayllu\/index.php?rest_route=\/wp\/v2\/pages\/39\/revisions"}],"predecessor-version":[{"id":204,"href":"https:\/\/asimtria.org\/wiskakuayllu\/index.php?rest_route=\/wp\/v2\/pages\/39\/revisions\/204"}],"wp:attachment":[{"href":"https:\/\/asimtria.org\/wiskakuayllu\/index.php?rest_route=%2Fwp%2Fv2%2Fmedia&parent=39"}],"curies":[{"name":"wp","href":"https:\/\/api.w.org\/{rel}","templated":true}]}}