{"id":31,"date":"2020-11-02T22:08:58","date_gmt":"2020-11-03T03:08:58","guid":{"rendered":"https:\/\/asimtria.org\/wiskakuayllu\/?page_id=31"},"modified":"2021-06-17T01:02:03","modified_gmt":"2021-06-17T06:02:03","slug":"silular","status":"publish","type":"page","link":"https:\/\/asimtria.org\/wiskakuayllu\/?page_id=31","title":{"rendered":"Silular"},"content":{"rendered":"<p>23 noviembre 2020<\/p>\n<p><img loading=\"lazy\" decoding=\"async\" class=\"size-full wp-image-65 aligncenter\" src=\"https:\/\/asimtria.org\/wiskakuayllu\/wp-content\/uploads\/sites\/15\/2020\/11\/portada_silular.jpg\" alt=\"\" width=\"600\" height=\"338\" srcset=\"https:\/\/asimtria.org\/wiskakuayllu\/wp-content\/uploads\/sites\/15\/2020\/11\/portada_silular.jpg 600w, https:\/\/asimtria.org\/wiskakuayllu\/wp-content\/uploads\/sites\/15\/2020\/11\/portada_silular-300x169.jpg 300w\" sizes=\"auto, (max-width: 600px) 100vw, 600px\" \/><\/p>\n<p><span style=\"color: #993300;\">\u00d1am llaqtanchikpi musuq runakuna rikuriramunku, Silularmi sutinku<\/span><\/p>\n<p><span style=\"color: #993300;\">Riqsirqanchik\u00f1am \u00f1awpaqmanta yanapawaptinchik karu runamasinchikwan rimanakunanchikpaq, ichaqa musuqkuna\u00f1am chayraq chayaramun,tukuy imata\u00f1am ruwayta atinku: Fotokunata, videokunata, tukuy ima uyarisqanchiktapas mirachinmi, rikchachikun, ima ruwasqanchiktapas yuyarichiwanchik, tukuy klasi takikunatam waqachin, willaykunatapas apachikun tukuy ima tiqsi muyu willakuykunatapas willakunmi, chaymantapas runakunata riqsispanchikmi masinchikman tikrachinchik.<\/span><\/p>\n<p><span style=\"color: #993300;\">Mana rikukuq \u00f1annintam purinku, internetmi sutin, silularnintin ayllu, achka runakunata yanapaq ayllunkunawan rimanankupaq, willakuykunata willanapaq tukuy ima musuqkunamanta yachanapaq.<\/span><\/p>\n<p><span style=\"color: #993300;\">Punchuchanpas kapullanmi mana pakikunanpaq, mana siqikunanpaq, pacha mamaqa anchatam \u00f1akarikun paykuna paqarinanpaq, pakasqa simiwanmi yanapayta ma\u00f1akunchik wiksachanta chikuchaspa, rimaykuptinchikpas kikin rimayninwanmi kutichiwasun.<\/span><\/p>\n<p><span style=\"color: #993300;\">Sapan runahinam kanku, Androidpas, Mac utaq Linuxpas kanmanmi, paymi pukllaypaq, sinkiypaq, estudyanapaqpas yanapawasun, softwarwanmi sutichanku chay tukuy ima rurananta; unqukunmanmi (malware), unquchiwachwanpas (radiacionwan hinaspa mana allin tiyasqanchikwan).<\/span><\/p>\n<p><span style=\"color: #993300;\">Musuq tiqsi muyutam riqsichiwanchik, tukuy ima mana \u00f1awpaq atisqanchikta ruwachiwanchik.<\/span><\/p>\n<p><span style=\"color: #993300;\">Manaraqmi anchata riqsinchikchu, ichaqa kunansi llapanchik hukta munanchik, yachay wasipi, universidadpi klasita chaskikunapaq, makinchikpim kachkan, wasinchikman yaykuchiyta munaptinchikqa, kuska tukuy imata riqsispanchik, kuska tukuy imata ruwananchikpaq.<\/span><\/p>\n<h3><span style=\"color: #993300;\"><strong>Silular<\/strong><\/span><\/h3>\n<p><span style=\"color: #993300;\">Qechwa<\/span><\/p>\n<p><iframe loading=\"lazy\" src=\"https:\/\/archive.org\/embed\/wiskakuayllu_01_202011\/Silular.mp4\" width=\"720\" height=\"480\" frameborder=\"0\" allowfullscreen=\"allowfullscreen\"><\/iframe><\/p>\n<h3><strong><span style=\"color: #993300;\">Silular<\/span> \/ Celular <\/strong><\/h3>\n<p>Subtitulado en espa\u00f1ol<\/p>\n<p><iframe loading=\"lazy\" title=\"YouTube video player\" src=\"https:\/\/www.youtube.com\/embed\/OtyPxbL9MyY\" width=\"560\" height=\"315\" frameborder=\"0\" allowfullscreen=\"allowfullscreen\"><\/iframe><\/p>\n<h3><strong>Celular<\/strong><\/h3>\n<p>Podcast en espa\u00f1ol<\/p>\n<p><iframe loading=\"lazy\" src=\"https:\/\/archive.org\/embed\/wiskakuayllu_04\/capitulo02_celular.mp3\" width=\"500\" height=\"30\" frameborder=\"0\" allowfullscreen=\"allowfullscreen\"><\/iframe><\/p>\n<h3><span style=\"color: #993300;\">\u00d1ankuna<\/span> \/ Rutas<\/h3>\n<p><span style=\"color: #3366ff;\"><a style=\"color: #3366ff;\" href=\"https:\/\/www.youtube.com\/watch?v=jzVzmeGMiL8\" target=\"_blank\" rel=\"noopener\">Ciencia y Tecnolog\u00eda. \u00bfQu\u00e9 es un SmartPhone y para qu\u00e9 sirve?<\/a><\/span><br \/>\n<span style=\"color: #3366ff;\"><a style=\"color: #3366ff;\" href=\"https:\/\/www.youtube.com\/watch?v=glcWRMujXek\" target=\"_blank\" rel=\"noopener\">Bipolar New Media. \u00bfCu\u00e1nto contaminan los celulares?<\/a><\/span><br \/>\n<span style=\"color: #3366ff;\"><a style=\"color: #3366ff;\" href=\"https:\/\/www.youtube.com\/watch?v=eTkck2_l1x4\" target=\"_blank\" rel=\"noopener\">AFP. Ni\u00f1os en las minas de RD Congo<\/a><\/span><br \/>\n<span style=\"color: #3366ff;\"><a style=\"color: #3366ff;\" href=\"https:\/\/www.youtube.com\/watch?v=xGfc2Dx-e0g\" target=\"_blank\" rel=\"noopener\">Yerania Martinez. \u00bfQue es un Sistema Operativo?<\/a><\/span><br \/>\n<span style=\"color: #3366ff;\"><a style=\"color: #3366ff;\" href=\"https:\/\/www.youtube.com\/watch?v=-JVdH8ne-2s\" target=\"_blank\" rel=\"noopener\">Educar Portal. Microaprendizaje: \u00bfQu\u00e9 es internet?<\/a><\/span><br \/>\n<a href=\"https:\/\/www.youtube.com\/watch?v=wteGVGRYqLs\" target=\"_blank\" rel=\"noopener\"><span style=\"color: #3366ff;\">Educar Portal. Microaprendizaje: \u00bfQu\u00e9 es el software libre?<\/span><\/a><br \/>\n<span style=\"color: #3366ff;\"><a style=\"color: #3366ff;\" href=\"https:\/\/cyber-women.com\/es\/celulares-m%C3%A1s-seguros\/\" target=\"_blank\" rel=\"noopener\">Cyber Women. Celulares m\u00e1s seguros<\/a><\/span><\/p>\n<p><img loading=\"lazy\" decoding=\"async\" class=\"size-full wp-image-78 aligncenter\" src=\"https:\/\/asimtria.org\/wiskakuayllu\/wp-content\/uploads\/sites\/15\/2020\/11\/pie_celular2.jpg\" alt=\"\" width=\"600\" height=\"450\" srcset=\"https:\/\/asimtria.org\/wiskakuayllu\/wp-content\/uploads\/sites\/15\/2020\/11\/pie_celular2.jpg 600w, https:\/\/asimtria.org\/wiskakuayllu\/wp-content\/uploads\/sites\/15\/2020\/11\/pie_celular2-300x225.jpg 300w\" sizes=\"auto, (max-width: 600px) 100vw, 600px\" \/><\/p>\n<p><em>Hace un tiempo han aparecido nuevas personas, se llaman Celulares.<\/em><\/p>\n<p><em>Les conoc\u00edamos un poco de antes porque nos ayudaban a escuchar y hablar con otras personas que estaban muy lejos, pero unos m\u00e1s nuevos que han venido reci\u00e9n, han aprendido a hacer muchas m\u00e1s cosas: pueden tomar fotos, filmar videos, grabar distintos sonidos, despertarnos, recordarnos tareas, cantar m\u00fasica de todas partes, enviar mensajes, nos cuentan de las noticias que pasan en todo el mundo y se puede convertir en nuestras amigas y amigos que est\u00e1n lejos.<\/em><\/p>\n<p><em>Env\u00edan mensajes a trav\u00e9s de Internet: una comunidad de computadoras y celulares, que ayudan a las personas a conversar con sus familias, a contar historias y aprender de muchos temas nuevos.<\/em><\/p>\n<p><em>Tiene una carcasa que le protege para que no se haga da\u00f1o, pues la tierra se da\u00f1a mucho para que cada celular se produzca; usamos una palabra secreta para pedirle ayuda, y le activamos haciendo cosquillas en su barriga, podemos hablarle y va a respondernos con su propia voz.<\/em><\/p>\n<p><em>El Sistema Operativo es como su personalidad, y puede ser Android, Mac, Linux u otros m\u00e1s, y a trav\u00e9s de \u00e9l podemos dibujar, jugar y estudiar, y llamamos Software a cada una de esos programas que nos permiten hacer; tambi\u00e9n puede enfermarse, y puede enfermarnos.<\/em><\/p>\n<p><em>Nos lleva a conocer un mundo nuevo, a hacer cosas que no hab\u00edamos imaginado hacer antes.<\/em><\/p>\n<p><em>Nos ayuda, pero tambi\u00e9n puede da\u00f1arnos, a\u00fan no los conocemos mucho, pero ahora se han vuelto tan necesarios, para tener clases en la escuela o en la universidad, para trabajar; es s\u00f3lo nuestra decisi\u00f3n y responsabilidad si tenemos uno con nosotras, saber por donde exploramos con \u00e9l y que planes creamos juntas.<\/em><\/p>\n","protected":false},"excerpt":{"rendered":"<p>23 noviembre 2020 \u00d1am llaqtanchikpi musuq runakuna rikuriramunku, Silularmi sutinku Riqsirqanchik\u00f1am \u00f1awpaqmanta yanapawaptinchik karu runamasinchikwan rimanakunanchikpaq, ichaqa musuqkuna\u00f1am chayraq chayaramun,tukuy imata\u00f1am ruwayta atinku: Fotokunata, videokunata, tukuy ima uyarisqanchiktapas mirachinmi, rikchachikun, ima ruwasqanchiktapas yuyarichiwanchik, tukuy klasi takikunatam waqachin, willaykunatapas apachikun tukuy ima tiqsi muyu willakuykunatapas willakunmi, chaymantapas runakunata riqsispanchikmi masinchikman tikrachinchik. Mana rikukuq \u00f1annintam purinku, internetmi &hellip; <a href=\"https:\/\/asimtria.org\/wiskakuayllu\/?page_id=31\" class=\"more-link\">Seguir leyendo <span class=\"screen-reader-text\">Silular<\/span> <span class=\"meta-nav\">&rarr;<\/span><\/a><\/p>\n","protected":false},"author":1,"featured_media":0,"parent":0,"menu_order":0,"comment_status":"closed","ping_status":"closed","template":"","meta":{"footnotes":""},"class_list":["post-31","page","type-page","status-publish","hentry"],"_links":{"self":[{"href":"https:\/\/asimtria.org\/wiskakuayllu\/index.php?rest_route=\/wp\/v2\/pages\/31","targetHints":{"allow":["GET"]}}],"collection":[{"href":"https:\/\/asimtria.org\/wiskakuayllu\/index.php?rest_route=\/wp\/v2\/pages"}],"about":[{"href":"https:\/\/asimtria.org\/wiskakuayllu\/index.php?rest_route=\/wp\/v2\/types\/page"}],"author":[{"embeddable":true,"href":"https:\/\/asimtria.org\/wiskakuayllu\/index.php?rest_route=\/wp\/v2\/users\/1"}],"replies":[{"embeddable":true,"href":"https:\/\/asimtria.org\/wiskakuayllu\/index.php?rest_route=%2Fwp%2Fv2%2Fcomments&post=31"}],"version-history":[{"count":13,"href":"https:\/\/asimtria.org\/wiskakuayllu\/index.php?rest_route=\/wp\/v2\/pages\/31\/revisions"}],"predecessor-version":[{"id":203,"href":"https:\/\/asimtria.org\/wiskakuayllu\/index.php?rest_route=\/wp\/v2\/pages\/31\/revisions\/203"}],"wp:attachment":[{"href":"https:\/\/asimtria.org\/wiskakuayllu\/index.php?rest_route=%2Fwp%2Fv2%2Fmedia&parent=31"}],"curies":[{"name":"wp","href":"https:\/\/api.w.org\/{rel}","templated":true}]}}