{"id":23,"date":"2020-10-20T20:01:37","date_gmt":"2020-10-21T01:01:37","guid":{"rendered":"https:\/\/asimtria.org\/wiskakuayllu\/?page_id=23"},"modified":"2021-06-17T01:00:51","modified_gmt":"2021-06-17T06:00:51","slug":"wiskakuayllu","status":"publish","type":"page","link":"https:\/\/asimtria.org\/wiskakuayllu\/?page_id=23","title":{"rendered":"Ayllu"},"content":{"rendered":"<p>23 noviembre 2020<\/p>\n<p><img loading=\"lazy\" decoding=\"async\" class=\"size-full wp-image-63 aligncenter\" src=\"https:\/\/asimtria.org\/wiskakuayllu\/wp-content\/uploads\/sites\/15\/2020\/11\/pie_ayllu.jpg\" alt=\"\" width=\"600\" height=\"338\" srcset=\"https:\/\/asimtria.org\/wiskakuayllu\/wp-content\/uploads\/sites\/15\/2020\/11\/pie_ayllu.jpg 600w, https:\/\/asimtria.org\/wiskakuayllu\/wp-content\/uploads\/sites\/15\/2020\/11\/pie_ayllu-300x169.jpg 300w\" sizes=\"auto, (max-width: 600px) 100vw, 600px\" \/><\/p>\n<p><span style=\"color: #993300;\">Hanay urqukunapi, pakasqa ayllukunapi, rumikunapa qipanpi,\u00a0wiskaku yachanku, papa ukupi \u00f1annintin,\u00a0ichutam mikunku, kikinku siminwanmi rimapayanakuspa kuskanchakunku. <\/span><span style=\"color: #993300;\">Ayllunkunapim yachaq machukunawan yachanku, warmakunapas machu taytankunamanta yachakunku.<\/span><\/p>\n<p><span style=\"color: #993300;\">Suyunkunam kapunku, chaymantam tukuy imata yachanku, tukuy ima ayllupa munasqanta, machaykuna ruraypim machaykuna allichaypim yanapanakunku, tukuy ima mana allinkunamantam machaymanta lluqsispa waqaychanakunku, tukuy ima yachasqankutam willanakunku, aswan llapankurayku.<\/span><\/p>\n<p><span style=\"color: #993300;\">Runakunapas ayllukunapim yachanku, kikin siminkupi rimaspam yanapanakunku, yachaq tayta machukunawanmi yachanku, tukuy imamanta tapukuq warmakunawanpas, kawsaykunata waqaychaykunapim minkakunku, kanchakunapa pirqa rurayninpi, yarqa aspiykunapi, kikinkum imamantapas waqaychanakunku,\u00a0llapanpaq mankahina, hay\u00f1ikunarayku puriykunapi, llapallanchikrayku.<\/span><\/p>\n<p><span style=\"color: #993300;\">Runakunapaqa tukuy klasi ayllunkunam kan, kawsasqanchik llaqtanchikhina,\u00a0yachay wasi utaq digital tiqsimuyu.<\/span><\/p>\n<p><span style=\"color: #993300;\">Digital aylluqa ancha musuqmi, usuariohinam munasqankurayku hu\u00f1unakunku,\u00a0internettam suyuhinata ayninakunku. Huk runakuna paqarichiyta atinankupaq, tukuy \u00f1awpaq mana kasqanta rikurichinankupaq, mana llapchay atina tiqsi muyu, kumputadura ukullapi, tukuy ima hapisqanchikhina, ichaqa huk klasi.\u00a0<\/span><\/p>\n<p><span style=\"color: #993300;\">Internetta hapiptinchikqa digital ayllupim kachkanchik,\u00a0allin runakunatam sumaq yachaykunata aypukuqta chaypi tarinchik,\u00a0tukuy ima riqsisqanchikta yachachinakuspanchik waqaychanakunanchik, llapanchikraykum.<\/span><\/p>\n<h3><span style=\"color: #993300;\"><strong>Ayllu<\/strong><\/span><\/h3>\n<p><span style=\"color: #993300;\">Qechwa<\/span><\/p>\n<p><iframe loading=\"lazy\" src=\"https:\/\/archive.org\/embed\/wiskakuayllu_01_202011\/Ayllu.mp4\" width=\"720\" height=\"480\" frameborder=\"0\" allowfullscreen=\"allowfullscreen\"><\/iframe><\/p>\n<h3><strong><span style=\"color: #993300;\">Ayllu<\/span> <span style=\"color: #000000;\">\/<\/span> Comunidad <\/strong><\/h3>\n<p>Subtitulado en espa\u00f1ol<\/p>\n<p><iframe loading=\"lazy\" title=\"YouTube video player\" src=\"https:\/\/www.youtube.com\/embed\/m4jFRy0gDEo\" width=\"560\" height=\"315\" frameborder=\"0\" allowfullscreen=\"allowfullscreen\"><\/iframe><\/p>\n<p>Podcast en espa\u00f1ol<\/p>\n<p><iframe loading=\"lazy\" src=\"https:\/\/archive.org\/embed\/wiskakuayllu_04\/capitulo01_comunidad.mp3\" width=\"500\" height=\"30\" frameborder=\"0\" allowfullscreen=\"allowfullscreen\"><\/iframe><\/p>\n<h3><span style=\"color: #993300;\">\u00d1ankuna<\/span> \/ Rutas<\/h3>\n<p><span style=\"color: #3366ff;\"><a style=\"color: #3366ff;\" href=\"https:\/\/noisradio.co\/convite\" target=\"_blank\" rel=\"noopener\">Convite \u2014 No\u00eds Radio | La S\u00f3nica<\/a><\/span><br \/>\n<span style=\"color: #3366ff;\"><a style=\"color: #3366ff;\" href=\"https:\/\/www.tedic.org\/toolkit-internews\/\" target=\"_blank\" rel=\"noopener\">Nuevo toolkit de Seguridad Digital para acciones colectivas<\/a><\/span><br \/>\n<span style=\"color: #3366ff;\"><a style=\"color: #3366ff;\" href=\"https:\/\/huaira.org\/medios\/shigradigital\/\" target=\"_blank\" rel=\"noopener\">Shigra digital (Bolso de Seguridad Digital)<\/a> <span style=\"color: #000000;\">(Quichua)<\/span><br \/>\n<a style=\"color: #3366ff;\" href=\"https:\/\/aym.globalvoices.org\/apthapidigital\" target=\"_blank\" rel=\"noopener\">Apthapi Digital<\/a> <span style=\"color: #000000;\">(Aymara)<\/span><\/span><br \/>\n<span style=\"color: #3366ff;\"><a style=\"color: #3366ff;\" href=\"https:\/\/www.traficantes.net\/cultura-libre\" target=\"_blank\" rel=\"noopener\">Traficantes. Cultura libre<\/a><\/span><br \/>\n<a href=\"https:\/\/es.wikipedia.org\/wiki\/Comunidad_del_software_libre\" target=\"_blank\" rel=\"noopener\"><span style=\"color: #3366ff;\">Wikipedia. Comunidad del software libre<\/span><\/a><\/p>\n<p><img loading=\"lazy\" decoding=\"async\" class=\"size-full wp-image-61 aligncenter\" src=\"https:\/\/asimtria.org\/wiskakuayllu\/wp-content\/uploads\/sites\/15\/2020\/11\/portada_ayllu.jpg\" alt=\"\" width=\"600\" height=\"337\" srcset=\"https:\/\/asimtria.org\/wiskakuayllu\/wp-content\/uploads\/sites\/15\/2020\/11\/portada_ayllu.jpg 600w, https:\/\/asimtria.org\/wiskakuayllu\/wp-content\/uploads\/sites\/15\/2020\/11\/portada_ayllu-300x169.jpg 300w\" sizes=\"auto, (max-width: 600px) 100vw, 600px\" \/><\/p>\n<p><em>Arriba en los cerros, en comunidades ocultas en las piedras, viven las vizcachas, en una red de madrigueras bajo la tierra.<\/em><\/p>\n<p><em>En su comunidad viven vizcachas adultas y wawas inquietas que aprenden de ellas. Tienen un territorio del que aprenden todo lo necesario para vivir bien:\u00a0comen ichu, comparten las tareas de construcci\u00f3n y cuidado de las madrigueras, tienen v\u00ednculos y un lenguaje com\u00fan para comunicarse. Conocen los peligros del entorno y se protegen entre ellas cuando salen, comparten las alarmas y\u00a0 aprendizajes, buscando el bienestar del grupo.<\/em><\/p>\n<p><em>Las personas tambi\u00e9n viven en comunidades: tienen v\u00ednculos y un lenguaje com\u00fan, viven con abuelas sabias y con wawas que preguntan y aprenden de ellas, comparten tareas como el cuidado de los cultivos, la construcci\u00f3n de cercos, la limpieza de r\u00edos, se transfieren conocimientos, identifican amenazas y se cuidan mutuamente en circunstancias desfavorables, como en la olla com\u00fan o en las marchas por los derechos, siempre por el bienestar del grupo.<\/em><\/p>\n<p><em>Las personas tienen muchos tipos de comunidades: el pueblo, la escuela o el mundo digital.<\/em><\/p>\n<p><em>Y una comunidad digital es algo muy nuevo: personas que se unen por voluntad a trav\u00e9s de usuarios y comparten Internet como un territorio.<\/em><\/p>\n<p><em>Crean personajes y lugares que antes no exist\u00edan, todo en un mundo que no se toca, que solo est\u00e1 dentro de celulares y computadoras, muy parecido al real, pero a la vez muy diferente.<\/em><\/p>\n<p><em>Cuando usamos Internet somos parte de una comunidad digital: hay personas que saben m\u00e1s y ense\u00f1an a las que reci\u00e9n han llegado, aprenden a cuidarse y ense\u00f1an a otras personas lo que aprenden, por el bienestar de la comunidad.<\/em><\/p>\n","protected":false},"excerpt":{"rendered":"<p>23 noviembre 2020 Hanay urqukunapi, pakasqa ayllukunapi, rumikunapa qipanpi,\u00a0wiskaku yachanku, papa ukupi \u00f1annintin,\u00a0ichutam mikunku, kikinku siminwanmi rimapayanakuspa kuskanchakunku. Ayllunkunapim yachaq machukunawan yachanku, warmakunapas machu taytankunamanta yachakunku. Suyunkunam kapunku, chaymantam tukuy imata yachanku, tukuy ima ayllupa munasqanta, machaykuna ruraypim machaykuna allichaypim yanapanakunku, tukuy ima mana allinkunamantam machaymanta lluqsispa waqaychanakunku, tukuy ima yachasqankutam willanakunku, aswan llapankurayku. Runakunapas &hellip; <a href=\"https:\/\/asimtria.org\/wiskakuayllu\/?page_id=23\" class=\"more-link\">Seguir leyendo <span class=\"screen-reader-text\">Ayllu<\/span> <span class=\"meta-nav\">&rarr;<\/span><\/a><\/p>\n","protected":false},"author":1,"featured_media":0,"parent":0,"menu_order":0,"comment_status":"closed","ping_status":"closed","template":"","meta":{"footnotes":""},"class_list":["post-23","page","type-page","status-publish","hentry"],"_links":{"self":[{"href":"https:\/\/asimtria.org\/wiskakuayllu\/index.php?rest_route=\/wp\/v2\/pages\/23","targetHints":{"allow":["GET"]}}],"collection":[{"href":"https:\/\/asimtria.org\/wiskakuayllu\/index.php?rest_route=\/wp\/v2\/pages"}],"about":[{"href":"https:\/\/asimtria.org\/wiskakuayllu\/index.php?rest_route=\/wp\/v2\/types\/page"}],"author":[{"embeddable":true,"href":"https:\/\/asimtria.org\/wiskakuayllu\/index.php?rest_route=\/wp\/v2\/users\/1"}],"replies":[{"embeddable":true,"href":"https:\/\/asimtria.org\/wiskakuayllu\/index.php?rest_route=%2Fwp%2Fv2%2Fcomments&post=23"}],"version-history":[{"count":22,"href":"https:\/\/asimtria.org\/wiskakuayllu\/index.php?rest_route=\/wp\/v2\/pages\/23\/revisions"}],"predecessor-version":[{"id":202,"href":"https:\/\/asimtria.org\/wiskakuayllu\/index.php?rest_route=\/wp\/v2\/pages\/23\/revisions\/202"}],"wp:attachment":[{"href":"https:\/\/asimtria.org\/wiskakuayllu\/index.php?rest_route=%2Fwp%2Fv2%2Fmedia&parent=23"}],"curies":[{"name":"wp","href":"https:\/\/api.w.org\/{rel}","templated":true}]}}