{"id":88,"date":"2021-01-22T08:25:15","date_gmt":"2021-01-22T07:25:15","guid":{"rendered":"https:\/\/asimtria.org\/transpiksel\/?page_id=88"},"modified":"2021-02-26T03:48:14","modified_gmt":"2021-02-26T02:48:14","slug":"programa","status":"publish","type":"page","link":"https:\/\/asimtria.org\/transpiksel\/?page_id=88","title":{"rendered":"Programa de Conciertos"},"content":{"rendered":"<h3>Transmisiones a trav\u00e9s de:<br \/>\n<a href=\"https:\/\/facebook.com\/TransPiksel\" target=\"_blank\" rel=\"noopener\">https:\/\/facebook.com\/TransPiksel<\/a><br \/>\n<a href=\"https:\/\/www.youtube.com\/asimtria\/\" target=\"_blank\" rel=\"noopener\">https:\/\/www.youtube.com\/asimtria\/<\/a><br \/>\n<a href=\"https:\/\/www.twitch.tv\/pikselfest\" target=\"_blank\" rel=\"noopener\">https:\/\/www.twitch.tv\/pikselfest<\/a><\/h3>\n<p><iframe loading=\"lazy\" width=\"1160\" height=\"653\" src=\"https:\/\/www.youtube.com\/embed\/jjZayZsLeN8?feature=oembed\" frameborder=\"0\" allow=\"accelerometer; autoplay; clipboard-write; encrypted-media; gyroscope; picture-in-picture\" allowfullscreen><\/iframe><\/p>\n<h3 style=\"text-align: center;\"><span style=\"color: #003300;\"><strong>MARTES 09 FEB<\/strong><\/span><\/h3>\n<p style=\"text-align: center;\">19h [MX] | 20h [PE] | 02h (Wed 10) [Es\/No]\n<div class=\"entry-content\">\n<h4 style=\"text-align: center;\">Desde <a href=\"https:\/\/web.facebook.com\/wasicleta\/\" target=\"_blank\" rel=\"noopener\"><strong>Wasicleta<\/strong><\/a>, Cusco [PE]<\/h4>\n<p style=\"text-align: center;\"><a href=\"https:\/\/asimtria.org\/transpiksel\/?p=77\"><strong>Gladys Conde<\/strong><\/a>, en compa\u00f1\u00eda de Omar Vargas [PE]\n<span data-sheets-value=\"{&quot;1&quot;:2,&quot;2&quot;:&quot;Es la interpretaci\u00f3n de mis composiciones. - Ni\u00f1o Verde - Illa Riqchariy - En el silencio de Ukumari - Ojo madre - Unu mamaq nunan&quot;}\" data-sheets-userformat=\"{&quot;2&quot;:513,&quot;3&quot;:{&quot;1&quot;:0},&quot;12&quot;:0}\">&#8211; Ni\u00f1o Verde<br \/>\n&#8211; Illa Riqchariy<br \/>\n&#8211; En el silencio de Ukumari<br \/>\n&#8211; Ojo madre<br \/>\n&#8211; Unu mamaq nunan<\/span><\/p>\n<p style=\"text-align: center;\"><a href=\"https:\/\/asimtria.org\/transpiksel\/?p=96\"><strong><span data-sheets-formula-bar-text-style=\"font-size:13px;color:#000000;font-weight:normal;text-decoration:none;font-family:'Arial';font-style:normal;text-decoration-skip-ink:none;\">Rosa Naid Cruz Tica<\/span><\/strong><\/a> &#8211; Electr\u00f3nica,<strong><span data-sheets-formula-bar-text-style=\"font-size:13px;color:#000000;font-weight:normal;text-decoration:none;font-family:'Arial';font-style:normal;text-decoration-skip-ink:none;\"><br \/>\n<a href=\"https:\/\/asimtria.org\/transpiksel\/?p=96\">Mar\u00eda Luisa Ochoa Justiniani<\/a><\/span><\/strong> &#8211; Improvisaci\u00f3n Cello [PE]\n<span data-sheets-value=\"{&quot;1&quot;:2,&quot;2&quot;:&quot;Vida en el miedo y en la Muerte es una obra para electroac\u00fastica y cello. Durante toda la obra el cello improvisar\u00e1 con pautas dadas para cada momento de la obra, mientras se reproduce la parte electroac\u00fastica.&quot;}\" data-sheets-userformat=\"{&quot;2&quot;:513,&quot;3&quot;:{&quot;1&quot;:0},&quot;12&quot;:0}\">&#8211; Vida en el miedo y en la Muerte<\/span><\/p>\n<p style=\"text-align: center;\"><a href=\"https:\/\/asimtria.org\/transpiksel\/?p=116\"><strong>TAKAU<\/strong><\/a> [PE]\n&#8211; <span data-sheets-value=\"{&quot;1&quot;:2,&quot;2&quot;:&quot;\\&quot;Improvisaci\u00f3n de estados reprimidos de la libertad por la dictadura mundial\\&quot;: I-II-III-IV-V&quot;}\" data-sheets-userformat=\"{&quot;2&quot;:513,&quot;3&quot;:{&quot;1&quot;:0},&quot;12&quot;:0}\">Improvisaci\u00f3n de estados reprimidos de la libertad por la dictadura mundial: I-II-III-IV-V<\/span><\/p>\n<p>&nbsp;<\/p>\n<p><iframe loading=\"lazy\" width=\"1160\" height=\"653\" src=\"https:\/\/www.youtube.com\/embed\/QG_2yt0HTUk?feature=oembed\" frameborder=\"0\" allow=\"accelerometer; autoplay; clipboard-write; encrypted-media; gyroscope; picture-in-picture\" allowfullscreen><\/iframe><\/p>\n<\/div>\n<h3 style=\"text-align: center;\"><span style=\"color: #003300;\"><strong>JUEVES 11 FEB<br \/>\n<\/strong><\/span><\/h3>\n<p style=\"text-align: center;\">19h [MX] | 20h [PE] | 02h (Fri 12) [Es\/No]\n<h4 style=\"text-align: center;\">Desde Arequipa [PE], con la colaboraci\u00f3n de <a href=\"http:\/\/monopelao.pe\/\" target=\"_blank\" rel=\"noopener\"><strong>Monopelao<\/strong><\/a><\/h4>\n<p style=\"text-align: center;\"><a href=\"https:\/\/asimtria.org\/transpiksel\/?p=120\"><strong>r1ffm4nn<\/strong><\/a> [PE]\n<span data-sheets-value=\"{&quot;1&quot;:2,&quot;2&quot;:&quot;fue una mezcla de improvisaci\u00f3n y obras propias (00:00 - 05:20 {impro de m\u00faltiples escenas aleatorias de cine fantasma} 05:20 - 10:50 {bacter\u00eda\/tormenta\/centella} 10:50 - 17:20 {impro_texturas s\u00f3nicas que destruyen el capitalismo interior} 17:20 - 23:36 {todas las nubes ser\u00e1n tuyas_nubladamente}&quot;}\" data-sheets-userformat=\"{&quot;2&quot;:513,&quot;3&quot;:{&quot;1&quot;:0},&quot;12&quot;:0}\">{impro de m\u00faltiples escenas aleatorias de cine fantasma}<br \/>\n{bacter\u00eda\/tormenta\/centella}<br \/>\n{impro_texturas s\u00f3nicas que destruyen el capitalismo interior}<br \/>\n{todas las nubes ser\u00e1n tuyas_nubladamente}<\/span><\/p>\n<p style=\"text-align: center;\"><a href=\"https:\/\/asimtria.org\/transpiksel\/?p=76\"><strong>#DMTh5<\/strong><\/a> [PE]\n<h4 style=\"text-align: center;\">Desde <a href=\"https:\/\/paraderocultural.com\/\" target=\"_blank\" rel=\"noopener\"><strong>El Paradero<\/strong><\/a>, Lima [PE], con la colaboraci\u00f3n de <a href=\"https:\/\/web.facebook.com\/sumaserv\/?_rdc=1&amp;_rdr\" target=\"_blank\" rel=\"noopener\"><strong>Suma<\/strong><\/a><\/h4>\n<p style=\"text-align: center;\"><a href=\"https:\/\/asimtria.org\/transpiksel\/?p=134\"><strong>Gabriel Tanta Chavez<\/strong><\/a> [PE]\n&#8211; <span data-sheets-value=\"{&quot;1&quot;:2,&quot;2&quot;:&quot;Fueron Tres temas, Caos en el campo santo, El cantar de Lucy, crujido&quot;}\" data-sheets-userformat=\"{&quot;2&quot;:513,&quot;3&quot;:{&quot;1&quot;:0},&quot;12&quot;:0}\">Caos en el campo santo<br \/>\n&#8211; El cantar de Lucy<br \/>\n&#8211; Crujido<\/span><\/p>\n<p>&nbsp;<\/p>\n<p><iframe loading=\"lazy\" width=\"1160\" height=\"653\" src=\"https:\/\/www.youtube.com\/embed\/0-uZ0qMnHHY?feature=oembed\" frameborder=\"0\" allow=\"accelerometer; autoplay; clipboard-write; encrypted-media; gyroscope; picture-in-picture\" allowfullscreen><\/iframe><\/p>\n<h3 style=\"text-align: center;\"><span style=\"color: #003300;\"><strong>MARTES 16 FEB<br \/>\n<\/strong><\/span><\/h3>\n<p style=\"text-align: center;\">19h [MX] | 20h [PE] | 02h (Wed 17) [Es\/No]\n<h4 style=\"text-align: center;\">Desde <a href=\"https:\/\/www.cholacontravisual.com\/la-munay-casa\" target=\"_blank\" rel=\"noopener\"><strong>La Munay<\/strong><\/a>, Huancayo [PE]<\/h4>\n<p style=\"text-align: center;\"><a href=\"https:\/\/asimtria.org\/transpiksel\/?p=150\"><strong>Zorzal<\/strong><\/a> [PE]\n<p style=\"text-align: center;\"><a href=\"https:\/\/asimtria.org\/transpiksel\/?p=153\"><strong>Paraedolia Espectral<\/strong><\/a> [PE]\n&#8211; <span data-sheets-value=\"{&quot;1&quot;:2,&quot;2&quot;:&quot;Performance titulada Sonocicleta III.&quot;}\" data-sheets-userformat=\"{&quot;2&quot;:513,&quot;3&quot;:{&quot;1&quot;:0},&quot;12&quot;:0}\">Performance titulada Sonocicleta III.<\/span><\/p>\n<p style=\"text-align: center;\"><a href=\"https:\/\/asimtria.org\/transpiksel\/?p=156\"><strong>JoJoss.exe <\/strong><\/a>[PE]<strong><br \/>\n<\/strong><\/p>\n<p>&nbsp;<\/p>\n<p><iframe loading=\"lazy\" width=\"1160\" height=\"653\" src=\"https:\/\/www.youtube.com\/embed\/fDaZK873E1I?feature=oembed\" frameborder=\"0\" allow=\"accelerometer; autoplay; clipboard-write; encrypted-media; gyroscope; picture-in-picture\" allowfullscreen><\/iframe><\/p>\n<h3 style=\"text-align: center;\"><span style=\"color: #003300;\"><strong>MI\u00c9RCOLES 17 FEB<\/strong><\/span><\/h3>\n<p style=\"text-align: center;\">19h [MX] | 20h [PE] | 02h (Thu 18) [Es\/No]\n<h4 style=\"text-align: center;\">Desde <a href=\"https:\/\/paraderocultural.com\/\" target=\"_blank\" rel=\"noopener\"><strong>El Paradero<\/strong><\/a>, Lima [PE], con la colaboraci\u00f3n de <a href=\"https:\/\/web.facebook.com\/sumaserv\/?_rdc=1&amp;_rdr\" target=\"_blank\" rel=\"noopener\"><strong>Suma<\/strong><\/a><\/h4>\n<p style=\"text-align: center;\"><a href=\"https:\/\/asimtria.org\/transpiksel\/?p=159\"><strong>Enrique Trelles<\/strong><\/a> [PE]\n&#8211;<span data-sheets-value=\"{&quot;1&quot;:2,&quot;2&quot;:&quot;composici\u00f3n\/improvisaci\u00f3n : la obra se titula Hamuq&quot;}\" data-sheets-userformat=\"{&quot;2&quot;:513,&quot;3&quot;:{&quot;1&quot;:0},&quot;12&quot;:0}\">Hamuq<\/span><\/p>\n<p style=\"text-align: center;\"><a href=\"https:\/\/asimtria.org\/transpiksel\/?p=162\"><strong>Karen Chalco<\/strong><\/a> [PE]\n<p style=\"text-align: center;\"><a href=\"https:\/\/asimtria.org\/transpiksel\/?p=165\"><strong>Patricia Saucedo<\/strong><\/a> [PE]\n<p>&nbsp;<\/p>\n<p><iframe loading=\"lazy\" width=\"1160\" height=\"653\" src=\"https:\/\/www.youtube.com\/embed\/x6gh8aLzzc0?feature=oembed\" frameborder=\"0\" allow=\"accelerometer; autoplay; clipboard-write; encrypted-media; gyroscope; picture-in-picture\" allowfullscreen><\/iframe><\/p>\n<h3 style=\"text-align: center;\"><span style=\"color: #003300;\"><strong>JUEVES 18 FEB<\/strong><\/span><\/h3>\n<p style=\"text-align: center;\">19h [MX] | 20h [PE] | 02h (Fri 19) [Es\/No]\n<h4 style=\"text-align: center;\">Desde <a href=\"https:\/\/asimtria.org\/\" target=\"_blank\" rel=\"noopener\"><strong>asimtria.org<\/strong><\/a>, Ayacucho [PE]<\/h4>\n<p style=\"text-align: center;\"><a href=\"https:\/\/asimtria.org\/transpiksel\/?p=279\"><strong>###<\/strong><\/a> [PE]\n<p style=\"text-align: center;\"><a href=\"https:\/\/asimtria.org\/transpiksel\/?p=273\"><strong>Brageiki<\/strong><\/a> [PE]\n<p style=\"text-align: center;\"><strong><a href=\"https:\/\/asimtria.org\/transpiksel\/?p=276\">Hanuna<\/a><\/strong> [PE]\n<span data-sheets-value=\"{&quot;1&quot;:2,&quot;2&quot;:&quot;Live Set - Tracklist: Mala - Sound of the river (Sylvia Falc\u00f3n) Mala - Take Flight Hanuna - ID Ra\u00fal Garc\u00eda Zarate - Adi\u00f3s pueblo de Ayahuasca ORICANTI (LIVE) Tribilin Sound Rework&quot;}\" data-sheets-userformat=\"{&quot;2&quot;:513,&quot;3&quot;:{&quot;1&quot;:0},&quot;12&quot;:0}\">&#8211; Mala &#8211; Sound of the river (Sylvia Falc\u00f3n)<br \/>\n&#8211; Mala &#8211; Take Flight<br \/>\n&#8211; Hanuna &#8211; ID<br \/>\n&#8211; Ra\u00fal Garc\u00eda Zarate &#8211; Adi\u00f3s pueblo de Ayahuasca ORICANTI (LIVE) Tribilin Sound Rework<\/span><\/p>\n<p>&nbsp;<\/p>\n<p><iframe loading=\"lazy\" width=\"1160\" height=\"653\" src=\"https:\/\/www.youtube.com\/embed\/cxIXlZ24rBw?feature=oembed\" frameborder=\"0\" allow=\"accelerometer; autoplay; clipboard-write; encrypted-media; gyroscope; picture-in-picture\" allowfullscreen><\/iframe><\/p>\n<h3 style=\"text-align: center;\"><span style=\"color: #003300;\"><strong>MARTES 23 FEB<\/strong><\/span><\/h3>\n<p style=\"text-align: center;\">19h [MX] | 20h [PE] | 02h (Wed 24) [Es\/No]\n<h4 style=\"text-align: center;\">Desde\u00a0<a href=\"https:\/\/web.facebook.com\/toplap.mx\/\" target=\"_blank\" rel=\"noopener\"><strong>Toplap M\u00e9xico<\/strong><\/a> [MX]<\/h4>\n<p style=\"text-align: center;\"><a href=\"https:\/\/asimtria.org\/transpiksel\/?p=199\"><strong>NUT<\/strong><\/a> [MX]\n<p style=\"text-align: center;\"><a href=\"https:\/\/asimtria.org\/transpiksel\/?p=194\"><strong>Sonidazo La Verga<\/strong><\/a> [MX]\n<span data-sheets-value=\"{&quot;1&quot;:2,&quot;2&quot;:&quot;Interpretaci\u00f3n de dos piezas y una en improvisaci\u00f3n. 1- Radio ondas en la ionosfera 2- Pirujas analfabetas 3. Impro&quot;}\" data-sheets-userformat=\"{&quot;2&quot;:513,&quot;3&quot;:{&quot;1&quot;:0},&quot;12&quot;:0}\">&#8211; Radio ondas en la ionosfera<br \/>\n&#8211; Pirujas analfabetas<br \/>\n&#8211; Improvisaci\u00f3n<\/span><\/p>\n<p style=\"text-align: center;\"><a href=\"https:\/\/asimtria.org\/transpiksel\/?p=196\"><strong>C\u00e9sar Ch + Arrehola<\/strong><\/a> [MX]\n<p>&nbsp;<\/p>\n<p><iframe loading=\"lazy\" width=\"1160\" height=\"653\" src=\"https:\/\/www.youtube.com\/embed\/KqkXXdKuqFk?feature=oembed\" frameborder=\"0\" allow=\"accelerometer; autoplay; clipboard-write; encrypted-media; gyroscope; picture-in-picture\" allowfullscreen><\/iframe><\/p>\n<p><iframe loading=\"lazy\" width=\"1160\" height=\"870\" src=\"https:\/\/www.youtube.com\/embed\/KJEnXd8IJZs?feature=oembed\" frameborder=\"0\" allow=\"accelerometer; autoplay; clipboard-write; encrypted-media; gyroscope; picture-in-picture\" allowfullscreen><\/iframe><\/p>\n<h3 style=\"text-align: center;\"><span style=\"color: #003300;\"><strong>JUEVES 25 FEB<\/strong><\/span><\/h3>\n<p style=\"text-align: center;\">12h [MX] | 13h [PE] | 19h [Es\/No]\n<h4 style=\"text-align: center;\">Desde Madrid [ES] y Bergen [NO], en colaboraci\u00f3n con <a href=\"http:\/\/villtank.com\/\" target=\"_blank\" rel=\"noopener\"><strong>Villtank<\/strong><\/a> y <a href=\"https:\/\/piksel.no\/\" target=\"_blank\" rel=\"noopener\"><strong>Piksel<\/strong><\/a><\/h4>\n<p style=\"text-align: center;\"><a href=\"https:\/\/asimtria.org\/transpiksel\/?p=187\"><strong>Guillem Bayo<\/strong><\/a> + <a href=\"https:\/\/asimtria.org\/transpiksel\/?p=289\"><strong>Me-Lenna (Luis Gonz\u00e1lez)<\/strong><\/a> [ES]\n<p style=\"text-align: center;\"><strong><a href=\"https:\/\/asimtria.org\/transpiksel\/?p=287\">Agn\u00e8s pe<\/a><\/strong> [ES]\n&#8211; <span style=\"font-family: Liberation Serif, serif;\"><span style=\"font-family: Helvetica Neue, serif;\">SNUFF!<\/span><\/span><\/p>\n<p style=\"text-align: center;\"><strong>NSA <\/strong>[<a href=\"https:\/\/asimtria.org\/transpiksel\/?p=291\"><strong>Maite Cajaraville<\/strong><\/a> + <a href=\"https:\/\/asimtria.org\/transpiksel\/?p=293\"><strong>Gisle Fr\u00f8ysland<\/strong><\/a>] [ES\/NO]\n<p style=\"text-align: center;\"><a href=\"https:\/\/asimtria.org\/transpiksel\/?p=385\"><strong>David Brown<\/strong><\/a> [Gisle Fr\u00f8ysland + Anders Gogstad] [NO]\n","protected":false},"excerpt":{"rendered":"<p>Transmisiones a trav\u00e9s de: https:\/\/facebook.com\/TransPiksel https:\/\/www.youtube.com\/asimtria\/ https:\/\/www.twitch.tv\/pikselfest MARTES 09 FEB 19h [MX] | 20h [PE] | 02h (Wed 10) [Es\/No] Desde Wasicleta, Cusco [PE] Gladys Conde, en compa\u00f1\u00eda de Omar Vargas [PE] &#8211; Ni\u00f1o Verde &#8211; Illa Riqchariy &#8211; En el silencio de Ukumari &#8211; Ojo madre &#8211; Unu mamaq nunan Rosa Naid Cruz Tica [&hellip;]<\/p>\n","protected":false},"author":1,"featured_media":0,"parent":0,"menu_order":0,"comment_status":"closed","ping_status":"closed","template":"","meta":{"footnotes":""},"class_list":["post-88","page","type-page","status-publish","hentry"],"_links":{"self":[{"href":"https:\/\/asimtria.org\/transpiksel\/index.php?rest_route=\/wp\/v2\/pages\/88","targetHints":{"allow":["GET"]}}],"collection":[{"href":"https:\/\/asimtria.org\/transpiksel\/index.php?rest_route=\/wp\/v2\/pages"}],"about":[{"href":"https:\/\/asimtria.org\/transpiksel\/index.php?rest_route=\/wp\/v2\/types\/page"}],"author":[{"embeddable":true,"href":"https:\/\/asimtria.org\/transpiksel\/index.php?rest_route=\/wp\/v2\/users\/1"}],"replies":[{"embeddable":true,"href":"https:\/\/asimtria.org\/transpiksel\/index.php?rest_route=%2Fwp%2Fv2%2Fcomments&post=88"}],"version-history":[{"count":39,"href":"https:\/\/asimtria.org\/transpiksel\/index.php?rest_route=\/wp\/v2\/pages\/88\/revisions"}],"predecessor-version":[{"id":440,"href":"https:\/\/asimtria.org\/transpiksel\/index.php?rest_route=\/wp\/v2\/pages\/88\/revisions\/440"}],"wp:attachment":[{"href":"https:\/\/asimtria.org\/transpiksel\/index.php?rest_route=%2Fwp%2Fv2%2Fmedia&parent=88"}],"curies":[{"name":"wp","href":"https:\/\/api.w.org\/{rel}","templated":true}]}}