{"id":2,"date":"2021-01-13T18:38:42","date_gmt":"2021-01-13T17:38:42","guid":{"rendered":"http:\/\/asimtria.org\/transpiksel\/?page_id=2"},"modified":"2022-06-22T19:02:49","modified_gmt":"2022-06-22T17:02:49","slug":"pagina-ejemplo","status":"publish","type":"page","link":"https:\/\/asimtria.org\/transpiksel\/","title":{"rendered":"Laboratorios sobre arte electr\u00f3nico y cultura digital en Abya Yala"},"content":{"rendered":"<p><iframe loading=\"lazy\" title=\"Paray mitapim Transpikselniqa\" width=\"1160\" height=\"653\" src=\"https:\/\/www.youtube.com\/embed\/UTfCoxNk7Wg?feature=oembed\" frameborder=\"0\" allow=\"accelerometer; autoplay; clipboard-write; encrypted-media; gyroscope; picture-in-picture\" allowfullscreen><\/iframe><\/p>\n<h4><\/h4>\n<h4 style=\"text-align: center;\"><strong><span style=\"color: #003300;\">Paray mitapim Transpikselniqa<\/span><br \/>\n<\/strong><span style=\"color: #000000;\">Transpiksel en el verano austral<\/span><\/h4>\n<p>Transpiksel es una red de organizaciones con inter\u00e9s en la investigaci\u00f3n y desarrollo desde el arte, la ciencia y la tecnolog\u00eda abiertas, que act\u00faan en territorios de Espa\u00f1a, M\u00e9xico, Noruega y Per\u00fa, y quienes junto a otras instituciones y colectivos locales proponen anualmente un festival itinerante, sucedido desde el a\u00f1o 2016 en Colombia, Chile, Ecuador, M\u00e9xico, Per\u00fa y Rep\u00fablica Dominicana.<\/p>\n<p>Este a\u00f1o propone una edici\u00f3n especial durante el verano austral, que presenta transmisiones de conciertos y performances audiovisuales desde Per\u00fa, Espa\u00f1a, Noruega y M\u00e9xico, un programa de talleres virtuales y un espacio que re\u00fane obras en VR y 3D y una selecci\u00f3n de Piksel Quarantine.<\/p>\n<h3 style=\"text-align: center;\"><span style=\"color: #003300;\"><strong>8 \u2013 26 febrero 2021<\/strong><\/span><\/h3>\n<p><img loading=\"lazy\" decoding=\"async\" class=\"alignnone size-full wp-image-477\" src=\"https:\/\/asimtria.org\/transpiksel\/wp-content\/uploads\/sites\/16\/2021\/03\/logosentranspikselwebbann.jpg\" alt=\"\" width=\"1000\" height=\"528\" srcset=\"https:\/\/asimtria.org\/transpiksel\/wp-content\/uploads\/sites\/16\/2021\/03\/logosentranspikselwebbann.jpg 1000w, https:\/\/asimtria.org\/transpiksel\/wp-content\/uploads\/sites\/16\/2021\/03\/logosentranspikselwebbann-300x158.jpg 300w, https:\/\/asimtria.org\/transpiksel\/wp-content\/uploads\/sites\/16\/2021\/03\/logosentranspikselwebbann-768x406.jpg 768w, https:\/\/asimtria.org\/transpiksel\/wp-content\/uploads\/sites\/16\/2021\/03\/logosentranspikselwebbann-820x433.jpg 820w\" sizes=\"auto, (max-width: 1000px) 100vw, 1000px\" \/><\/p>\n<h3 style=\"text-align: center;\"><span style=\"color: #003300;\"><strong>Paray mitapi Transpikselniqapa Ayllum<\/strong><\/span><\/h3>\n<p style=\"text-align: center;\"><strong>Direcci\u00f3n y Co-curadur\u00eda<br \/>\n<\/strong><\/p>\n<p style=\"text-align: center;\">Marco Valdivia<\/p>\n<p style=\"text-align: center;\"><strong>Producci\u00f3n y co-curadur\u00eda<\/strong><\/p>\n<p style=\"text-align: center;\">Gisle Froysland<br \/>\nMaite Cajaraville<br \/>\nMalitzin Cortes<\/p>\n<p style=\"text-align: center;\"><strong>Producci\u00f3n<\/strong><\/p>\n<p style=\"text-align: center;\">Alexa Di\u00e9guez<br \/>\nMilagros Saldarriaga<\/p>\n<p style=\"text-align: center;\"><strong>Soporte en Transmisiones<\/strong><br \/>\nTommy Juvik<\/p>\n<p style=\"text-align: center;\"><strong>Dise\u00f1o e Identidad gr\u00e1fica<\/strong><br \/>\nAlessandra Aranibar<\/p>\n<p style=\"text-align: center;\"><strong>Fotograf\u00eda<\/strong><br \/>\nJaiflor Arag\u00f3n<br \/>\nNatalia Martinez Borja<br \/>\nSamantha Gamboa<br \/>\nGiovana Garc\u00eda<br \/>\nWendy D. Araujo<\/p>\n<p style=\"text-align: center;\"><strong>Agradecimientos especiales:<\/strong><br \/>\nGerita<br \/>\nNinal\u00fa<br \/>\nHenri Quispe<br \/>\nEnrique Trelles<br \/>\nChicho<\/p>\n","protected":false},"excerpt":{"rendered":"<p>Paray mitapim Transpikselniqa Transpiksel en el verano austral Transpiksel es una red de organizaciones con inter\u00e9s en la investigaci\u00f3n y desarrollo desde el arte, la ciencia y la tecnolog\u00eda abiertas, que act\u00faan en territorios de Espa\u00f1a, M\u00e9xico, Noruega y Per\u00fa, y quienes junto a otras instituciones y colectivos locales proponen anualmente un festival itinerante, sucedido [&hellip;]<\/p>\n","protected":false},"author":1,"featured_media":0,"parent":0,"menu_order":0,"comment_status":"closed","ping_status":"open","template":"","meta":{"footnotes":""},"class_list":["post-2","page","type-page","status-publish","hentry"],"_links":{"self":[{"href":"https:\/\/asimtria.org\/transpiksel\/index.php?rest_route=\/wp\/v2\/pages\/2","targetHints":{"allow":["GET"]}}],"collection":[{"href":"https:\/\/asimtria.org\/transpiksel\/index.php?rest_route=\/wp\/v2\/pages"}],"about":[{"href":"https:\/\/asimtria.org\/transpiksel\/index.php?rest_route=\/wp\/v2\/types\/page"}],"author":[{"embeddable":true,"href":"https:\/\/asimtria.org\/transpiksel\/index.php?rest_route=\/wp\/v2\/users\/1"}],"replies":[{"embeddable":true,"href":"https:\/\/asimtria.org\/transpiksel\/index.php?rest_route=%2Fwp%2Fv2%2Fcomments&post=2"}],"version-history":[{"count":13,"href":"https:\/\/asimtria.org\/transpiksel\/index.php?rest_route=\/wp\/v2\/pages\/2\/revisions"}],"predecessor-version":[{"id":507,"href":"https:\/\/asimtria.org\/transpiksel\/index.php?rest_route=\/wp\/v2\/pages\/2\/revisions\/507"}],"wp:attachment":[{"href":"https:\/\/asimtria.org\/transpiksel\/index.php?rest_route=%2Fwp%2Fv2%2Fmedia&parent=2"}],"curies":[{"name":"wp","href":"https:\/\/api.w.org\/{rel}","templated":true}]}}