{"id":74,"date":"2016-08-30T01:44:20","date_gmt":"2016-08-30T01:44:20","guid":{"rendered":"http:\/\/asimtria.org\/reudo\/?page_id=74"},"modified":"2018-05-04T23:09:08","modified_gmt":"2018-05-04T23:09:08","slug":"programa","status":"publish","type":"page","link":"https:\/\/asimtria.org\/reudo\/?page_id=74","title":{"rendered":"Programa REUDO 16 | 27 &#8211; 30 Septiembre 2016"},"content":{"rendered":"<p><strong>Todas las actividades son de Ingreso Libre<\/strong><\/p>\n<h3>MARTES 27<\/h3>\n<h6><a href=\"http:\/\/www.museodeantioquia.co\/\" target=\"_blank\" rel=\"noopener\">Museo de Antioquia<\/a><\/h6>\n<p>Auditorio de Casa del Encuentro<br \/>\nCarrera 52 #52-43<\/p>\n<h4><strong>Concierto de Apertura<\/strong><br \/>\n18:00<\/h4>\n<h5 style=\"text-align: justify;\"><a href=\"http:\/\/asimtria.org\/reudo\/?p=120\" target=\"_blank\" rel=\"noopener\">Colectivo Ruido<\/a>\u00a0(Co)<\/h5>\n<p style=\"text-align: justify;\">Tras una investigaci\u00f3n en Barranquilla, se proyectan im\u00e1genes mientras se realizan \u00a0lecturas de poes\u00eda de la ciudad adecuadas a la sesi\u00f3n sonora, que incluye sintetizadores an\u00e1logos y digitales en dos canales, sonidos de instrumentos no convencionales y paisajes sonoros.<\/p>\n<h5 style=\"text-align: justify;\"><a href=\"http:\/\/asimtria.org\/reudo\/?p=90\" target=\"_blank\" rel=\"noopener\">Madame Blavatsky<\/a>\u00a0(CO)<\/h5>\n<p style=\"text-align: justify;\">Investigaci\u00f3n, apropiaci\u00f3n e intervenci\u00f3n de\u00a0archivos visuales y sonoros para \u00a0la creaci\u00f3n\u00a0experimental.<\/p>\n<h5 style=\"text-align: justify;\"><a href=\"http:\/\/asimtria.org\/reudo\/?p=67\" target=\"_blank\" rel=\"noopener\">Gallina Negra<\/a>\u00a0(CO)<\/h5>\n<p style=\"text-align: justify;\">Basura, enfocada en las construcciones y el atractivo por la destrucci\u00f3n a gran escala, acompa\u00f1ada de juguetes, creaciones con reciclaje electr\u00f3nico y bajo.<\/p>\n<h5>Irreversiblemente<br \/>\n<a href=\"http:\/\/asimtria.org\/reudo\/?p=48\" target=\"_blank\" rel=\"noopener\">Renzo Filinich<\/a>\u00a0(CH)<\/h5>\n<p>Performance audiovisual.<\/p>\n<p>&nbsp;<\/p>\n<h3>MI\u00c9RCOLES 28<\/h3>\n<h6><a href=\"http:\/\/www.parqueexplora.org\/colaboratorio\/\" target=\"_blank\" rel=\"noopener\">Parque Explora<\/a><\/h6>\n<p>Lab sala Abierta<br \/>\nCarrera 52 #73 &#8211; 75<\/p>\n<h4><strong>Taller<\/strong><br \/>\n15:00<\/h4>\n<h5 style=\"text-align: justify;\">Circuit Bending para teclados<br \/>\n<a href=\"http:\/\/asimtria.org\/reudo\/?p=79\" target=\"_blank\" rel=\"noopener\">PordioZero<\/a>\u00a0(CO)<\/h5>\n<p style=\"text-align: justify;\">El objetivo es dotar a lxs asistentes de las herramientas necesarias para la manipulaci\u00f3n de la board de un teclado peque\u00f1o tipo casio mt, SA o similares. A trav\u00e9s de esta intervenci\u00f3n tendr\u00e1n la posibilidad de explorar sonidos de una manera \u00fanica.<br \/>\nSe har\u00e1 exploraci\u00f3n f\u00edsica, adaptaci\u00f3n de potenci\u00f3metros, condensadores, switchs, resistencias y otros a la board del teclado.<br \/>\nNo es necesario tener conocimientos musicales previos, pero si buena disposici\u00f3n e inquietudes creativas y musicales.<\/p>\n<h5 style=\"text-align: justify;\"><a href=\"http:\/\/goo.gl\/UynI6q\">Inscripciones<\/a><\/h5>\n<p>&nbsp;<\/p>\n<h3>JUEVES 29<\/h3>\n<h6><a href=\"http:\/\/elmamm.org\/\" target=\"_blank\" rel=\"noopener\">Museo de Arte Moderno de Medell\u00edn<\/a><\/h6>\n<p>5to piso<br \/>\nCarrera 44 #19A-100 |\u00a0Ciudad del R\u00edo<\/p>\n<h4 style=\"text-align: justify;\"><strong>Mesas de Investigaciones<\/strong><br \/>\n16:00<\/h4>\n<h5 style=\"text-align: justify;\">Apropiaci\u00f3n de tecnolog\u00edas en el Circuit Bending en Colombia<br \/>\n<a href=\"http:\/\/asimtria.org\/reudo\/?p=77\" target=\"_blank\" rel=\"noopener\">Francisco Thaine<\/a>\u00a0(CO)<\/h5>\n<p style=\"text-align: justify;\">La investigaci\u00f3n se centra en las relaciones entre cultura y tecnolog\u00eda, y c\u00f3mo el bending propone un modo de relaci\u00f3n alternativo entre el usuario y el artefacto a trav\u00e9s de la apertura y la maleabilidad del objeto.<\/p>\n<h4>17:00<\/h4>\n<h5>La M\u00fasica como Ruido\/ Ruido como M\u00fasica<br \/>\n<a href=\"http:\/\/asimtria.org\/reudo\/?p=48\" target=\"_blank\" rel=\"noopener\">Renzo Filinich<\/a>\u00a0(CH)<\/h5>\n<p><span data-sheets-value=\"{&quot;1&quot;:2,&quot;2&quot;:&quot;El ruido como composicion&quot;}\" data-sheets-userformat=\"{&quot;2&quot;:771,&quot;3&quot;:{&quot;1&quot;:0},&quot;4&quot;:{&quot;1&quot;:2,&quot;2&quot;:14281427},&quot;11&quot;:4,&quot;12&quot;:0}\">Apuntes sobre el uso de \u00abruido\u00bb como material para la composici\u00f3n.<\/span><\/p>\n<h4 style=\"text-align: justify;\"><strong>Concierto<\/strong><br \/>\n18:00<\/h4>\n<h5 style=\"text-align: justify;\"><a href=\"http:\/\/asimtria.org\/reudo\/?p=88\" target=\"_blank\" rel=\"noopener\">Jaquer Noise<\/a>\u00a0(CO)<\/h5>\n<p style=\"text-align: justify;\">Cultura libre y open hardware, apuestan por la generaci\u00f3n de sonidos desorbitados, interestelares, experimentales, estridentes y compartidos. Sonidos generados por dispositivos basados en circuitos <i>hazlo t\u00fa mismo <\/i>y creando hardwares con\u00a0 objetos reciclados.<\/p>\n<h5><a href=\"http:\/\/asimtria.org\/reudo\/?p=79\" target=\"_blank\" rel=\"noopener\">PordioZero<\/a>\u00a0(CO)<\/h5>\n<p>M\u00fasica experimental, noise industrial, electr\u00f3nica.<\/p>\n<h5><a href=\"http:\/\/asimtria.org\/reudo\/?p=86\">LogarDecay<\/a>\u00a0(MX)<\/h5>\n<p>&nbsp;<\/p>\n<h3>VIERNES 30<\/h3>\n<h6><a href=\"http:\/\/platohedro.org\/\" target=\"_blank\" rel=\"noopener\">Platohedro<\/a><\/h6>\n<p>Calle 49A #39-93 | Buenos Aires<\/p>\n<h4 style=\"text-align: justify;\"><strong>Taller<\/strong><br \/>\n15:00<\/h4>\n<h5 style=\"text-align: justify;\">Ventajas de la programaci\u00f3n para la m\u00fasica<br \/>\n<a href=\"http:\/\/asimtria.org\/reudo\/?p=95\" target=\"_blank\" rel=\"noopener\">Algo 0 ritmos<\/a>\u00a0(CO)<\/h5>\n<p style=\"text-align: justify;\">Los asistentes podr\u00e1n escribir c\u00f3digo colaborativo a trav\u00e9s de sus tel\u00e9fonos celulares o cualquier dispositivo con acceso a internet y producir una pieza musical sin necesidad de instalaciones extras.<\/p>\n<h4><strong>CONVERSACION<br \/>\n<\/strong>16:30<\/h4>\n<h5>Experiencias desde el Ruido<br \/>\n<a href=\"http:\/\/asimtria.org\/reudo\/?p=86\" target=\"_blank\" rel=\"noopener\">Leslie Garcia + Paloma L\u00f3pez<\/a>\u00a0(MX) + <a href=\"http:\/\/asimtria.org\/reudo\/?p=67\" target=\"_blank\" rel=\"noopener\">Viviana Ramirez + Fal\u00f3n Ca\u00f1on<\/a>\u00a0(CO)<\/h5>\n<p>El trabajo de conjugar y articular tecnolog\u00eda y expresi\u00f3n, v\u00ednculadas a una pr\u00e1ctica donde se empoderan las cuestiones de g\u00e9nero, procedencia, actitud y apertura.<\/p>\n<h6><strong>Concierto de cierre<\/strong><br \/>\n18:00<\/h6>\n<h5><a href=\"http:\/\/asimtria.org\/reudo\/?p=95\" target=\"_blank\" rel=\"noopener\">Algo 0 ritmos<\/a>\u00a0(CO)<\/h5>\n<p>Tres livecoders y un Vj interactuan en tiempo real con solo herramientas de c\u00f3digo textual.<\/p>\n<h5><a href=\"http:\/\/asimtria.org\/reudo\/?p=93\" target=\"_blank\" rel=\"noopener\">Camilo Cantor<\/a>\u00a0(co)<\/h5>\n<p>Paisajes sonoros, ruidos mezclados, conversaciones paralelas y desprevenidas, latitudes cruzadas, encuentros ef\u00edmeros, ondas infinitas, viajes incrustados en la memoria, atentados oyeristas, conversaciones, silencios.<\/p>\n<h5><a href=\"http:\/\/asimtria.org\/reudo\/?p=82\" target=\"_blank\" rel=\"noopener\">Hamilton Mestizo<\/a>\u00a0(co)<\/h5>\n<p style=\"text-align: justify;\">Se presentar\u00e1n una serie de sonidos captados en diversas partes, momentos y acontecimientos\u00a0generando una atm\u00f3sfera que no es m\u00e1s que un viaje simulado\u00a0con\u00a0ruidos del mundo.<\/p>\n<h5><a href=\"http:\/\/asimtria.org\/reudo\/?p=65\" target=\"_blank\" rel=\"noopener\">Truckman<\/a>\u00a0(co) +\u00a0<a href=\"http:\/\/asimtria.org\/reudo\/?p=97\" target=\"_blank\" rel=\"noopener\">###<\/a>\u00a0(PE)<\/h5>\n<p><a href=\"http:\/\/asimtria.org\/reudo\/?p=97\" target=\"_blank\" rel=\"noopener\">I<\/a>mprovisaci\u00f3n colectiva con gusto pa&#8217; las que sea y para hacer la podrida ruidista.<\/p>\n<p>&nbsp;<\/p>\n<h4>Transmisiones por <a href=\"http:\/\/radiolibre.co\/\" target=\"_blank\" rel=\"noopener\">RadioLibre<\/a><\/h4>\n<p>Martes 27 desde las 18:00<br \/>\nJueves 29 desde las 16:00<br \/>\nViernes 30 desde las 15:00<\/p>\n<p>&nbsp;<\/p>\n<h4><a href=\"https:\/\/www.facebook.com\/events\/1687960254865279\/\" target=\"_blank\" rel=\"noopener\">Evento en FB<\/a><\/h4>\n","protected":false},"excerpt":{"rendered":"<p>Todas las actividades son de Ingreso Libre MARTES 27 Museo de Antioquia Auditorio de Casa del Encuentro Carrera 52 #52-43 Concierto de Apertura 18:00 Colectivo Ruido\u00a0(Co) Tras una investigaci\u00f3n en Barranquilla, se proyectan im\u00e1genes mientras se realizan \u00a0lecturas de poes\u00eda de la ciudad adecuadas a la sesi\u00f3n sonora, que incluye sintetizadores an\u00e1logos y digitales en &#8230;<\/p>\n","protected":false},"author":1,"featured_media":0,"parent":0,"menu_order":0,"comment_status":"closed","ping_status":"closed","template":"","meta":{"footnotes":""},"class_list":["post-74","page","type-page","status-publish","hentry"],"_links":{"self":[{"href":"https:\/\/asimtria.org\/reudo\/index.php?rest_route=\/wp\/v2\/pages\/74","targetHints":{"allow":["GET"]}}],"collection":[{"href":"https:\/\/asimtria.org\/reudo\/index.php?rest_route=\/wp\/v2\/pages"}],"about":[{"href":"https:\/\/asimtria.org\/reudo\/index.php?rest_route=\/wp\/v2\/types\/page"}],"author":[{"embeddable":true,"href":"https:\/\/asimtria.org\/reudo\/index.php?rest_route=\/wp\/v2\/users\/1"}],"replies":[{"embeddable":true,"href":"https:\/\/asimtria.org\/reudo\/index.php?rest_route=%2Fwp%2Fv2%2Fcomments&post=74"}],"version-history":[{"count":29,"href":"https:\/\/asimtria.org\/reudo\/index.php?rest_route=\/wp\/v2\/pages\/74\/revisions"}],"predecessor-version":[{"id":272,"href":"https:\/\/asimtria.org\/reudo\/index.php?rest_route=\/wp\/v2\/pages\/74\/revisions\/272"}],"wp:attachment":[{"href":"https:\/\/asimtria.org\/reudo\/index.php?rest_route=%2Fwp%2Fv2%2Fmedia&parent=74"}],"curies":[{"name":"wp","href":"https:\/\/api.w.org\/{rel}","templated":true}]}}