{"id":508,"date":"2020-06-24T02:55:06","date_gmt":"2020-06-24T02:55:06","guid":{"rendered":"http:\/\/asimtria.org\/reudo\/?page_id=508"},"modified":"2025-11-29T00:54:29","modified_gmt":"2025-11-29T00:54:29","slug":"registros-2","status":"publish","type":"page","link":"https:\/\/asimtria.org\/reudo\/?page_id=508","title":{"rendered":"Registros 2020"},"content":{"rendered":"<p><span id=\"fbPhotoSnowliftCaption\" class=\"fbPhotosPhotoCaption\" tabindex=\"0\" aria-live=\"polite\" data-ft=\"{&quot;tn&quot;:&quot;K&quot;}\"><span class=\"hasCaption\">[Publicaci\u00f3n]\nEscucha y visionado de la compilaci\u00f3n de la convocatoria del Encuentro<br \/>\n<strong>Inaudible<\/strong><\/span><\/span><\/p>\n<p>01 Silent &#8211; Luxsie Subterr\u00e1nea (Lima)<br \/>\n02 3561 &#8211; M O L a M O L (Tlaxcala)<br \/>\n03 #unknown_9 &#8211; Jorge I\u00f1aki Carmona y Julian Perez Huerta (CDMX)<br \/>\n04 3 en 10 &#8211; Falso Conejo (Carla Abiles &amp; Gustavo Obligado) (Buenos Aires)<br \/>\n05 Coitlehua &#8211; Daniel Bravo Jim\u00e9nez (Tlaxcala)<br \/>\n06 Ctrl Z &#8211; Felisida (Arequipa)<br \/>\n07 e n t r a R &#8211; Silvia Angles (Rio Tercero)<br \/>\n08 Excesivo significado &#8211; \u00c1rbol y Micaela Yenobi (Lima)<br \/>\n09 Maquinal &#8211; Alejandro Brianza (Buenos Aires)<br \/>\n10 Muletilla &#8211; El Perro Sordo (Bogot\u00e1)<br \/>\n11 Oscuro &#8211; Mar\u00eda Paula Jaramillo (Caldas)<br \/>\n12 ParaRuido &#8211; Marcelo Mellado (Lima)<\/p>\n<p><a href=\"http:\/\/asimtria.org\/netlabel\/?p=529\" target=\"_blank\" rel=\"noopener\">DESCARGA<\/a><\/p>\n<p><iframe loading=\"lazy\" title=\"Inaudible | Compilaci\u00f3n REUDO 20\" width=\"700\" height=\"394\" src=\"https:\/\/www.youtube.com\/embed\/Yfw9WXy6bYQ?feature=oembed\" frameborder=\"0\" allow=\"accelerometer; autoplay; clipboard-write; encrypted-media; gyroscope; picture-in-picture; web-share\" referrerpolicy=\"strict-origin-when-cross-origin\" allowfullscreen><\/iframe><\/p>\n<hr \/>\n[Video concierto]\nIvan Abreu (Cu\/Mx)<br \/>\nVermillion (Ve\/Ar)<br \/>\nCNDSD (Mx)<\/p>\n<p><em>Ruido es lo que esta fuera del pensar normal, es una posibilidad de expandir los horizontes sensoriales.<\/em><\/p>\n<p><iframe loading=\"lazy\" title=\"REUDO 20 | Ivan Abreu_Vermillion_CNDSD\" width=\"700\" height=\"394\" src=\"https:\/\/www.youtube.com\/embed\/g_SBnWb5Kac?feature=oembed\" frameborder=\"0\" allow=\"accelerometer; autoplay; clipboard-write; encrypted-media; gyroscope; picture-in-picture; web-share\" referrerpolicy=\"strict-origin-when-cross-origin\" allowfullscreen><\/iframe><\/p>\n<hr \/>\n[Conversaci\u00f3n]\nRedes y Colaboraci\u00f3n<br \/>\nCeleste Betancur (Co)<br \/>\nChristian Oyarzun (Cl)<br \/>\nJos\u00e9 Luis J\u00e1come (Ec)<br \/>\nSebasti\u00e1n Tapia (Cl)<br \/>\nMauricio Moquillaza (Pe)<\/p>\n<p><em>La escucha de nuestros propios sonidos, amplificados en el entorno.<\/em><\/p>\n<p><iframe loading=\"lazy\" title=\"REUDO 20 | Redes y Colaboraci\u00f3n\" width=\"700\" height=\"394\" src=\"https:\/\/www.youtube.com\/embed\/iJ_OqoFE92w?feature=oembed\" frameborder=\"0\" allow=\"accelerometer; autoplay; clipboard-write; encrypted-media; gyroscope; picture-in-picture; web-share\" referrerpolicy=\"strict-origin-when-cross-origin\" allowfullscreen><\/iframe><\/p>\n<hr \/>\n[Video concierto]\nVer\u00f3nica Luyo &amp; \u00c1lvaro Icaza (Pe)<br \/>\nJucsay (Pe)<br \/>\nR1ffm4nn (Pe)<br \/>\nElpueblodechina (Cl)<\/p>\n<p><em><span class=\"style-scope yt-formatted-string\" dir=\"auto\">Libertad de creaci\u00f3n y acci\u00f3n pol\u00edtica a trav\u00e9s de la m\u00fasica.<\/span><\/em><\/p>\n<p><iframe loading=\"lazy\" title=\"REUDO 20 | Video concierto: Veronica Luyo &amp; Alvaro Icaza_Jucsay_R1ffm44n_Elpueblodechina\" width=\"700\" height=\"394\" src=\"https:\/\/www.youtube.com\/embed\/BN_xBwJyh_I?feature=oembed\" frameborder=\"0\" allow=\"accelerometer; autoplay; clipboard-write; encrypted-media; gyroscope; picture-in-picture; web-share\" referrerpolicy=\"strict-origin-when-cross-origin\" allowfullscreen><\/iframe><\/p>\n<hr \/>\n[Conversaci\u00f3n]\nAprendizaje, formaci\u00f3n y transferencia de conocimientos y experiencias.<br \/>\nCircuito Sonoro Laboratorio (Co)<br \/>\nMarianne Teixido &amp; Emilio Ocelotl (Mx)<br \/>\nAndr\u00e9s Morales y Susana Chau \u2013 Todalateor\u00edadeluniverso (Cl)<br \/>\nIvan Abreu (Cu\/Mx)<br \/>\nMalitzin Cortes (Mx)<\/p>\n<p><em><span class=\"style-scope yt-formatted-string\" dir=\"auto\">La energ\u00eda para realizar lo que se tiene que realizar para manifestar algo nuevo.<\/span><\/em><\/p>\n<p><iframe loading=\"lazy\" title=\"REUDO 20 | Aprendizaje, formaci\u00f3n y transferencia de conocimientos y experiencias\" width=\"700\" height=\"394\" src=\"https:\/\/www.youtube.com\/embed\/hdAWuzyeXl8?feature=oembed\" frameborder=\"0\" allow=\"accelerometer; autoplay; clipboard-write; encrypted-media; gyroscope; picture-in-picture; web-share\" referrerpolicy=\"strict-origin-when-cross-origin\" allowfullscreen><\/iframe><\/p>\n<hr \/>\n[Video concierto]\nC0d3 P03try (Ar)<br \/>\nUtop\u00eda Bucanera (Cl)<br \/>\nMarianne Teixido &amp; Emilio Ocelotl (Mx)<br \/>\nPordioZero Qu\u00e9date en casa sin techo (Co)<\/p>\n<p><em><span class=\"style-scope yt-formatted-string\" dir=\"auto\">El escuchar como pr\u00e1ctica del ruido, la primera forma de expresi\u00f3n. La esencia del sonido.<\/span><\/em><\/p>\n<p><iframe loading=\"lazy\" title=\"REUDO 20 | Video Concierto: C0d3 P03try_Utop\u00eda Bucanera_Marianne Teixido &amp; Emilio Ocelotl_PordioZero\" width=\"700\" height=\"394\" src=\"https:\/\/www.youtube.com\/embed\/6GslFBOjp9k?feature=oembed\" frameborder=\"0\" allow=\"accelerometer; autoplay; clipboard-write; encrypted-media; gyroscope; picture-in-picture; web-share\" referrerpolicy=\"strict-origin-when-cross-origin\" allowfullscreen><\/iframe><\/p>\n<hr \/>\n[Video concierto]\n\u021aA\u04a0A\u040f (Pe)<br \/>\nWamani (Pe\/Ar\/Cl)<br \/>\nvoodoochild\/ : !fUN4m3: 003: Small Town Boy (Cl)<\/p>\n<p><em>Una puerta hacia lo desconocido, lo no esperado que ocurra. Una forma de comunicaci\u00f3n donde estamos recibiendo mensajes, capt\u00e1ndolos con la escucha muy atenta de lo que la otra esta haciendo, para responder o sumar.<\/em><\/p>\n<p><iframe loading=\"lazy\" title=\"REUDO 20 | Video concierto: \u021aA\u04a0A\u040f + Wamani + voodoochild\" width=\"700\" height=\"394\" src=\"https:\/\/www.youtube.com\/embed\/LvuQ1Xc-V5k?feature=oembed\" frameborder=\"0\" allow=\"accelerometer; autoplay; clipboard-write; encrypted-media; gyroscope; picture-in-picture; web-share\" referrerpolicy=\"strict-origin-when-cross-origin\" allowfullscreen><\/iframe><\/p>\n<hr \/>\n[Video concierto]\nCeleste Betancur (Co)<br \/>\nXX Construcciones Nokturnas (Cl)<br \/>\nDMTh5 Cruces (Pe)<br \/>\nFuncionario P\u00fablico (Cl)<\/p>\n<p><em>Entrop\u00eda con mucho talento. Horizontalidad rizom\u00e1tica frente a la verticalidad jer\u00e1rquica de la m\u00fasica.<\/em><\/p>\n<p><iframe loading=\"lazy\" title=\"REUDO 20 | Video Concierto: Celeste Betancur + XX + DMTh5 + Funcionario P\u00fablico\" width=\"700\" height=\"394\" src=\"https:\/\/www.youtube.com\/embed\/ZtKdlsrAi5k?feature=oembed\" frameborder=\"0\" allow=\"accelerometer; autoplay; clipboard-write; encrypted-media; gyroscope; picture-in-picture; web-share\" referrerpolicy=\"strict-origin-when-cross-origin\" allowfullscreen><\/iframe><\/p>\n<hr \/>\n[Conversaci\u00f3n]\nLa manifestaci\u00f3n del Ruido<br \/>\nAdri\u00e1n Avenda\u00f1o (Ca)<br \/>\nFlor de fuega (Ar)<br \/>\nFrancisco Thaine (Co)<br \/>\nMauricio Rom\u00e1n (Cl)<br \/>\nVer\u00f3nica Daniela (Ar\/Br)<\/p>\n<p><em><span id=\"fbPhotoSnowliftCaption\" class=\"fbPhotosPhotoCaption\" tabindex=\"0\" aria-live=\"polite\" data-ft=\"{&quot;tn&quot;:&quot;K&quot;}\"><span class=\"hasCaption\">\u00abEs por eso que siempre improviso. Intento dejar que los sonidos pasen a trav\u00e9s de mi, para salir al mundo, y eso s\u00f3lo lo logro estando realmente presente, escuchando\u00bb<\/span><\/span><\/em><\/p>\n<p><iframe loading=\"lazy\" title=\"REUDO 20 | La manifestaci\u00f3n del Ruido\" width=\"700\" height=\"394\" src=\"https:\/\/www.youtube.com\/embed\/11mopqSby-Y?feature=oembed\" frameborder=\"0\" allow=\"accelerometer; autoplay; clipboard-write; encrypted-media; gyroscope; picture-in-picture; web-share\" referrerpolicy=\"strict-origin-when-cross-origin\" allowfullscreen><\/iframe><\/p>\n<hr \/>\n[Video concierto]\nDensidad Andina h o m o c o s m i c u s f u n g i (Ec)<br \/>\nVer\u00f3nica Daniela (Ar\/Br)<br \/>\nCristina Collazos QUEMA ejercicios de transmutaci\u00f3n (Bo)<br \/>\nEnrique Trelles (Pe)<\/p>\n<p><em>Ruido es el estado permanente del cuerpo, lo que est\u00e1 sonando constantemente. Lenguaje sin gram\u00e1tica, desconocido.<\/em><\/p>\n<p><iframe loading=\"lazy\" title=\"REUDO 20 | Video Concierto: Densidad Andina + Ver\u00f3nica Daniela + Cristina Collazos + Enrique Trelles\" width=\"700\" height=\"394\" src=\"https:\/\/www.youtube.com\/embed\/YfZFcCuG3Dw?feature=oembed\" frameborder=\"0\" allow=\"accelerometer; autoplay; clipboard-write; encrypted-media; gyroscope; picture-in-picture; web-share\" referrerpolicy=\"strict-origin-when-cross-origin\" allowfullscreen><\/iframe><\/p>\n<hr \/>\n[Conversaci\u00f3n]\n\u00bfA qu\u00e9 llamamos Ruido?<br \/>\nIrma Cabrera Abanto (Pe)<br \/>\nPordioZero (Co)<br \/>\nR1ffm4nn (Pe)<\/p>\n<p><em>Un Sonido que interrumpe la quietud del ambiente, que mueve energ\u00eda y es percibido por lo que se encuentra a su alrededor. Una pr\u00e1ctica cultural, una relaci\u00f3n diferente con la tecnolog\u00eda y su consumo. La mejor opci\u00f3n de creaci\u00f3n del pensamiento de libertad.<\/em><br \/>\n<em>Todo lo que no \u00abes\u00bb. Aquello que no califica para ser \u00abalgo\u00bb. Una conducta disruptiva, una conducta no aceptada. La negaci\u00f3n.Todo es ruido, todo.<\/em><\/p>\n<p><iframe loading=\"lazy\" title=\"REUDO 20 | \u00bfA qu\u00e9 llamamos Ruido? R1ffm4nn, Irma Cabrera, Elpueblodechina, Vermillion y PordioZero\" width=\"700\" height=\"394\" src=\"https:\/\/www.youtube.com\/embed\/v7TiuaHRrDs?feature=oembed\" frameborder=\"0\" allow=\"accelerometer; autoplay; clipboard-write; encrypted-media; gyroscope; picture-in-picture; web-share\" referrerpolicy=\"strict-origin-when-cross-origin\" allowfullscreen><\/iframe><\/p>\n","protected":false},"excerpt":{"rendered":"<p>[Publicaci\u00f3n] Escucha y visionado de la compilaci\u00f3n de la convocatoria del Encuentro Inaudible 01 Silent &#8211; Luxsie Subterr\u00e1nea (Lima) 02 3561 &#8211; M O L a M O L (Tlaxcala) 03 #unknown_9 &#8211; Jorge I\u00f1aki Carmona y Julian Perez Huerta (CDMX) 04 3 en 10 &#8211; Falso Conejo (Carla Abiles &amp; Gustavo Obligado) (Buenos Aires) &#8230;<\/p>\n","protected":false},"author":1,"featured_media":0,"parent":0,"menu_order":0,"comment_status":"closed","ping_status":"closed","template":"","meta":{"footnotes":""},"class_list":["post-508","page","type-page","status-publish","hentry"],"_links":{"self":[{"href":"https:\/\/asimtria.org\/reudo\/index.php?rest_route=\/wp\/v2\/pages\/508","targetHints":{"allow":["GET"]}}],"collection":[{"href":"https:\/\/asimtria.org\/reudo\/index.php?rest_route=\/wp\/v2\/pages"}],"about":[{"href":"https:\/\/asimtria.org\/reudo\/index.php?rest_route=\/wp\/v2\/types\/page"}],"author":[{"embeddable":true,"href":"https:\/\/asimtria.org\/reudo\/index.php?rest_route=\/wp\/v2\/users\/1"}],"replies":[{"embeddable":true,"href":"https:\/\/asimtria.org\/reudo\/index.php?rest_route=%2Fwp%2Fv2%2Fcomments&post=508"}],"version-history":[{"count":17,"href":"https:\/\/asimtria.org\/reudo\/index.php?rest_route=\/wp\/v2\/pages\/508\/revisions"}],"predecessor-version":[{"id":625,"href":"https:\/\/asimtria.org\/reudo\/index.php?rest_route=\/wp\/v2\/pages\/508\/revisions\/625"}],"wp:attachment":[{"href":"https:\/\/asimtria.org\/reudo\/index.php?rest_route=%2Fwp%2Fv2%2Fmedia&parent=508"}],"curies":[{"name":"wp","href":"https:\/\/api.w.org\/{rel}","templated":true}]}}