{"id":477,"date":"2020-05-22T04:06:59","date_gmt":"2020-05-22T04:06:59","guid":{"rendered":"http:\/\/asimtria.org\/reudo\/?page_id=477"},"modified":"2022-07-26T17:05:46","modified_gmt":"2022-07-26T17:05:46","slug":"convocatorias-20","status":"publish","type":"page","link":"https:\/\/asimtria.org\/reudo\/?page_id=477","title":{"rendered":"REUDO 20"},"content":{"rendered":"<h4><a href=\"https:\/\/asimtria.org\/reudo\/?page_id=441\"><strong>PARTICIPAN<\/strong><\/a><\/h4>\n<h4><a href=\"https:\/\/asimtria.org\/reudo\/?page_id=508\"><strong>REGISTROS<\/strong><\/a><\/h4>\n<h4><strong>REUnimosruiDO<\/strong><\/h4>\n<p>Proponemos un Encuentro desde la virtualidad, en un contexto en que es una posibilidad de sostener el contacto, de reunirnos para comprender, cuestionar y compartir nuestra pr\u00e1ctica, desde lo sonoro, lo visual, lo audiovisual y lo pol\u00edtico: una serie de acciones relacionadas a la exploraci\u00f3n, la experimentaci\u00f3n, el ensayo\/error como sistema de aprendizaje, el desarrollo de tecnolog\u00edas de c\u00f3digo abierto, las redes de afecto y la convivencia en comunidad.<\/p>\n<p>En este espacio y tiempo nos hemos reunido con personas y colectivos, quienes probamos una din\u00e1mica para dialogar e intercambiar conceptos, pareceres, ideas y expresiones, desde la distancia y a un tiempo gradual. En este, un siguiente momento, nos convocamos a socializar ideas y acciones que complementan ese di\u00e1logo.<\/p>\n<p><em>Creemos que el Ruido es una expresi\u00f3n sobretodo pol\u00edtica, una oposici\u00f3n a sistemas impuestos, a normatividades que no aceptamos, a jerarqu\u00edas que no representamos. Es una forma que nos conduce a un ser libre, aut\u00f3nomo y colectivo.<br \/>\n<\/em><\/p>\n<h4><strong>PROGRAMA CONVERSACIONES Y VIDEO CONCIERTOS<\/strong><\/h4>\n<p><em>Martes 23 junio<\/em><br \/>\n19:00h (-5 GMT)<\/p>\n[Conversaci\u00f3n]\n<strong>\u00bfA qu\u00e9 llamamos Ruido?<\/strong><br \/>\nIrma Cabrera Abanto (Pe)<br \/>\nPordioZero (Co)<br \/>\nR1ffm4nn (Pe)<\/p>\n<p><em>Mi\u00e9rcoles 24 junio<\/em><br \/>\n19:00h (-5 GMT)<\/p>\n[Video concierto]\n<strong>Densidad Andina<\/strong> h o m o c o s m i c u s f u n g i (Ec)<br \/>\n<strong>Ver\u00f3nica Daniela<\/strong> (Ar\/Br)<br \/>\n<strong>Cristina Collazos<\/strong> QUEMA ejercicios de transmutaci\u00f3n (Bo)<br \/>\n<strong>Enrique Trelles<\/strong> (Pe)<\/p>\n<p><em>Jueves 25 junio<\/em><br \/>\n19:00h (-5 GMT)<\/p>\n[Conversaci\u00f3n]\n<strong>La manifestaci\u00f3n del Ruido<br \/>\n<\/strong>Adri\u00e1n Avenda\u00f1o (Ca)<br \/>\nFlor de fuega (Ar)<br \/>\nFrancisco Thaine (Co)<br \/>\nMauricio Rom\u00e1n (Cl)<br \/>\nVer\u00f3nica Daniela (Ar\/Br)<\/p>\n<p><em>Viernes 26 junio<\/em><br \/>\n19:00h (-5 GMT)<\/p>\n[Video concierto]\n<strong>Celeste Betancur <\/strong>(Co)<br \/>\n<strong>XX<\/strong> Construcciones Nokturnas (Cl)<br \/>\n<strong>DMTh5<\/strong> Cruces (Pe)<br \/>\n<strong>Funcionario P\u00fablico<\/strong> (Cl)<\/p>\n<p><em>S\u00e1bado 27 junio<\/em><br \/>\n19:00h (-5 GMT)<\/p>\n[Video concierto]\n<strong>\u021aA\u04a0A\u040f<\/strong> (Pe)<br \/>\n<strong>Wamani<\/strong> (Pe\/Ar\/Cl)<br \/>\n<strong>voodoochild\/<\/strong> : !fUN4m3: 003: Small Town Boy (Cl)<\/p>\n<p><em>Lunes 29 junio<\/em><br \/>\n19:00h (-5 GMT)<\/p>\n[Video concierto]\n<strong>C0d3 P03try<\/strong> (Ar)<br \/>\n<strong>Utop\u00eda Bucanera<\/strong> (Cl)<br \/>\n<strong>Marianne Teixido &amp; Emilio Ocelotl <\/strong>(Mx)<br \/>\n<strong>PordioZero <\/strong>Qu\u00e9date en casa sin techo (Co)<\/p>\n<p><em>Martes 30 junio<\/em><br \/>\n19:00h (-5 GMT)<\/p>\n[Conversaci\u00f3n]\n<strong>Aprendizaje, formaci\u00f3n y transferencia de conocimientos y experiencias.<\/strong><br \/>\nCircuito Sonoro Laboratorio (Co)<br \/>\nMarianne Teixido &amp; Emilio Ocelotl (Mx)<br \/>\nAndr\u00e9s Morales y Susana Chau &#8211; Todalateor\u00edadeluniverso (Cl)<br \/>\nIvan Abreu (Cu\/Mx)<br \/>\nMalitzin Cortes (Mx)<\/p>\n<p><em>Mi\u00e9rcoles 01 julio<\/em><br \/>\n19:00h (-5 GMT)<\/p>\n[Video concierto]\n<strong>Ver\u00f3nica Luyo &amp; \u00c1lvaro Icaza <\/strong>(Pe)<br \/>\n<strong>Jucsay<\/strong> (Pe)<br \/>\n<strong>R1ffm4nn<\/strong> (Pe)<br \/>\n<strong>Elpueblodechina <\/strong>(Cl)<\/p>\n<p><em>Jueves 02 julio<\/em><br \/>\n19:00h (-5 GMT)<\/p>\n[Conversaci\u00f3n]\n<strong>Redes y Colaboraci\u00f3n<br \/>\n<\/strong>Celeste Betancur (Co)<br \/>\nChristian Oyarzun (Cl)<br \/>\nJos\u00e9 Luis J\u00e1come (Ec)<br \/>\nSebasti\u00e1n Tapia (Cl)<br \/>\nMauricio Moquillaza (Pe)<\/p>\n<p><em>Viernes 03 julio<\/em><br \/>\n19:00h (-5 GMT)<\/p>\n[Video concierto]<strong><br \/>\n<\/strong><strong>Ivan Abreu <\/strong>(Cu\/Mx)<strong><br \/>\n<\/strong><strong>Vermillion<\/strong> (Ve\/Ar)<strong><br \/>\n<\/strong><strong>CNDSD <\/strong>(Mx)<strong><br \/>\n<\/strong><\/p>\n<p><em>Domingo 05 julio<\/em><br \/>\n19:00h (-5 GMT)<\/p>\n[Publicaci\u00f3n]\nEscucha y visionado de la compilaci\u00f3n de la convocatoria del Encuentro<br \/>\n<strong>Inaudible<\/strong><\/p>\n","protected":false},"excerpt":{"rendered":"<p>PARTICIPAN REGISTROS REUnimosruiDO Proponemos un Encuentro desde la virtualidad, en un contexto en que es una posibilidad de sostener el contacto, de reunirnos para comprender, cuestionar y compartir nuestra pr\u00e1ctica, desde lo sonoro, lo visual, lo audiovisual y lo pol\u00edtico: una serie de acciones relacionadas a la exploraci\u00f3n, la experimentaci\u00f3n, el ensayo\/error como sistema de &#8230;<\/p>\n","protected":false},"author":1,"featured_media":0,"parent":0,"menu_order":0,"comment_status":"closed","ping_status":"closed","template":"","meta":{"footnotes":""},"class_list":["post-477","page","type-page","status-publish","hentry"],"_links":{"self":[{"href":"https:\/\/asimtria.org\/reudo\/index.php?rest_route=\/wp\/v2\/pages\/477","targetHints":{"allow":["GET"]}}],"collection":[{"href":"https:\/\/asimtria.org\/reudo\/index.php?rest_route=\/wp\/v2\/pages"}],"about":[{"href":"https:\/\/asimtria.org\/reudo\/index.php?rest_route=\/wp\/v2\/types\/page"}],"author":[{"embeddable":true,"href":"https:\/\/asimtria.org\/reudo\/index.php?rest_route=\/wp\/v2\/users\/1"}],"replies":[{"embeddable":true,"href":"https:\/\/asimtria.org\/reudo\/index.php?rest_route=%2Fwp%2Fv2%2Fcomments&post=477"}],"version-history":[{"count":44,"href":"https:\/\/asimtria.org\/reudo\/index.php?rest_route=\/wp\/v2\/pages\/477\/revisions"}],"predecessor-version":[{"id":604,"href":"https:\/\/asimtria.org\/reudo\/index.php?rest_route=\/wp\/v2\/pages\/477\/revisions\/604"}],"wp:attachment":[{"href":"https:\/\/asimtria.org\/reudo\/index.php?rest_route=%2Fwp%2Fv2%2Fmedia&parent=477"}],"curies":[{"name":"wp","href":"https:\/\/api.w.org\/{rel}","templated":true}]}}