{"id":290,"date":"2018-05-06T03:31:48","date_gmt":"2018-05-06T03:31:48","guid":{"rendered":"http:\/\/asimtria.org\/reudo\/?page_id=290"},"modified":"2025-11-29T00:52:07","modified_gmt":"2025-11-29T00:52:07","slug":"talleres","status":"publish","type":"page","link":"https:\/\/asimtria.org\/reudo\/?page_id=290","title":{"rendered":"Talleres 2018"},"content":{"rendered":"<p><img loading=\"lazy\" decoding=\"async\" class=\"alignnone size-full wp-image-268\" src=\"http:\/\/asimtria.org\/reudo\/wp-content\/uploads\/sites\/10\/webbrazo1b.png\" alt=\"\" width=\"983\" height=\"150\" srcset=\"https:\/\/asimtria.org\/reudo\/wp-content\/uploads\/sites\/10\/webbrazo1b.png 983w, https:\/\/asimtria.org\/reudo\/wp-content\/uploads\/sites\/10\/webbrazo1b-300x46.png 300w, https:\/\/asimtria.org\/reudo\/wp-content\/uploads\/sites\/10\/webbrazo1b-768x117.png 768w, https:\/\/asimtria.org\/reudo\/wp-content\/uploads\/sites\/10\/webbrazo1b-460x70.png 460w, https:\/\/asimtria.org\/reudo\/wp-content\/uploads\/sites\/10\/webbrazo1b-688x105.png 688w\" sizes=\"auto, (max-width: 983px) 100vw, 983px\" \/><\/p>\n<h4><strong>JUEVES 14<\/strong><\/h4>\n<p>Platohedro<br \/>\n10:00 &#8211; 13:00 horas<\/p>\n<p><strong>Interfases con Pure Data<br \/>\n<\/strong>Abel Castro<\/p>\n<p><span data-sheets-value=\"{&quot;1&quot;:2,&quot;2&quot;:&quot;El software libre Pure Data es una herramienta potente para la creaci\u00f3n y procesamiento de se\u00f1ales en vivo. El taller inicia con el alcance de t\u00e9cnicas de s\u00edntesis aditiva, AM, FM y granular, pero usadas como herramientas para la performance sonora desde la voz. El DAC actuar\u00e1 como una interfase que controlar\u00e1 y proveer\u00e1 material a los algoritmos para el procesamiento.&quot;}\" data-sheets-userformat=\"{&quot;2&quot;:515,&quot;3&quot;:[null,0],&quot;4&quot;:[null,2,3700253],&quot;12&quot;:0}\">El software libre Pure Data es una herramienta potente para la creaci\u00f3n y procesamiento de se\u00f1ales en vivo. El taller inicia con el alcance de t\u00e9cnicas de s\u00edntesis aditiva, AM, FM y granular, pero usadas como herramientas para la performance sonora desde la voz. El DAC actuar\u00e1 como una interfase que controlar\u00e1 y proveer\u00e1 material a los algoritmos para el procesamiento.<\/span><\/p>\n<p>Participantes deben llevar computador port\u00e1til con <a href=\"http:\/\/puredata.info\/\" target=\"_blank\" rel=\"noopener\">PureData<\/a> instalado.<\/p>\n<h4><strong>VIERNES 15<\/strong><\/h4>\n<p>Centro de Desarrollo Cultural de Moravia<br \/>\n10:00 &#8211; 13:00 horas<\/p>\n<p><strong>Improvisaci\u00f3n dirigida<\/strong><br \/>\nMelissa Vargas<\/p>\n<p>S<span data-sheets-value=\"{&quot;1&quot;:2,&quot;2&quot;:&quot;Me interesa hacer una sesi\u00f3n con quienes quieran acercarse a la improvisaci\u00f3n dirigida y la improvisaci\u00f3n libre.&quot;}\" data-sheets-userformat=\"{&quot;2&quot;:515,&quot;3&quot;:[null,0],&quot;4&quot;:[null,2,3700253],&quot;12&quot;:0}\">esi\u00f3n libre para quienes quieran acercarse a la improvisaci\u00f3n dirigida y la improvisaci\u00f3n libre.<\/span><\/p>\n<p>Participantes deben llevar alg\u00fan instrumento ac\u00fastico.<\/p>\n<p><strong>M\u00e1quinas Ruidovisuales<\/strong><br \/>\nKaren Santana<\/p>\n<p><span data-sheets-value=\"{&quot;1&quot;:2,&quot;2&quot;:&quot;El taller de \u201cMaquinas Ruidovisuales\u201d tiene como objetivo generar un ensamble visual\/sonoro, vali\u00e9ndose de la construcci\u00f3n de objetos ruidolum\u00ednicos capaces de producir im\u00e1genes en tiempo real. Se propone, adem\u00e1s, una intervenci\u00f3n en el espacio, buscando relaciones simb\u00f3licas entre la imagen proyectada y su contexto. Este ensamble visual-sonoro estar\u00e1 conformado por pantallas m\u00faltiples que se desplazar\u00e1n por el entorno. \\n&quot;}\" data-sheets-userformat=\"{&quot;2&quot;:515,&quot;3&quot;:[null,0],&quot;4&quot;:[null,2,3700253],&quot;12&quot;:0}\">El taller tiene como objetivo generar un ensamble visual\/sonoro, vali\u00e9ndose de la construcci\u00f3n de objetos ruidolum\u00ednicos capaces de producir im\u00e1genes en tiempo real. Se propone, adem\u00e1s, una intervenci\u00f3n posterior en el espacio, buscando relaciones simb\u00f3licas entre la imagen proyectada y su contexto. Este ensamble visual-sonoro estar\u00e1 conformado por pantallas m\u00faltiples que se desplazar\u00e1n por el entorno.<br \/>\n<\/span><\/p>\n<p><strong>La comida es ruido<\/strong><br \/>\nCatalina Alzate + Sharat Chandra Ram + Charanya<\/p>\n<div dir=\"auto\">Exploraci\u00f3n sonora y visual del ADN y las estructuras de los alimentos, bajo un di\u00e1logo sobre los contextos sociales alrededor de la comida y las implicaciones de los alimentos modificados gen\u00e9ticamente en la sociedad y la cultura.<\/div>\n<div dir=\"auto\"><\/div>\n<div dir=\"auto\">Usaremos t\u00e9cnicas y medios como sonificaci\u00f3n de datos, micro-macro fotograf\u00eda, proyecciones mapeadas (projection mapping) y armaremos una instalacion audiovisual con los materiales creados.<\/div>\n","protected":false},"excerpt":{"rendered":"<p>JUEVES 14 Platohedro 10:00 &#8211; 13:00 horas Interfases con Pure Data Abel Castro El software libre Pure Data es una herramienta potente para la creaci\u00f3n y procesamiento de se\u00f1ales en vivo. El taller inicia con el alcance de t\u00e9cnicas de s\u00edntesis aditiva, AM, FM y granular, pero usadas como herramientas para la performance sonora desde &#8230;<\/p>\n","protected":false},"author":1,"featured_media":0,"parent":0,"menu_order":0,"comment_status":"closed","ping_status":"closed","template":"","meta":{"footnotes":""},"class_list":["post-290","page","type-page","status-publish","hentry"],"_links":{"self":[{"href":"https:\/\/asimtria.org\/reudo\/index.php?rest_route=\/wp\/v2\/pages\/290","targetHints":{"allow":["GET"]}}],"collection":[{"href":"https:\/\/asimtria.org\/reudo\/index.php?rest_route=\/wp\/v2\/pages"}],"about":[{"href":"https:\/\/asimtria.org\/reudo\/index.php?rest_route=\/wp\/v2\/types\/page"}],"author":[{"embeddable":true,"href":"https:\/\/asimtria.org\/reudo\/index.php?rest_route=\/wp\/v2\/users\/1"}],"replies":[{"embeddable":true,"href":"https:\/\/asimtria.org\/reudo\/index.php?rest_route=%2Fwp%2Fv2%2Fcomments&post=290"}],"version-history":[{"count":11,"href":"https:\/\/asimtria.org\/reudo\/index.php?rest_route=\/wp\/v2\/pages\/290\/revisions"}],"predecessor-version":[{"id":621,"href":"https:\/\/asimtria.org\/reudo\/index.php?rest_route=\/wp\/v2\/pages\/290\/revisions\/621"}],"wp:attachment":[{"href":"https:\/\/asimtria.org\/reudo\/index.php?rest_route=%2Fwp%2Fv2%2Fmedia&parent=290"}],"curies":[{"name":"wp","href":"https:\/\/api.w.org\/{rel}","templated":true}]}}