{"id":232,"date":"2018-02-07T15:30:40","date_gmt":"2018-02-07T15:30:40","guid":{"rendered":"http:\/\/asimtria.org\/reudo\/?page_id=232"},"modified":"2020-05-16T05:03:58","modified_gmt":"2020-05-16T05:03:58","slug":"232-2","status":"publish","type":"page","link":"https:\/\/asimtria.org\/reudo\/?page_id=232","title":{"rendered":"REUDO &#8217;18 | Medell\u00edn"},"content":{"rendered":"<p><img loading=\"lazy\" decoding=\"async\" class=\"size-full wp-image-383 aligncenter\" src=\"http:\/\/asimtria.org\/reudo\/wp-content\/uploads\/sites\/10\/procesodegif2.gif\" alt=\"\" width=\"998\" height=\"798\" \/><\/p>\n<p><strong>REUnimosruiDO<\/strong><\/p>\n<p>REUDO es un Encuentro abierto que re\u00fane personas y colectivos que investigan, experimentan, desarrollan y exhiben proyectos diversos asociados al Ruido, concepto que incluye pr\u00e1cticas relacionadas a la exploraci\u00f3n sonora, el ensayo\/error como sistema de aprendizaje, el desarrollo de tecnolog\u00edas de c\u00f3digo abierto y la convivencia en comunidad. Es una propuesta de <a href=\"http:\/\/platohedro.org\" target=\"_blank\" rel=\"noopener\">Platohedro<\/a>, en colaboraci\u00f3n con <a href=\"http:\/\/asimtria.org\" target=\"_blank\" rel=\"noopener\">asimtria.org<\/a> y otros espacios, colectivos y organizaciones locales.<\/p>\n<p>Durante <b>0<b>3<\/b> d\u00edas<\/b> REUDO reunir\u00e1 creadoras e investigadoras sonoras de diversas partes del mundo, quienes proponen un programa que incluye laboratorios de desarrollo, discusiones y conciertos, junto a otras din\u00e1micas espont\u00e1neas de convivencia, como colaboraciones, jams, compartires y charlas.<\/p>\n<p>La gr\u00e1fica es gracias a la colaboraci\u00f3n de <a href=\"https:\/\/www.facebook.com\/ConspirArte-1311846428841471\" target=\"_blank\" rel=\"noopener\">ConspirArte<\/a>.<\/p>\n<p><img loading=\"lazy\" decoding=\"async\" class=\"size-full wp-image-424 aligncenter\" src=\"http:\/\/asimtria.org\/reudo\/wp-content\/uploads\/sites\/10\/creditos4.png\" alt=\"\" width=\"680\" height=\"250\" srcset=\"https:\/\/asimtria.org\/reudo\/wp-content\/uploads\/sites\/10\/creditos4.png 680w, https:\/\/asimtria.org\/reudo\/wp-content\/uploads\/sites\/10\/creditos4-300x110.png 300w, https:\/\/asimtria.org\/reudo\/wp-content\/uploads\/sites\/10\/creditos4-460x169.png 460w\" sizes=\"auto, (max-width: 680px) 100vw, 680px\" \/><\/p>\n<p>El Ruido no s\u00f3lo es el sonido; m\u00e1s all\u00e1 de \u00e9l, lo usamos como medio de resistencia y transformaci\u00f3n. Para esto proponemos un encuentro dentro de la idea del Ruido como comunicaci\u00f3n, transformaci\u00f3n, expresi\u00f3n e intervenci\u00f3n.<\/p>\n<p><i>Encuentro es un espacio de reuni\u00f3n, abierto a propuestas y posibilidades m\u00e1s all\u00e1 de las planeadas en su producci\u00f3n, ofrece como resultado la misma interacci\u00f3n de quienes se re\u00fanen y las construcciones logradas en ese per\u00edodo.<\/i><\/p>\n<p><strong>\u00bfPara qu\u00e9 un Encuentro? <\/strong><b><br \/>\n<\/b><b><br \/>\n<\/b>Hemos logrado construir alrededor del Ruido diversas comunidades a nivel Latinoamericano y global, logrando circular ideas, t\u00e9cnicas y experiencias desde posiciones remotas hasta hace poco tiempo dif\u00edciles de superar. Sin embargo, la presencialidad y la proximidad f\u00edsica siguen siendo los ingredientes claves para la creaci\u00f3n de comunidades reales.<\/p>\n<p>El encuentro pone en perspectiva la movilidad, personas en tr\u00e1nsito permanente en apertura a culturas distintas y nuevas; el intercambio, que apunta a un compartir como alternativa a un competir e imponer; y la comunidad, como resultado de un trabajo colectivo dirigido a descubrir las similitudes y coincidencias como puntos de discusi\u00f3n y trabajo.<\/p>\n<h3><a href=\"http:\/\/asimtria.org\/reudo\/?page_id=294\"><strong>PROGRAMACION<\/strong><\/a><\/h3>\n<h3><a href=\"http:\/\/asimtria.org\/reudo\/?page_id=262\"><strong>PARTICIPANTES<\/strong><\/a><\/h3>\n<h3><a href=\"http:\/\/asimtria.org\/reudo\/?page_id=290\"><strong>TALLERES<\/strong><\/a><\/h3>\n<h3><a href=\"http:\/\/asimtria.org\/reudo\/?page_id=292\"><strong>CONVERSACIONES<\/strong><\/a><\/h3>\n<h3><a href=\"http:\/\/asimtria.org\/reudo\/?page_id=319\"><strong>PERFORMANCES \/ CONCIERTOS \/ INSTALACIONES<\/strong><\/a><\/h3>\n<h3><a href=\"http:\/\/asimtria.org\/reudo\/?page_id=296\"><strong>REGISTROS<\/strong><\/a><\/h3>\n","protected":false},"excerpt":{"rendered":"<p>REUnimosruiDO REUDO es un Encuentro abierto que re\u00fane personas y colectivos que investigan, experimentan, desarrollan y exhiben proyectos diversos asociados al Ruido, concepto que incluye pr\u00e1cticas relacionadas a la exploraci\u00f3n sonora, el ensayo\/error como sistema de aprendizaje, el desarrollo de tecnolog\u00edas de c\u00f3digo abierto y la convivencia en comunidad. Es una propuesta de Platohedro, en &#8230;<\/p>\n","protected":false},"author":1,"featured_media":0,"parent":0,"menu_order":0,"comment_status":"closed","ping_status":"closed","template":"","meta":{"footnotes":""},"class_list":["post-232","page","type-page","status-publish","hentry"],"_links":{"self":[{"href":"https:\/\/asimtria.org\/reudo\/index.php?rest_route=\/wp\/v2\/pages\/232","targetHints":{"allow":["GET"]}}],"collection":[{"href":"https:\/\/asimtria.org\/reudo\/index.php?rest_route=\/wp\/v2\/pages"}],"about":[{"href":"https:\/\/asimtria.org\/reudo\/index.php?rest_route=\/wp\/v2\/types\/page"}],"author":[{"embeddable":true,"href":"https:\/\/asimtria.org\/reudo\/index.php?rest_route=\/wp\/v2\/users\/1"}],"replies":[{"embeddable":true,"href":"https:\/\/asimtria.org\/reudo\/index.php?rest_route=%2Fwp%2Fv2%2Fcomments&post=232"}],"version-history":[{"count":20,"href":"https:\/\/asimtria.org\/reudo\/index.php?rest_route=\/wp\/v2\/pages\/232\/revisions"}],"predecessor-version":[{"id":465,"href":"https:\/\/asimtria.org\/reudo\/index.php?rest_route=\/wp\/v2\/pages\/232\/revisions\/465"}],"wp:attachment":[{"href":"https:\/\/asimtria.org\/reudo\/index.php?rest_route=%2Fwp%2Fv2%2Fmedia&parent=232"}],"curies":[{"name":"wp","href":"https:\/\/api.w.org\/{rel}","templated":true}]}}