{"id":17,"date":"2016-06-05T03:14:05","date_gmt":"2016-06-05T03:14:05","guid":{"rendered":"http:\/\/asimtria.org\/reudo\/?page_id=17"},"modified":"2018-05-10T01:35:23","modified_gmt":"2018-05-10T01:35:23","slug":"16-medellin","status":"publish","type":"page","link":"https:\/\/asimtria.org\/reudo\/?page_id=17","title":{"rendered":"REUDO 16 | Encuentro de Ruido en Medellin"},"content":{"rendered":"<h6><b>27<\/b><b>-30 SETIEMBRE 2016<\/b><\/h6>\n<p style=\"text-align: justify;\">REUDO es un encuentro abierto que re\u00fane anualmente a personas y colectivos que investigan, experimentan, desarrollan y exhiben proyectos diversos asociados al Ruido, concepto que incluye pr\u00e1cticas relacionadas a la m\u00fasica experimental, la est\u00e9tica sonora extrema, los paisajes sonoros, la experimentaci\u00f3n como sistema de aprendizaje, la cultura libre, la apropiaci\u00f3n de tecnolog\u00edas, y el conocimiento y comportamiento abiertos.<\/p>\n<p style=\"text-align: justify;\">El Ruido no s\u00f3lo es el sonido; m\u00e1s all\u00e1 de \u00e9l, lo usamos como medio de resistencia y transformaci\u00f3n. Para esto proponemos un encuentro de investigadores, artistas, creadores y activistas, quienes desarrollan ideas y proyectos dentro de la idea del Ruido como comunicaci\u00f3n, transformaci\u00f3n, expresi\u00f3n e intervenci\u00f3n.<\/p>\n<p style=\"text-align: justify;\">Durante 4\u00a0d\u00edas REUDO Medellin reunir\u00e1 artistas, creadores e investigadores, para\u00a0desarrollar un programa intenso que incluye talleres, charlas, socializaciones,\u00a0conciertos y performances sonoras, en diversos espacios del municipio de Medellin.<\/p>\n<h3><a href=\"http:\/\/asimtria.org\/reudo\/?page_id=74\">PROGRAMA<\/a><\/h3>\n<h3><a href=\"http:\/\/asimtria.org\/reudo\/?cat=6\">Participan<\/a><\/h3>\n<h3><a href=\"http:\/\/asimtria.org\/reudo\/?page_id=206\">Registros<\/a><\/h3>\n<p>REUDO 16 es un proyecto desarrollado por colaboraci\u00f3n de <a href=\"http:\/\/asimtria.org\/\" target=\"_blank\" rel=\"noopener\">asimtria.org<\/a>,\u00a0<a href=\"http:\/\/platohedro.org\/\" target=\"_blank\" rel=\"noopener\">Platohedro<\/a>,\u00a0<a href=\"http:\/\/www.parqueexplora.org\/colaboratorio\/\" target=\"_blank\" rel=\"noopener\">Colaboratorio del Parque Explora<\/a>,\u00a0el <a href=\"http:\/\/elmamm.org\/\" target=\"_blank\" rel=\"noopener\">Museo de Arte Moderno de Medell\u00edn<\/a>\u00a0y el <a href=\"http:\/\/www.museodeantioquia.co\/\" target=\"_blank\" rel=\"noopener\">Museo de Antioquia<\/a>.<\/p>\n<p>&nbsp;<\/p>\n<p><a href=\"http:\/\/asimtria.org\/reudo\/?page_id=74\"><img loading=\"lazy\" decoding=\"async\" class=\"size-full wp-image-138 aligncenter\" src=\"http:\/\/asimtria.org\/reudo\/wp-content\/uploads\/sites\/10\/mrmde2.jpg\" alt=\"mrmde2\" width=\"499\" height=\"411\" srcset=\"https:\/\/asimtria.org\/reudo\/wp-content\/uploads\/sites\/10\/mrmde2.jpg 499w, https:\/\/asimtria.org\/reudo\/wp-content\/uploads\/sites\/10\/mrmde2-300x247.jpg 300w, https:\/\/asimtria.org\/reudo\/wp-content\/uploads\/sites\/10\/mrmde2-423x348.jpg 423w\" sizes=\"auto, (max-width: 499px) 100vw, 499px\" \/><\/a><\/p>\n<p style=\"text-align: justify;\">*\u00a0Imagen adaptada de la Actualizaci\u00f3n de los Mapas de Ruido de la zona urbana de los municipios de Medellin, Bello e Itag\u00fc\u00ed. 2015.<\/p>\n<p style=\"text-align: justify;\"><strong>\u00bfPARA QU\u00c9 UN ENCUENTRO?<\/strong><\/p>\n<p style=\"text-align: justify;\">Hemos logrado construir alrededor del Ruido diversas comunidades a nivel Latinoamericano y global, logrando circular ideas, tecnolog\u00edas y experiencias, desde posiciones remotas, hasta hace poco tiempo dif\u00edciles de superar. Sin embargo, la proximidad f\u00edsica siguen siendo el ingredientes clave para la creaci\u00f3n de comunidades reales.<\/p>\n<p style=\"text-align: justify;\">El encuentro pone en perspectiva una comunidad\u00a0contempor\u00e1nea, que se moviliza\u00a0y se pone en tr\u00e1nsito permanente en apertura a culturas distintas y nuevas; que intercambia\u00a0y\u00a0comparte como alternativa a competir e imponer; una comunidad que es resultado de un trabajo colectivo dirigido a descubrir similitudes y coincidencias, tanto como diferencias, como puntos de discusi\u00f3n, cuestionamiento y trabajo.<\/p>\n<h3 style=\"text-align: justify;\">\u00a0<img loading=\"lazy\" decoding=\"async\" class=\"size-full wp-image-166 aligncenter\" src=\"http:\/\/asimtria.org\/reudo\/wp-content\/uploads\/sites\/10\/quienes-1.png\" alt=\"quienes\" width=\"1948\" height=\"319\" srcset=\"https:\/\/asimtria.org\/reudo\/wp-content\/uploads\/sites\/10\/quienes-1.png 1948w, https:\/\/asimtria.org\/reudo\/wp-content\/uploads\/sites\/10\/quienes-1-300x49.png 300w, https:\/\/asimtria.org\/reudo\/wp-content\/uploads\/sites\/10\/quienes-1-768x126.png 768w, https:\/\/asimtria.org\/reudo\/wp-content\/uploads\/sites\/10\/quienes-1-1024x168.png 1024w, https:\/\/asimtria.org\/reudo\/wp-content\/uploads\/sites\/10\/quienes-1-460x75.png 460w, https:\/\/asimtria.org\/reudo\/wp-content\/uploads\/sites\/10\/quienes-1-688x113.png 688w\" sizes=\"auto, (max-width: 1948px) 100vw, 1948px\" \/><\/h3>\n","protected":false},"excerpt":{"rendered":"<p>27-30 SETIEMBRE 2016 REUDO es un encuentro abierto que re\u00fane anualmente a personas y colectivos que investigan, experimentan, desarrollan y exhiben proyectos diversos asociados al Ruido, concepto que incluye pr\u00e1cticas relacionadas a la m\u00fasica experimental, la est\u00e9tica sonora extrema, los paisajes sonoros, la experimentaci\u00f3n como sistema de aprendizaje, la cultura libre, la apropiaci\u00f3n de tecnolog\u00edas, &#8230;<\/p>\n","protected":false},"author":1,"featured_media":0,"parent":0,"menu_order":0,"comment_status":"closed","ping_status":"closed","template":"","meta":{"footnotes":""},"class_list":["post-17","page","type-page","status-publish","hentry"],"_links":{"self":[{"href":"https:\/\/asimtria.org\/reudo\/index.php?rest_route=\/wp\/v2\/pages\/17","targetHints":{"allow":["GET"]}}],"collection":[{"href":"https:\/\/asimtria.org\/reudo\/index.php?rest_route=\/wp\/v2\/pages"}],"about":[{"href":"https:\/\/asimtria.org\/reudo\/index.php?rest_route=\/wp\/v2\/types\/page"}],"author":[{"embeddable":true,"href":"https:\/\/asimtria.org\/reudo\/index.php?rest_route=\/wp\/v2\/users\/1"}],"replies":[{"embeddable":true,"href":"https:\/\/asimtria.org\/reudo\/index.php?rest_route=%2Fwp%2Fv2%2Fcomments&post=17"}],"version-history":[{"count":19,"href":"https:\/\/asimtria.org\/reudo\/index.php?rest_route=\/wp\/v2\/pages\/17\/revisions"}],"predecessor-version":[{"id":310,"href":"https:\/\/asimtria.org\/reudo\/index.php?rest_route=\/wp\/v2\/pages\/17\/revisions\/310"}],"wp:attachment":[{"href":"https:\/\/asimtria.org\/reudo\/index.php?rest_route=%2Fwp%2Fv2%2Fmedia&parent=17"}],"curies":[{"name":"wp","href":"https:\/\/api.w.org\/{rel}","templated":true}]}}