{"id":910,"date":"2021-04-17T00:50:22","date_gmt":"2021-04-16T22:50:22","guid":{"rendered":"https:\/\/asimtria.org\/pumpum\/?page_id=910"},"modified":"2022-04-03T22:41:48","modified_gmt":"2022-04-03T20:41:48","slug":"conversaciones","status":"publish","type":"page","link":"https:\/\/asimtria.org\/pumpum\/?page_id=910","title":{"rendered":"Conversaciones 2021"},"content":{"rendered":"<p><img loading=\"lazy\" decoding=\"async\" class=\"alignnone size-full wp-image-764\" src=\"https:\/\/asimtria.org\/pumpum\/wp-content\/uploads\/sites\/14\/2021\/03\/cropped-bannerweb1.jpg\" alt=\"\" width=\"1015\" height=\"276\" srcset=\"https:\/\/asimtria.org\/pumpum\/wp-content\/uploads\/sites\/14\/2021\/03\/cropped-bannerweb1.jpg 1015w, https:\/\/asimtria.org\/pumpum\/wp-content\/uploads\/sites\/14\/2021\/03\/cropped-bannerweb1-300x82.jpg 300w, https:\/\/asimtria.org\/pumpum\/wp-content\/uploads\/sites\/14\/2021\/03\/cropped-bannerweb1-768x209.jpg 768w, https:\/\/asimtria.org\/pumpum\/wp-content\/uploads\/sites\/14\/2021\/03\/cropped-bannerweb1-619x168.jpg 619w\" sizes=\"auto, (max-width: 1015px) 100vw, 1015px\" \/><\/p>\n<section id=\"nav_menu-4\" class=\"fbox swidgets-wrap widget widget_nav_menu amr_widget\"><div class=\"menu-2021-container\"><ul id=\"menu-2021\" class=\"menu\"><li id=\"menu-item-899\" class=\"menu-item menu-item-type-post_type menu-item-object-page menu-item-899\"><a href=\"https:\/\/asimtria.org\/pumpum\/?page_id=888\">Selecci\u00f3n Audiovisual y Sonora<\/a><\/li>\n<li id=\"menu-item-915\" class=\"menu-item menu-item-type-post_type menu-item-object-page menu-item-915\"><a href=\"https:\/\/asimtria.org\/pumpum\/?page_id=903\">Muestras invitadas<\/a><\/li>\n<li id=\"menu-item-913\" class=\"menu-item menu-item-type-post_type menu-item-object-page menu-item-913\"><a href=\"https:\/\/asimtria.org\/pumpum\/?page_id=910\">Conversaciones 2021<\/a><\/li>\n<li id=\"menu-item-914\" class=\"menu-item menu-item-type-post_type menu-item-object-page menu-item-914\"><a href=\"https:\/\/asimtria.org\/pumpum\/?page_id=908\">Conciertos<\/a><\/li>\n<li id=\"menu-item-1204\" class=\"menu-item menu-item-type-custom menu-item-object-custom menu-item-1204\"><a href=\"https:\/\/asimtria.org\/pumpum\/?page_id=2268\">Talleres<\/a><\/li>\n<li id=\"menu-item-1291\" class=\"menu-item menu-item-type-post_type menu-item-object-page menu-item-1291\"><a href=\"https:\/\/asimtria.org\/pumpum\/?page_id=1288\">Proyecciones Presenciales<\/a><\/li>\n<li id=\"menu-item-1329\" class=\"menu-item menu-item-type-post_type menu-item-object-page menu-item-1329\"><a href=\"https:\/\/asimtria.org\/pumpum\/?page_id=1326\">Radio Tsonami<\/a><\/li>\n<li id=\"menu-item-2236\" class=\"menu-item menu-item-type-post_type menu-item-object-page menu-item-2236\"><a href=\"https:\/\/asimtria.org\/pumpum\/?page_id=2199\">Artistas<\/a><\/li>\n<li id=\"menu-item-2103\" class=\"menu-item menu-item-type-post_type menu-item-object-page menu-item-2103\"><a href=\"https:\/\/asimtria.org\/pumpum\/?page_id=1370\">Memoria<\/a><\/li>\n<\/ul><\/div><\/section>\n<hr \/>\n<h3><span style=\"color: #993300;\">[Martes 4 mayo]<\/span><\/h3>\n<p><iframe loading=\"lazy\" title=\"YouTube video player\" src=\"https:\/\/www.youtube.com\/embed\/F3lZryxKdJs\" width=\"560\" height=\"315\" frameborder=\"0\" allowfullscreen=\"allowfullscreen\" data-mce-fragment=\"1\"><\/iframe><\/p>\n<p><span style=\"color: #993300;\"><strong>Resistencias Po\u00e9ticas (ciber) Feministas. Hackfeminismo, arte y m\u00fasica<\/strong><\/span><br \/>\n<a href=\"https:\/\/asimtria.org\/pumpum\/?p=799\">Marianne Teixido [MX]<\/a><\/p>\n<p>En esta charla hilaremos algunos conceptos que articulan el movimiento ciberfeminista en su relaci\u00f3n con el software libre, la m\u00fasica y el c\u00f3digo como resistencia pol\u00edtica desde el sur global. Manifiesto a trav\u00e9s de la obra de artistas y colectivas que problematizan el uso de la tecnolog\u00eda desde los conocimientos situados y la objetividad feminista.<\/p>\n<p>&nbsp;<\/p>\n<p><iframe loading=\"lazy\" title=\"YouTube video player\" src=\"https:\/\/www.youtube.com\/embed\/LVp1vUX1PAs\" width=\"560\" height=\"315\" frameborder=\"0\" allowfullscreen=\"allowfullscreen\"><\/iframe><br \/>\n<span style=\"color: #993300;\"><strong>Creaci\u00f3n multimedia en ecosistemas de c\u00f3digo abierto<\/strong><\/span><br \/>\n<a href=\"https:\/\/asimtria.org\/pumpum\/?p=788\">Noisk8 [CO]<\/a> &#8211; <a href=\"https:\/\/platohedro.org\" target=\"_blank\" rel=\"noopener\">Platohedro<\/a><\/p>\n<p>Un espacio para dialogar sobre como la migraci\u00f3n en sus distintas formas es un punto de partida para la creaci\u00f3n multimedia en entornos de la Cultura Libre.<\/p>\n<hr \/>\n<h3><span style=\"color: #993300;\">[Lunes 10 mayo]<\/span><\/h3>\n<p><iframe loading=\"lazy\" title=\"YouTube video player\" src=\"https:\/\/www.youtube.com\/embed\/cxBTRVe4vzU\" width=\"560\" height=\"315\" frameborder=\"0\" allowfullscreen=\"allowfullscreen\"><\/iframe><\/p>\n<p><span style=\"color: #993300;\"><strong>El hacer sonoro y visual en la Abya Yala contempor\u00e1nea<\/strong><\/span><br \/>\n<a href=\"https:\/\/asimtria.org\/pumpum\/?p=946\">Jessica A. Rodr\u00edguez [MX\/CA]<\/a><br \/>\n<a href=\"https:\/\/asimtria.org\/pumpum\/?p=959\">Laura Zapata [CO]<\/a><br \/>\n<a href=\"https:\/\/asimtria.org\/pumpum\/?p=940\">smosgasbord [CR]<\/a><br \/>\n<a href=\"https:\/\/asimtria.org\/pumpum\/?p=1217\">Utop\u00eda Bucanera [CL]<\/a><\/p>\n<hr \/>\n<h3><span style=\"color: #993300;\">[Viernes 14 mayo]<\/span><\/h3>\n<p><iframe loading=\"lazy\" title=\"YouTube video player\" src=\"https:\/\/www.youtube.com\/embed\/utCXOlLuvL0\" width=\"560\" height=\"315\" frameborder=\"0\" allowfullscreen=\"allowfullscreen\"><\/iframe><\/p>\n<p><span style=\"color: #993300;\"><strong>El hacer sonoro y audiovisual en la Abya Yala contempor\u00e1nea<\/strong><\/span><br \/>\n<a href=\"https:\/\/www.pumpumyachkan.org\/diario-de-un-ser\/\">Irma Cabrera [PE]<\/a><br \/>\nCecilia Gamarra [PE]\n<a href=\"https:\/\/asimtria.org\/pumpum\/?page_id=1122\">Luciana Decker [BO]<\/a><br \/>\n<a href=\"https:\/\/asimtria.org\/pumpum\/?p=881\">r1ffm4nn [PE]<\/a><br \/>\n<a href=\"https:\/\/www.pumpumyachkan.org\/cambio-de-piel\/\">Harold Nu\u00f1ez [PE]<\/a><\/p>\n<hr \/>\n<h3><span style=\"color: #993300;\">[Lunes 17 mayo]<\/span><\/h3>\n<p><iframe loading=\"lazy\" title=\"YouTube video player\" src=\"https:\/\/www.youtube.com\/embed\/FwGZXuP5-i4\" width=\"560\" height=\"315\" frameborder=\"0\" allowfullscreen=\"allowfullscreen\"><\/iframe><\/p>\n<p><strong><span style=\"color: #993300;\">Neoquipucamayocs. La persistencia del quipu: entre las artes y las ciencias<\/span><\/strong><br \/>\nOscar Santillan [EC]\nPatricia Cadavid [CO]\nConstanza Pi\u00f1a [CL\/MX]\n<a href=\"https:\/\/www.pumpumyachkan.org\/jardin-de-flechas\/\">Jos\u00e9 Luis J\u00e1come Guerrero [EC]<\/a><br \/>\n<a href=\"https:\/\/www.pumpumyachkan.org\/mas-alla-de-la-historia-los-quipus-de-tupicocha\/\">Paola Torres N\u00fa\u00f1ez Del Prado [PE\/SE]<\/a><br \/>\nFabrizio Cavero Farf\u00e1n [PE]\n<p>Somos los Tecnoquipumantes, tambi\u00e9n llamados Khipunks o Neoquipumantes y somos parte de movimiento extendido de los Neoquipucamayocs; somos la tercera generaci\u00f3n de una larga pero hasta hoy no reconocida corriente en las artes Latinoamericanas, cuyo nombre, con el que hoy nos definimos, hace referencia a los sabios andinos de la \u00e9poca Incaica, los Quipucamayocs, aquellos especialistas que pod\u00edan decifrar y recifrar el contenido de los dispositivos construidos en base a cuerdas y nudos conocidos como Quipus, herramientas textiles de almacenamiento de datos que hoy en gozan de un renovado inter\u00e9s tanto por investigadores como por artistas interesados en temas tecnol\u00f3gicos.<\/p>\n<hr \/>\n<h3><span style=\"color: #993300;\">[Jueves 20 mayo]<\/span><\/h3>\n<p><iframe loading=\"lazy\" title=\"YouTube video player\" src=\"https:\/\/www.youtube.com\/embed\/IgblBlHUnaE\" width=\"560\" height=\"315\" frameborder=\"0\" allowfullscreen=\"allowfullscreen\"><\/iframe><\/p>\n<p><span style=\"color: #993300;\"><strong>El hacer audiovisual en la Abya Yala contempor\u00e1nea<br \/>\n<\/strong><span style=\"color: #333333;\" data-sheets-formula-bar-text-style=\"font-size:13px;color:#000000;font-weight:normal;text-decoration:none;font-family:'Arial';font-style:normal;text-decoration-skip-ink:none;\"><a href=\"https:\/\/www.pumpumyachkan.org\/fiesta\/\">Paola Coronado Romero [PE]<\/a><br \/>\n<a href=\"https:\/\/www.pumpumyachkan.org\/lucrecia\/\">Romina Luz Garay [AR]<\/a><br \/>\n<a href=\"https:\/\/www.pumpumyachkan.org\/transito-liminal\/\">Prajell_avi [BO] <\/a><\/span><br \/>\n<a href=\"https:\/\/www.pumpumyachkan.org\/en-tre-fuego-incesante\/\">Ivonne Sheen [PE]<\/a><br \/>\n<a href=\"https:\/\/www.pumpumyachkan.org\/kinder-d\">Diana Medina + Angela Marciales [CO]<\/a><br \/>\n<a href=\"https:\/\/www.pumpumyachkan.org\/fragmentos\/\">Jose M. Delgadillo [MX]<\/a><br \/>\n<a href=\"https:\/\/www.pumpumyachkan.org\/el-dolor-en-el-espejo\/\">Raul Chuquimia [PE]<\/a><br \/>\n<a href=\"https:\/\/www.pumpumyachkan.org\/efimero-con-jorge-corpuna\/\">Jorge Pablo Tantavilca [PE]<\/a><br \/>\n<a href=\"https:\/\/www.pumpumyachkan.org\/mycelium-poeticas-para-una-posible-futura-sociedad-micelial\/\">Mauricio Rom\u00e1n Miranda \/ XX [CL]<\/a><br \/>\n<\/span><\/p>\n<hr \/>\n<h3><span style=\"color: #993300;\">[Lunes 24 mayo]<\/span><\/h3>\n<p><iframe loading=\"lazy\" title=\"YouTube video player\" src=\"https:\/\/www.youtube.com\/embed\/HPuF-BPF76Q\" width=\"560\" height=\"315\" frameborder=\"0\" allowfullscreen=\"allowfullscreen\"><\/iframe><\/p>\n<p><iframe loading=\"lazy\" title=\"Pumpumyachkan - El hacer audiovisual en la AbyaYala contempor\u00e1nea.\" width=\"640\" height=\"360\" src=\"https:\/\/www.youtube.com\/embed\/AIqRqwxPKSY?feature=oembed\" frameborder=\"0\" allow=\"accelerometer; autoplay; clipboard-write; encrypted-media; gyroscope; picture-in-picture; web-share\" referrerpolicy=\"strict-origin-when-cross-origin\" allowfullscreen><\/iframe><\/p>\n<p><iframe loading=\"lazy\" title=\"El hacer audiovisual en la Abya Yala contempor\u00e1nea\" width=\"640\" height=\"360\" src=\"https:\/\/www.youtube.com\/embed\/IR7jfchNCjY?feature=oembed\" frameborder=\"0\" allow=\"accelerometer; autoplay; clipboard-write; encrypted-media; gyroscope; picture-in-picture; web-share\" referrerpolicy=\"strict-origin-when-cross-origin\" allowfullscreen><\/iframe><\/p>\n<p><span style=\"color: #993300;\"><strong>El hacer audiovisual en la Abya Yala contempor\u00e1nea<\/strong><br \/>\n<span style=\"color: #333333;\"><a href=\"https:\/\/www.pumpumyachkan.org\/nostalgia\/\">Giuseppe V. Castillo [PE]<\/a><br \/>\n<a href=\"https:\/\/www.pumpumyachkan.org\/me-planto\/\">Diana Villalobos Fontana [CR]<\/a><br \/>\n<a href=\"https:\/\/www.pumpumyachkan.org\/invisible\/\">Daniela Aguirre Torres [BO]<\/a><br \/>\n<a href=\"https:\/\/www.pumpumyachkan.org\/creadoras-el-arte-de-parir\/\">Gabriela Koc G\u00f3ngora [PE]<\/a><br \/>\n<a href=\"https:\/\/www.pumpumyachkan.org\/la-causalidad-del-encuentro\/\">Alex Cruz [PE]<\/a><br \/>\n<span data-sheets-formula-bar-text-style=\"font-size:13px;color:#000000;font-weight:normal;text-decoration:none;font-family:'Arial';font-style:normal;text-decoration-skip-ink:none;\"><a href=\"https:\/\/www.pumpumyachkan.org\/capturando-el-tiempo\/\">Itzel Sarmientos [MX]<\/a><br \/>\n<a href=\"https:\/\/www.pumpumyachkan.org\/correspondencias-a-valeria\/\">Dante Joel Chanduvi Zapata [PE]<\/a><br \/>\n<a href=\"https:\/\/www.pumpumyachkan.org\/bb-yo-tmb-he-sido-bulimica\/\">Claudia Vanessa [PE]<\/a><\/span><\/span><strong><br \/>\n<\/strong><\/span><\/p>\n<hr \/>\n<h3><span style=\"color: #993300;\">[Jueves 27 mayo]<\/span><\/h3>\n<p><iframe loading=\"lazy\" title=\"YouTube video player\" src=\"https:\/\/www.youtube.com\/embed\/lMcZHPIvYj0\" width=\"560\" height=\"315\" frameborder=\"0\" allowfullscreen=\"allowfullscreen\"><\/iframe><\/p>\n<p><span style=\"color: #993300;\"><strong>El hacer audiovisual desde el movimiento en la Abya Yala contempor\u00e1nea<br \/>\n<\/strong><\/span><a href=\"https:\/\/www.pumpumyachkan.org\/gea\/\">Yeny Xu [PE]<\/a><br \/>\n<a href=\"https:\/\/www.pumpumyachkan.org\/grabado-en-vivo-ii\/\">Tania Alejandra [MX]<\/a><br \/>\n<a href=\"https:\/\/www.pumpumyachkan.org\/abajo-de-la-tierra-o-cabeza-adentro\/\"><span data-sheets-value=\"{&quot;1&quot;:2,&quot;2&quot;:&quot;Irene Wa.&quot;}\" data-sheets-userformat=\"{&quot;2&quot;:513,&quot;3&quot;:{&quot;1&quot;:0},&quot;12&quot;:0}\">Irene Wa.<\/span> [MX]<\/a><br \/>\n<a href=\"https:\/\/www.pumpumyachkan.org\/glitch_el-error-en-el-cuerpo\/\">Ferm\u00edn Mart\u00ednez (FRCH) [MX]<\/a><br \/>\n<a href=\"https:\/\/www.pumpumyachkan.org\/paisajes-mas-alla-de-la-muerte-prologo-holografia-escenica-para-elevar-el-espiritu\/\">Carlos Ivan Cruz (Teatro Cuerpo Social) [MX]<\/a><br \/>\n<a href=\"https:\/\/www.pumpumyachkan.org\/el-cuerpo-es-el-mensaje\/\">Sendic Vazquez (Sociedad del Paisaje) [MX]<\/a><br \/>\n<a href=\"https:\/\/www.pumpumyachkan.org\/acep-no\/\"><span data-sheets-value=\"{&quot;1&quot;:2,&quot;2&quot;:&quot;D\u00e9borah Baquerizo Barrios&quot;}\" data-sheets-userformat=\"{&quot;2&quot;:515,&quot;3&quot;:{&quot;1&quot;:0},&quot;4&quot;:{&quot;1&quot;:2,&quot;2&quot;:16750848},&quot;12&quot;:0}\">D\u00e9borah Baquerizo Barrios<\/span> [PE]<\/a><\/p>\n<hr \/>\n<h3><span style=\"color: #993300;\">[Lunes 31 mayo]<\/span><\/h3>\n<p><iframe loading=\"lazy\" title=\"YouTube video player\" src=\"https:\/\/www.youtube.com\/embed\/wt17EgsFT9M\" width=\"560\" height=\"315\" frameborder=\"0\" allowfullscreen=\"allowfullscreen\"><\/iframe><\/p>\n<p><span style=\"color: #993300;\"><strong>Redes y colaboraci\u00f3n desde el sonido y el audiovisual en la Abya Yala contempor\u00e1nea<br \/>\n<\/strong><a href=\"https:\/\/www.pumpumyachkan.org\/musexplat-muestra\/\">Emilia Bahamonde [EC] &#8211; Musexplat<\/a><strong><br \/>\n<\/strong><a href=\"https:\/\/www.pumpumyachkan.org\/comunidad-peruana-de-musica-nueva\/\">Giaco Carrera [PE] &#8211; CPMN<\/a><br \/>\n<a href=\"https:\/\/www.pumpumyachkan.org\/gris-peru-muestra\/\">Luis Merino [PE] &#8211; GrIs Per\u00fa<\/a><br \/>\n<a href=\"https:\/\/www.pumpumyachkan.org\/media-auris-muestra\/\">Andres Cuartas [CO] &#8211; La Tostadora<\/a><br \/>\n<a href=\"https:\/\/www.pumpumyachkan.org\/cine-toro-muestra\/\">Andres \u00dazuaga Naranjo + Mar\u00eda Chalela [CO] &#8211; Cine Toro<\/a><br \/>\n<\/span><\/p>\n","protected":false},"excerpt":{"rendered":"<p>[Martes 4 mayo] Resistencias Po\u00e9ticas (ciber) Feministas. Hackfeminismo, arte y m\u00fasica Marianne Teixido [MX] En esta charla hilaremos algunos conceptos que articulan el movimiento ciberfeminista en su relaci\u00f3n con el software libre, la m\u00fasica y el c\u00f3digo como resistencia pol\u00edtica desde el sur global. Manifiesto a trav\u00e9s de la obra de artistas y colectivas que&#8230;<\/p>\n","protected":false},"author":1,"featured_media":0,"parent":0,"menu_order":0,"comment_status":"closed","ping_status":"closed","template":"","meta":{"footnotes":""},"class_list":["post-910","page","type-page","status-publish","hentry"],"_links":{"self":[{"href":"https:\/\/asimtria.org\/pumpum\/index.php?rest_route=\/wp\/v2\/pages\/910","targetHints":{"allow":["GET"]}}],"collection":[{"href":"https:\/\/asimtria.org\/pumpum\/index.php?rest_route=\/wp\/v2\/pages"}],"about":[{"href":"https:\/\/asimtria.org\/pumpum\/index.php?rest_route=\/wp\/v2\/types\/page"}],"author":[{"embeddable":true,"href":"https:\/\/asimtria.org\/pumpum\/index.php?rest_route=\/wp\/v2\/users\/1"}],"replies":[{"embeddable":true,"href":"https:\/\/asimtria.org\/pumpum\/index.php?rest_route=%2Fwp%2Fv2%2Fcomments&post=910"}],"version-history":[{"count":49,"href":"https:\/\/asimtria.org\/pumpum\/index.php?rest_route=\/wp\/v2\/pages\/910\/revisions"}],"predecessor-version":[{"id":2292,"href":"https:\/\/asimtria.org\/pumpum\/index.php?rest_route=\/wp\/v2\/pages\/910\/revisions\/2292"}],"wp:attachment":[{"href":"https:\/\/asimtria.org\/pumpum\/index.php?rest_route=%2Fwp%2Fv2%2Fmedia&parent=910"}],"curies":[{"name":"wp","href":"https:\/\/api.w.org\/{rel}","templated":true}]}}