{"id":908,"date":"2021-04-17T00:37:46","date_gmt":"2021-04-16T22:37:46","guid":{"rendered":"https:\/\/asimtria.org\/pumpum\/?page_id=908"},"modified":"2022-04-05T06:43:38","modified_gmt":"2022-04-05T04:43:38","slug":"conciertos-2","status":"publish","type":"page","link":"https:\/\/asimtria.org\/pumpum\/?page_id=908","title":{"rendered":"Performances Audiovisuales"},"content":{"rendered":"<p><img loading=\"lazy\" decoding=\"async\" class=\"alignnone size-full wp-image-764\" src=\"https:\/\/asimtria.org\/pumpum\/wp-content\/uploads\/sites\/14\/2021\/03\/cropped-bannerweb1.jpg\" alt=\"\" width=\"1015\" height=\"276\" srcset=\"https:\/\/asimtria.org\/pumpum\/wp-content\/uploads\/sites\/14\/2021\/03\/cropped-bannerweb1.jpg 1015w, https:\/\/asimtria.org\/pumpum\/wp-content\/uploads\/sites\/14\/2021\/03\/cropped-bannerweb1-300x82.jpg 300w, https:\/\/asimtria.org\/pumpum\/wp-content\/uploads\/sites\/14\/2021\/03\/cropped-bannerweb1-768x209.jpg 768w, https:\/\/asimtria.org\/pumpum\/wp-content\/uploads\/sites\/14\/2021\/03\/cropped-bannerweb1-619x168.jpg 619w\" sizes=\"auto, (max-width: 1015px) 100vw, 1015px\" \/><\/p>\n<section id=\"nav_menu-4\" class=\"fbox swidgets-wrap widget widget_nav_menu amr_widget\"><div class=\"menu-2021-container\"><ul id=\"menu-2021\" class=\"menu\"><li id=\"menu-item-899\" class=\"menu-item menu-item-type-post_type menu-item-object-page menu-item-899\"><a href=\"https:\/\/asimtria.org\/pumpum\/?page_id=888\">Selecci\u00f3n Audiovisual y Sonora<\/a><\/li>\n<li id=\"menu-item-915\" class=\"menu-item menu-item-type-post_type menu-item-object-page menu-item-915\"><a href=\"https:\/\/asimtria.org\/pumpum\/?page_id=903\">Muestras invitadas<\/a><\/li>\n<li id=\"menu-item-913\" class=\"menu-item menu-item-type-post_type menu-item-object-page menu-item-913\"><a href=\"https:\/\/asimtria.org\/pumpum\/?page_id=910\">Conversaciones 2021<\/a><\/li>\n<li id=\"menu-item-914\" class=\"menu-item menu-item-type-post_type menu-item-object-page menu-item-914\"><a href=\"https:\/\/asimtria.org\/pumpum\/?page_id=908\">Conciertos<\/a><\/li>\n<li id=\"menu-item-1204\" class=\"menu-item menu-item-type-custom menu-item-object-custom menu-item-1204\"><a href=\"https:\/\/asimtria.org\/pumpum\/?page_id=2268\">Talleres<\/a><\/li>\n<li id=\"menu-item-1291\" class=\"menu-item menu-item-type-post_type menu-item-object-page menu-item-1291\"><a href=\"https:\/\/asimtria.org\/pumpum\/?page_id=1288\">Proyecciones Presenciales<\/a><\/li>\n<li id=\"menu-item-1329\" class=\"menu-item menu-item-type-post_type menu-item-object-page menu-item-1329\"><a href=\"https:\/\/asimtria.org\/pumpum\/?page_id=1326\">Radio Tsonami<\/a><\/li>\n<li id=\"menu-item-2236\" class=\"menu-item menu-item-type-post_type menu-item-object-page menu-item-2236\"><a href=\"https:\/\/asimtria.org\/pumpum\/?page_id=2199\">Artistas<\/a><\/li>\n<li id=\"menu-item-2103\" class=\"menu-item menu-item-type-post_type menu-item-object-page menu-item-2103\"><a href=\"https:\/\/asimtria.org\/pumpum\/?page_id=1370\">Memoria<\/a><\/li>\n<\/ul><\/div><\/section>\n<hr \/>\n<h3><span style=\"color: #993300;\">[Mi\u00e9rcoles 5 mayo]<\/span><\/h3>\n<p><iframe loading=\"lazy\" title=\"YouTube video player\" src=\"https:\/\/www.youtube.com\/embed\/q1c0wyxzPAo\" width=\"560\" height=\"315\" frameborder=\"0\" allowfullscreen=\"allowfullscreen\" data-mce-fragment=\"1\"><\/iframe><\/p>\n<h3><strong><a href=\"https:\/\/asimtria.org\/pumpum\/?p=940\">smosgasbord [CR]<\/a><\/strong><\/h3>\n<p><span class=\"style-scope yt-formatted-string\" dir=\"auto\">En esta propuesta son utilizadas dos herramientas de livecoding: foxdot e hydra, una para la parte sonora y la otra para lo visual-audioreactivo. Se hace uso de samples escogidos e instrumentos de Supercollider.<\/span><\/p>\n<h3><strong>Memorias &#8211; <a href=\"https:\/\/asimtria.org\/pumpum\/?p=946\">Jessica A. Rodr\u00edguez [MX\/CA]<\/a><\/strong><\/h3>\n<p><span class=\"style-scope yt-formatted-string\" dir=\"auto\">MEMORIAS es un proyecto art\u00edstico donde se desarrollaron seis esolangs para la creaci\u00f3n audiovisual a los que se puede acceder a trav\u00e9s de <\/span><a class=\"yt-simple-endpoint style-scope yt-formatted-string\" dir=\"auto\" spellcheck=\"false\" href=\"https:\/\/estuary.mcmaster.ca\/\" target=\"_blank\" rel=\"nofollow noopener\">https:\/\/estuary.mcmaster.ca\/<\/a><span class=\"style-scope yt-formatted-string\" dir=\"auto\">\u200b<\/span><span class=\"style-scope yt-formatted-string\" dir=\"auto\"> (una plataforma online y en red para codificaci\u00f3n en vivo desarrollada en McMaster University). Este proyecto explora c\u00f3mo el habla, en su modo escrito, puede usarse como una interfaz que permite a los int\u00e9rpretes comunicarse con la computadora y la audiencia. Paralelamente, el habla &#8211; en su modo sonoro &#8211; ampl\u00eda las posibilidades de la literatura hablada produciendo variaciones ilimitadas de las historias autobiogr\u00e1ficas \u00aboriginales\u00bb. Para Pumpumyachkan, se realiz\u00f3 una grabaci\u00f3n de un performance de inicio a fin. Para la parte sonora se utilizaron tres de seis esolangs (Leer, Escribir y Observar) y para la parte visual se utiliz\u00f3 CineCer0 y Hydra (ambos disponibles en la plataforma Estuary). Este proyecto es parte del Programa de Est\u00edmulo a la Creaci\u00f3n y Desarrollo Art\u00edstico de Michoac\u00e1n (PECDAM\u201918), en M\u00e9xico. Fue desarrollado con la ayuda del Networked Imagination Laboratory [NIL] y SSHRC grant en McMaster University in Hamilton, Canad\u00e1. Este proyecto pertenece a la plataforma andamio.in. Cr\u00e9ditos adicionales: Victoria Wojciechowska (voz en Ingl\u00e9s), Rolando Rodr\u00edguez (voz en Espa\u00f1ol), Iracema de Andrade (cello)<\/span>.<\/p>\n<h3><strong>Gigantes &#8211; <a href=\"https:\/\/asimtria.org\/pumpum\/?p=963\">Emilio Ocelotl [MX]<\/a><\/strong><\/h3>\n<p><span class=\"style-scope yt-formatted-string\" dir=\"auto\">Live coding con SuperCollider, OpenFrameworks y una tornamesa.<\/span><\/p>\n<p><iframe loading=\"lazy\" title=\"elpueblodechina [Pumpumyachkan 2021]\" width=\"640\" height=\"360\" src=\"https:\/\/www.youtube.com\/embed\/pBuImnI-toU?feature=oembed\" frameborder=\"0\" allow=\"accelerometer; autoplay; clipboard-write; encrypted-media; gyroscope; picture-in-picture; web-share\" referrerpolicy=\"strict-origin-when-cross-origin\" allowfullscreen><\/iframe><\/p>\n<h3><a href=\"https:\/\/asimtria.org\/pumpum\/?p=1147\"><strong>elpueblodechina [CL]<\/strong><\/a><\/h3>\n<p><span class=\"style-scope yt-formatted-string\" dir=\"auto\">Schmitt trigger, super collider y transformaci\u00f3n de imagen a sonido. elpueblodechina tcc Alejandra P\u00e9rez y video de Pablo Mollenhauer<\/span><\/p>\n<hr \/>\n<h3><span style=\"color: #993300;\">[Viernes 7 mayo]<\/span><\/h3>\n<p><iframe loading=\"lazy\" title=\"YouTube video player\" src=\"https:\/\/www.youtube.com\/embed\/LkZvv30bU4g\" width=\"560\" height=\"315\" frameborder=\"0\" allowfullscreen=\"allowfullscreen\"><\/iframe><\/p>\n<h3><strong><a href=\"https:\/\/asimtria.org\/pumpum\/?p=788\">Noisk8 [CO]<\/a><\/strong><\/h3>\n<h3><strong><a href=\"https:\/\/asimtria.org\/pumpum\/?p=807\">Celeste Betancur [CO]<\/a><\/strong><\/h3>\n<h3><strong>Corpograf\u00edas de la violencia &#8211; <\/strong><a href=\"https:\/\/asimtria.org\/pumpum\/?p=799\"><strong>Marianne Teixido [MX]<\/strong><\/a><\/h3>\n<p>Concierto de Live Coding. Improvisaci\u00f3n sonoro visual con SuperCollider, ThreeJS y Hydra.<\/p>\n<h3><strong>La cumbia Michoacana + La cumbia de la lluvia 2.0 &#8211; <\/strong><a href=\"https:\/\/asimtria.org\/pumpum\/?p=1132\"><strong>Grupo D\u2019Binis [MX\/CA]<\/strong><\/a><\/h3>\n<p>En esta ocasi\u00f3n traemos para ustedes el estreno mundial de \u00abLa cumbia Michoacana\u00bb y \u00abLa cumbia de la lluvia 2.0\u00bb.<\/p>\n<h3><strong><a href=\"https:\/\/asimtria.org\/pumpum\/?p=1217\">Utop\u00eda Bucanera [CL]<\/a><\/strong><\/h3>\n<p>Cajas de ritmo, piano el\u00e9ctrico, sintetizador, reverberaciones, repeticiones, distorsiones y piezo electricidad.<\/p>\n<hr \/>\n<h3><span style=\"color: #993300;\">[Mi\u00e9rcoles 12 mayo]<\/span><\/h3>\n<p><iframe loading=\"lazy\" title=\"YouTube video player\" src=\"https:\/\/www.youtube.com\/embed\/1EQaKMjEiFo\" width=\"560\" height=\"315\" frameborder=\"0\" allowfullscreen=\"allowfullscreen\"><\/iframe><\/p>\n<h3><strong><a href=\"https:\/\/asimtria.org\/pumpum\/?p=867\">Marcelo Mellado [PE]<\/a><\/strong><\/h3>\n<p><span class=\"style-scope yt-formatted-string\" dir=\"auto\">Procesamiento de se\u00f1ales electroac\u00fasticas, Coding con SuperCollider, superposici\u00f3n de capas.<\/span><\/p>\n<h3><strong><a href=\"https:\/\/asimtria.org\/pumpum\/?p=870\">Rosa Naid Cruz Tica [PE]<\/a><\/strong><\/h3>\n<h3><strong><a href=\"https:\/\/asimtria.org\/pumpum\/?p=873\">TAKAU [PE]<\/a><\/strong><\/h3>\n<p><span class=\"style-scope yt-formatted-string\" dir=\"auto\">\u2022Registros sonoros: danzas, voces.\u2022Instrumentos electr\u00f3nicos DIY.\u2022Otros instrumentos org\u00e1nicos: Percusiones, vientos.<\/span><\/p>\n<h3><strong>Tal vez y si &#8211; <\/strong><a href=\"https:\/\/asimtria.org\/pumpum\/?p=1032\"><strong>Gonzalo Garrafa [PE]<\/strong><\/a><\/h3>\n<p><span class=\"style-scope yt-formatted-string\" dir=\"auto\"> La interpretaci\u00f3n presenta motivos tonales y atonales, utilizando el ruido y los timbres producidos por los instrumentos ejecutados. El uso de arm\u00f3nicos de la zampo\u00f1a acompa\u00f1ados por los arm\u00f3nicos de una guitarra desafinada intencionalmente.Tambi\u00e9n se usa recursos sonoros procesados en computadora que acompa\u00f1an algunos de los movimientos de la obra.<\/span><\/p>\n<h3><a href=\"https:\/\/asimtria.org\/pumpum\/?p=1144\"><strong>Ciclica [PE]<\/strong><\/a><\/h3>\n<p><span class=\"style-scope yt-formatted-string\" dir=\"auto\">Software max for ableton live sincronizado con reason rewire, salida midi v\u00eda interface midi itwo-presonus, controladores midi opcionales.<\/span><\/p>\n<h3><span style=\"color: #993300;\">[Viernes 14 mayo]<\/span><\/h3>\n<p><iframe loading=\"lazy\" title=\"YouTube video player\" src=\"https:\/\/www.youtube.com\/embed\/3NAvJvR77LU\" width=\"560\" height=\"315\" frameborder=\"0\" allowfullscreen=\"allowfullscreen\"><\/iframe><\/p>\n<h3><strong>Eterno retorno &#8211; <a href=\"https:\/\/asimtria.org\/pumpum\/?p=959\">Laura Zapata [CO]<\/a><br \/>\n<\/strong><\/h3>\n<p>Improvisaci\u00f3n del soporte fijo con live coding y creaci\u00f3n de la composici\u00f3n.<\/p>\n<p>Compositora Laura Zapata, cantante y video Natalia Merlano G\u00f3mez, mezcla y masterizaci\u00f3n Luca Gardini.<\/p>\n<h3><strong><a href=\"https:\/\/asimtria.org\/pumpum\/?p=1464\">#DMTh5 [PE]<\/a><\/strong><\/h3>\n<p>Super Collider \/ artefactos sonoros pre coloniales<\/p>\n<h3><strong><a href=\"https:\/\/asimtria.org\/pumpum\/?p=876\">Mauricio Banda [PE]<\/a><\/strong><\/h3>\n<h3><strong><a href=\"https:\/\/asimtria.org\/pumpum\/?p=881\">r1ffm4nn [PE]<\/a><\/strong><\/h3>\n<h3><a href=\"https:\/\/asimtria.org\/pumpum\/?p=943\"><strong>C_L1M1NAL [PE]<\/strong><\/a><\/h3>\n<p>Grabaci\u00f3n, producci\u00f3n y selecci\u00f3n de muestras sonoras e im\u00e1genes para la programaci\u00f3n de c\u00f3digo en TidalCycles (sonido) e Hydra (video)<\/p>\n","protected":false},"excerpt":{"rendered":"<p>[Mi\u00e9rcoles 5 mayo] smosgasbord [CR] En esta propuesta son utilizadas dos herramientas de livecoding: foxdot e hydra, una para la parte sonora y la otra para lo visual-audioreactivo. Se hace uso de samples escogidos e instrumentos de Supercollider. Memorias &#8211; Jessica A. Rodr\u00edguez [MX\/CA] MEMORIAS es un proyecto art\u00edstico donde se desarrollaron seis esolangs para&#8230;<\/p>\n","protected":false},"author":1,"featured_media":0,"parent":0,"menu_order":0,"comment_status":"closed","ping_status":"closed","template":"","meta":{"footnotes":""},"class_list":["post-908","page","type-page","status-publish","hentry"],"_links":{"self":[{"href":"https:\/\/asimtria.org\/pumpum\/index.php?rest_route=\/wp\/v2\/pages\/908","targetHints":{"allow":["GET"]}}],"collection":[{"href":"https:\/\/asimtria.org\/pumpum\/index.php?rest_route=\/wp\/v2\/pages"}],"about":[{"href":"https:\/\/asimtria.org\/pumpum\/index.php?rest_route=\/wp\/v2\/types\/page"}],"author":[{"embeddable":true,"href":"https:\/\/asimtria.org\/pumpum\/index.php?rest_route=\/wp\/v2\/users\/1"}],"replies":[{"embeddable":true,"href":"https:\/\/asimtria.org\/pumpum\/index.php?rest_route=%2Fwp%2Fv2%2Fcomments&post=908"}],"version-history":[{"count":20,"href":"https:\/\/asimtria.org\/pumpum\/index.php?rest_route=\/wp\/v2\/pages\/908\/revisions"}],"predecessor-version":[{"id":2314,"href":"https:\/\/asimtria.org\/pumpum\/index.php?rest_route=\/wp\/v2\/pages\/908\/revisions\/2314"}],"wp:attachment":[{"href":"https:\/\/asimtria.org\/pumpum\/index.php?rest_route=%2Fwp%2Fv2%2Fmedia&parent=908"}],"curies":[{"name":"wp","href":"https:\/\/api.w.org\/{rel}","templated":true}]}}