{"id":6275,"date":"2025-08-12T05:42:29","date_gmt":"2025-08-12T03:42:29","guid":{"rendered":"https:\/\/asimtria.org\/pumpum\/?page_id=6275"},"modified":"2026-04-05T04:17:46","modified_gmt":"2026-04-05T02:17:46","slug":"nuevos-medios-y-tecnologias-libres-para-el-audiovisual-la-musica-y-la-escucha-2","status":"publish","type":"page","link":"https:\/\/asimtria.org\/pumpum\/","title":{"rendered":"Territorio, Memoria, Nuevos medios y Tecnolog\u00edas Libres"},"content":{"rendered":"<p>&nbsp;<\/p>\n<hr \/>\n<h1><strong>PARAY MITAPI<\/strong><\/h1>\n<h3>ENERO | FEBERERO | MARZO 2026<\/h3>\n<hr \/>\n<p><img loading=\"lazy\" decoding=\"async\" class=\"alignnone size-full wp-image-6535\" src=\"https:\/\/asimtria.org\/pumpum\/wp-content\/uploads\/sites\/14\/2025\/10\/pumpum26_web.jpg\" alt=\"\" width=\"750\" height=\"375\" srcset=\"https:\/\/asimtria.org\/pumpum\/wp-content\/uploads\/sites\/14\/2025\/10\/pumpum26_web.jpg 750w, https:\/\/asimtria.org\/pumpum\/wp-content\/uploads\/sites\/14\/2025\/10\/pumpum26_web-300x150.jpg 300w, https:\/\/asimtria.org\/pumpum\/wp-content\/uploads\/sites\/14\/2025\/10\/pumpum26_web-205x103.jpg 205w, https:\/\/asimtria.org\/pumpum\/wp-content\/uploads\/sites\/14\/2025\/10\/pumpum26_web-480x240.jpg 480w\" sizes=\"auto, (max-width: 750px) 100vw, 750px\" \/><\/p>\n<p><b>Pumpumyachkan tinkuy<\/b> es un tiempo y espacio en el territorio andino, de sostenimiento colectivo, colaboraci\u00f3n y coexistencia, dedicado a la exploraci\u00f3n de saberes, conocimientos y experiencias en la creaci\u00f3n audiovisual y sonora, desde un enfoque en las tecnolog\u00edas y en las comunidades que las practican y desarrollan, reuniendo personas, colectivos y proyectos que, desde la experimentaci\u00f3n con estas herramientas, exploran tem\u00e1ticas relativas a la Memoria y el Territorio.<\/p>\n<hr \/>\n<h3 style=\"text-align: center;\"><strong>WANKAWILLKA [20 &#8211; 21 FEBRERO]<\/strong><\/h3>\n<h3 style=\"text-align: center;\"><strong>PIWRA [04 &#8211; 06 MARZO]<\/strong><\/h3>\n<h3 style=\"text-align: center;\"><strong>URUPAMPA [26 &#8211; 28 MARZO]<\/strong><\/h3>\n<hr \/>\n<h2 style=\"text-align: center;\"><a href=\"https:\/\/asimtria.org\/archivolat\/?cat=253\" target=\"_blank\" rel=\"noopener\"><strong>CONCIERTOS AUDIOVISUALES<\/strong><\/a><\/h2>\n<hr \/>\n<p><img loading=\"lazy\" decoding=\"async\" class=\"alignnone size-full wp-image-6974\" src=\"https:\/\/asimtria.org\/pumpum\/wp-content\/uploads\/sites\/14\/2026\/03\/logos_cierre2026-6.png\" alt=\"\" width=\"800\" height=\"1000\" srcset=\"https:\/\/asimtria.org\/pumpum\/wp-content\/uploads\/sites\/14\/2026\/03\/logos_cierre2026-6.png 800w, https:\/\/asimtria.org\/pumpum\/wp-content\/uploads\/sites\/14\/2026\/03\/logos_cierre2026-6-240x300.png 240w, https:\/\/asimtria.org\/pumpum\/wp-content\/uploads\/sites\/14\/2026\/03\/logos_cierre2026-6-768x960.png 768w, https:\/\/asimtria.org\/pumpum\/wp-content\/uploads\/sites\/14\/2026\/03\/logos_cierre2026-6-300x375.png 300w\" sizes=\"auto, (max-width: 800px) 100vw, 800px\" \/><\/p>\n<hr \/>\n<p>&nbsp;<\/p>\n","protected":false},"excerpt":{"rendered":"<p>&nbsp; PARAY MITAPI ENERO | FEBERERO | MARZO 2026 Pumpumyachkan tinkuy es un tiempo y espacio en el territorio andino, de sostenimiento colectivo, colaboraci\u00f3n y coexistencia, dedicado a la exploraci\u00f3n de saberes, conocimientos y experiencias en la creaci\u00f3n audiovisual y sonora, desde un enfoque en las tecnolog\u00edas y en las comunidades que las practican y&#8230;<\/p>\n","protected":false},"author":1,"featured_media":0,"parent":0,"menu_order":0,"comment_status":"closed","ping_status":"closed","template":"","meta":{"footnotes":""},"class_list":["post-6275","page","type-page","status-publish","hentry"],"_links":{"self":[{"href":"https:\/\/asimtria.org\/pumpum\/index.php?rest_route=\/wp\/v2\/pages\/6275","targetHints":{"allow":["GET"]}}],"collection":[{"href":"https:\/\/asimtria.org\/pumpum\/index.php?rest_route=\/wp\/v2\/pages"}],"about":[{"href":"https:\/\/asimtria.org\/pumpum\/index.php?rest_route=\/wp\/v2\/types\/page"}],"author":[{"embeddable":true,"href":"https:\/\/asimtria.org\/pumpum\/index.php?rest_route=\/wp\/v2\/users\/1"}],"replies":[{"embeddable":true,"href":"https:\/\/asimtria.org\/pumpum\/index.php?rest_route=%2Fwp%2Fv2%2Fcomments&post=6275"}],"version-history":[{"count":152,"href":"https:\/\/asimtria.org\/pumpum\/index.php?rest_route=\/wp\/v2\/pages\/6275\/revisions"}],"predecessor-version":[{"id":7004,"href":"https:\/\/asimtria.org\/pumpum\/index.php?rest_route=\/wp\/v2\/pages\/6275\/revisions\/7004"}],"wp:attachment":[{"href":"https:\/\/asimtria.org\/pumpum\/index.php?rest_route=%2Fwp%2Fv2%2Fmedia&parent=6275"}],"curies":[{"name":"wp","href":"https:\/\/api.w.org\/{rel}","templated":true}]}}