{"id":5828,"date":"2025-02-24T16:15:39","date_gmt":"2025-02-24T15:15:39","guid":{"rendered":"https:\/\/asimtria.org\/pumpum\/?page_id=5828"},"modified":"2025-11-16T16:54:33","modified_gmt":"2025-11-16T15:54:33","slug":"programa-2025","status":"publish","type":"page","link":"https:\/\/asimtria.org\/pumpum\/?page_id=5828","title":{"rendered":"Programa 2025"},"content":{"rendered":"<hr \/>\n<h2 style=\"text-align: center;\"><span style=\"color: #ff6600;\"><strong>CUSCO<\/strong><\/span><\/h2>\n<hr \/>\n<p style=\"text-align: center;\"><a href=\"https:\/\/asimtria.org\/vrwasi\/?p=943\"><strong><span style=\"color: #ff6600;\">MUESTRA VRWASI<\/span><\/strong><\/a><br \/>\nMuestra de obras para lentes VR<\/p>\n<p style=\"text-align: center;\">LUNES 07 ABRIL | 3-6PM<br \/>\n<strong>Matu Galer\u00eda Caf\u00e9<\/strong><br \/>\nDavid Chaparro 147 Magisterio<\/p>\n<hr \/>\n<p style=\"text-align: center;\"><span style=\"color: #ff6600;\"><strong>TOCADA AUDIOVISUAL DE BIENVENIDA<\/strong><\/span><\/p>\n<p style=\"text-align: center;\"><strong><a class=\"arpw-title\" href=\"https:\/\/asimtria.org\/pumpum\/?p=1476\" rel=\"bookmark\">X + Y<\/a> [PE]<\/strong><\/p>\n<p style=\"text-align: center;\"><strong><a class=\"arpw-title\" href=\"https:\/\/asimtria.org\/pumpum\/?p=873\" rel=\"bookmark\">T4k4u<\/a> [PE]<\/strong><\/p>\n<p style=\"text-align: center;\"><strong><a class=\"arpw-title\" href=\"https:\/\/asimtria.org\/pumpum\/?p=870\" rel=\"bookmark\">Naid<\/a> [PE]<\/strong><\/p>\n<p style=\"text-align: center;\"><strong>### [PE]<\/strong><\/p>\n<p style=\"text-align: center;\">LUNES 07 ABRIL | 7-9PM<br \/>\n<strong>Matu Galer\u00eda Caf\u00e9<\/strong><br \/>\nDavid Chaparro 147 Magisterio<\/p>\n<hr \/>\n<p style=\"text-align: center;\"><span style=\"color: #ff6600;\"><strong>APERTURA<\/strong><\/span><\/p>\n<p style=\"text-align: center;\">MARTES 08 ABRIL | 9AM<br \/>\n<strong>Centro Bartolom\u00e9 de las Casas<\/strong><\/p>\n<hr \/>\n<p style=\"text-align: center;\"><span style=\"color: #ff6600;\"><strong>INSTALACIONES<\/strong><\/span><\/p>\n<p style=\"text-align: center;\">MARTES 08 ABRIL | 3 &#8211; 8PM : <strong><a href=\"https:\/\/asimtria.org\/pumpum\/?page_id=5987\">ALMACUNAPACC<\/a> | <\/strong><strong><a class=\"arpw-title\" href=\"https:\/\/asimtria.org\/pumpum\/?p=5801\" rel=\"bookmark\">Blanca Jurado<\/a> [PE]<\/strong><\/p>\n<p style=\"text-align: center;\">MI\u00c9RCOLES 09 ABRIL | 3 &#8211; 8PM : <strong><a href=\"https:\/\/asimtria.org\/pumpum\/?page_id=5955\">Le\u00f3n Muchik<\/a> | <\/strong><a class=\"arpw-title\" href=\"https:\/\/asimtria.org\/pumpum\/?p=5798\" rel=\"bookmark\"><strong>Sof\u00eda Rubio Ly<\/strong><\/a> <strong>[PE]<\/strong><\/p>\n<p style=\"text-align: center;\">, JUEVES 10 ABRIL | 3 &#8211; 8PM : <strong><a href=\"https:\/\/asimtria.org\/pumpum\/?page_id=5972\">Crist\u00f3bal Condori: Una Nariz de Ficci\u00f3n<\/a> | <\/strong><a class=\"arpw-title\" href=\"https:\/\/asimtria.org\/pumpum\/?p=5795\" rel=\"bookmark\"><strong>Viviana Mamani Cori<\/strong><\/a> <strong>[BO]<\/strong><\/p>\n<p style=\"text-align: center;\">VIERNES 11 ABRIL | 3 &#8211; 8PM : | <a href=\"https:\/\/asimtria.org\/pumpum\/?page_id=6006\"><strong>LIMATRIX<\/strong><\/a> | <a class=\"arpw-title\" href=\"https:\/\/asimtria.org\/pumpum\/?p=5684\" rel=\"bookmark\"><strong>Andr\u00e9s Cisneros<\/strong><\/a> <strong>[PE]<\/strong><\/p>\n<p style=\"text-align: center;\"><strong>Augusta Espacio<\/strong><br \/>\nCalle Suecia 332<\/p>\n<hr \/>\n<p style=\"text-align: center;\"><span style=\"color: #ff6600;\"><strong>CIERRE<\/strong><\/span><\/p>\n<p style=\"text-align: center;\"><strong>Uyay kay | <\/strong><a class=\"arpw-title\" href=\"https:\/\/asimtria.org\/pumpum\/?p=873\" rel=\"bookmark\"><strong>T4k4u<\/strong><\/a> <strong>[PE]<\/strong><br \/>\nUyay =escuchar ; kay= aqu\u00ed<br \/>\nEsc\u00fachame. Una forma de oir un lugar sagrado<\/p>\n<p style=\"text-align: center;\"><strong>S\u00c1BADO 12 ABRIL | 9AM<\/strong><br \/>\n<strong>Lanlakuyuq<\/strong><\/p>\n<hr \/>\n<p style=\"text-align: center;\"><span style=\"color: #ff6600;\"><strong>TOCADA AUDIOVISUAL DE DESPEDIDA<\/strong><\/span><\/p>\n<p style=\"text-align: center;\"><strong>\u00d1AN DE \u00d1EE \u00d1AN |\u00a0<\/strong><strong><a class=\"arpw-title\" href=\"https:\/\/asimtria.org\/pumpum\/?p=5821\" rel=\"bookmark\">Andarina radio bocina comunitaria<\/a> [BO]<\/strong><br \/>\n\u00d1ande \u00d1ee (del guaran\u00ed) nuestra palabra, nuestra voz, nuestro modo de ser, nuesto modo de ser es nutra lenguaje conectado a los esp\u00edritus.<br \/>\n\u00d1an (del quecha) camino<\/p>\n<p style=\"text-align: center;\"><strong><a class=\"arpw-title\" href=\"https:\/\/asimtria.org\/pumpum\/?p=3821\" rel=\"bookmark\">Camila Cijka<\/a> [CL]<\/strong><\/p>\n<p style=\"text-align: center;\"><strong><a class=\"arpw-title\" href=\"https:\/\/asimtria.org\/pumpum\/?p=5816\" rel=\"bookmark\">Caperooza<\/a> [CO]<\/strong><\/p>\n<p style=\"text-align: center;\"><strong><a class=\"arpw-title\" href=\"https:\/\/asimtria.org\/pumpum\/?p=5872\" rel=\"bookmark\">Cristina Collazos<\/a> [BO]<\/strong><\/p>\n<p style=\"text-align: center;\"><strong>S\u00c1BADO 12 ABRIL | 8PM<\/strong><br \/>\n<strong>Matu Galer\u00eda Caf\u00e9<\/strong><br \/>\nDavid Chaparro 147 Magisterio<\/p>\n<hr \/>\n<h2 style=\"text-align: center;\"><span style=\"color: #ff6600;\"><strong>URUBAMBA<\/strong><\/span><\/h2>\n<hr \/>\n<p style=\"text-align: center;\"><a href=\"https:\/\/asimtria.org\/vrwasi\/?p=943\"><strong><span style=\"color: #ff6600;\">MUESTRA VRWASI<\/span><\/strong><\/a><br \/>\n<strong>Muestra de obras para lentes VR<\/strong><\/p>\n<p style=\"text-align: center;\">JUEVES 03 ABRIL | 4 &#8211; 7PM<br \/>\nMaleza<br \/>\nAv. La Convenci\u00f3n 479<\/p>\n<hr \/>\n<h2 style=\"text-align: center;\"><span style=\"color: #ff6600;\"><strong>HUANCAYO<\/strong><\/span><\/h2>\n<hr \/>\n<p style=\"text-align: center;\"><a href=\"https:\/\/asimtria.org\/vrwasi\/?p=943\"><strong><span style=\"color: #ff6600;\">MUESTRA VRWASI<\/span><\/strong><\/a><br \/>\n<strong>Muestra de obras para lentes VR<\/strong><\/p>\n<p style=\"text-align: center;\">LUNES 27 ENERO | 6:30 &#8211; 8PM<br \/>\nDirecci\u00f3n Desconcentrada de Cultura Jun\u00edn<br \/>\nAv. Huancavelica 917, El Tambo<\/p>\n<p style=\"text-align: center;\">MI\u00c9RCOLES 29 ENERO | 6 &#8211; 8PM<br \/>\nAuditorio de la Municipalidad de Concepci\u00f3n<br \/>\nAv. Mariscal Caceres 329, Concepci\u00f3n<\/p>\n<p style=\"text-align: center;\">JUEVES 30 ENERO | 6:30 &#8211; 8PM<br \/>\nInstituto Continental<br \/>\nCalle Real 125, al lado de la Casa de la Juventud y la Cultura de Huancayo<\/p>\n<hr \/>\n<p style=\"text-align: center;\"><strong><span style=\"color: #ff6600;\">MUESTRA DE VIDEOMAPPING<\/span><\/strong><\/p>\n<p style=\"text-align: center;\">MARTES 28 ENERO | 6 &#8211; 8PM<br \/>\nYalpana Wasi<br \/>\nAv. Mariscal Castilla 851, Chilca<\/p>\n<hr \/>\n<p style=\"text-align: center;\"><strong><span style=\"color: #ff6600;\">CONCIERTO AUDIOVISUAL<\/span><\/strong><\/p>\n<p style=\"text-align: center;\"><strong><a class=\"arpw-title\" href=\"https:\/\/asimtria.org\/pumpum\/?p=1476\" rel=\"bookmark\">X + Y<\/a> [PE]<\/strong><br \/>\n<strong><a class=\"arpw-title\" href=\"https:\/\/asimtria.org\/pumpum\/?p=255\" rel=\"bookmark\">Pareidolia Espectral<\/a> + <a class=\"arpw-title\" href=\"https:\/\/asimtria.org\/pumpum\/?p=5368\" rel=\"bookmark\">Claudia Sof\u00eda Alvarez<\/a><\/strong> <strong>[PE]<\/strong><br \/>\n<strong><a class=\"arpw-title\" href=\"https:\/\/asimtria.org\/pumpum\/?p=5589\" rel=\"bookmark\">Zorzal<\/a> [PE]<\/strong><br \/>\n<strong><a class=\"arpw-title\" href=\"https:\/\/asimtria.org\/pumpum\/?p=5592\" rel=\"bookmark\">El Sur<\/a> [PE]<\/strong><br \/>\n<strong>Lxs Demonixs del Ande [PE]<\/strong><br \/>\n<strong>Las Qawzas [PE]<\/strong><\/p>\n<p style=\"text-align: center;\">VIERNES 31 ENERO | 9:00PM<\/p>\n<hr \/>\n","protected":false},"excerpt":{"rendered":"<p>CUSCO MUESTRA VRWASI Muestra de obras para lentes VR LUNES 07 ABRIL | 3-6PM Matu Galer\u00eda Caf\u00e9 David Chaparro 147 Magisterio TOCADA AUDIOVISUAL DE BIENVENIDA X + Y [PE] T4k4u [PE] Naid [PE] ### [PE] LUNES 07 ABRIL | 7-9PM Matu Galer\u00eda Caf\u00e9 David Chaparro 147 Magisterio APERTURA MARTES 08 ABRIL | 9AM Centro Bartolom\u00e9&#8230;<\/p>\n","protected":false},"author":1,"featured_media":0,"parent":0,"menu_order":0,"comment_status":"closed","ping_status":"closed","template":"","meta":{"footnotes":""},"class_list":["post-5828","page","type-page","status-publish","hentry"],"_links":{"self":[{"href":"https:\/\/asimtria.org\/pumpum\/index.php?rest_route=\/wp\/v2\/pages\/5828","targetHints":{"allow":["GET"]}}],"collection":[{"href":"https:\/\/asimtria.org\/pumpum\/index.php?rest_route=\/wp\/v2\/pages"}],"about":[{"href":"https:\/\/asimtria.org\/pumpum\/index.php?rest_route=\/wp\/v2\/types\/page"}],"author":[{"embeddable":true,"href":"https:\/\/asimtria.org\/pumpum\/index.php?rest_route=\/wp\/v2\/users\/1"}],"replies":[{"embeddable":true,"href":"https:\/\/asimtria.org\/pumpum\/index.php?rest_route=%2Fwp%2Fv2%2Fcomments&post=5828"}],"version-history":[{"count":23,"href":"https:\/\/asimtria.org\/pumpum\/index.php?rest_route=\/wp\/v2\/pages\/5828\/revisions"}],"predecessor-version":[{"id":6718,"href":"https:\/\/asimtria.org\/pumpum\/index.php?rest_route=\/wp\/v2\/pages\/5828\/revisions\/6718"}],"wp:attachment":[{"href":"https:\/\/asimtria.org\/pumpum\/index.php?rest_route=%2Fwp%2Fv2%2Fmedia&parent=5828"}],"curies":[{"name":"wp","href":"https:\/\/api.w.org\/{rel}","templated":true}]}}