{"id":5439,"date":"2024-12-03T15:49:25","date_gmt":"2024-12-03T14:49:25","guid":{"rendered":"https:\/\/asimtria.org\/pumpum\/?page_id=5439"},"modified":"2025-02-06T23:23:05","modified_gmt":"2025-02-06T22:23:05","slug":"muestra-de-obras-audiovisuales-para-lentes-vr","status":"publish","type":"page","link":"https:\/\/asimtria.org\/pumpum\/?page_id=5439","title":{"rendered":"Muestra de obras audiovisuales para lentes VR 2025"},"content":{"rendered":"<p><img loading=\"lazy\" decoding=\"async\" class=\"alignnone size-full wp-image-5578\" src=\"https:\/\/asimtria.org\/pumpum\/wp-content\/uploads\/sites\/14\/2025\/01\/muestravr_web_2025.jpg\" alt=\"\" width=\"450\" height=\"675\" srcset=\"https:\/\/asimtria.org\/pumpum\/wp-content\/uploads\/sites\/14\/2025\/01\/muestravr_web_2025.jpg 450w, https:\/\/asimtria.org\/pumpum\/wp-content\/uploads\/sites\/14\/2025\/01\/muestravr_web_2025-200x300.jpg 200w, https:\/\/asimtria.org\/pumpum\/wp-content\/uploads\/sites\/14\/2025\/01\/muestravr_web_2025-205x308.jpg 205w, https:\/\/asimtria.org\/pumpum\/wp-content\/uploads\/sites\/14\/2025\/01\/muestravr_web_2025-300x450.jpg 300w\" sizes=\"auto, (max-width: 450px) 100vw, 450px\" \/><\/p>\n<h2><strong>HUANCAYO \u2013 URUBAMBA &#8211; CUSCO<\/strong><br \/>\n<strong>ENERO \u2013 ABRIL 2025<\/strong><\/h2>\n<hr \/>\n<p><img loading=\"lazy\" decoding=\"async\" class=\"size-full wp-image-5579 aligncenter\" src=\"https:\/\/asimtria.org\/pumpum\/wp-content\/uploads\/sites\/14\/2025\/01\/catanaspecanas_web.jpg\" alt=\"\" width=\"700\" height=\"394\" srcset=\"https:\/\/asimtria.org\/pumpum\/wp-content\/uploads\/sites\/14\/2025\/01\/catanaspecanas_web.jpg 700w, https:\/\/asimtria.org\/pumpum\/wp-content\/uploads\/sites\/14\/2025\/01\/catanaspecanas_web-300x169.jpg 300w, https:\/\/asimtria.org\/pumpum\/wp-content\/uploads\/sites\/14\/2025\/01\/catanaspecanas_web-205x115.jpg 205w, https:\/\/asimtria.org\/pumpum\/wp-content\/uploads\/sites\/14\/2025\/01\/catanaspecanas_web-480x270.jpg 480w\" sizes=\"auto, (max-width: 700px) 100vw, 700px\" \/><\/p>\n<h3><strong>Casta\u00f1as y pascanas<\/strong><br \/>\n<a href=\"https:\/\/asimtria.org\/pumpum\/?p=5605\">Summerg\u014d Lab [BO]<\/a><\/h3>\n<p>Viaje inmersivo para conocer la ruta de la casta\u00f1a en la Amazon\u00eda boliviana, las comunidades y las personas detr\u00e1s de este duro trabajo. Diferentes historias de vida que se desarrollan en constante equilibrio con la naturaleza y sus tiempos, para cuidarla y preservarla.<\/p>\n<hr \/>\n<h3><img loading=\"lazy\" decoding=\"async\" class=\"size-full wp-image-5580 aligncenter\" src=\"https:\/\/asimtria.org\/pumpum\/wp-content\/uploads\/sites\/14\/2025\/01\/visionesdelfungiceno_web.jpg\" alt=\"\" width=\"700\" height=\"394\" srcset=\"https:\/\/asimtria.org\/pumpum\/wp-content\/uploads\/sites\/14\/2025\/01\/visionesdelfungiceno_web.jpg 700w, https:\/\/asimtria.org\/pumpum\/wp-content\/uploads\/sites\/14\/2025\/01\/visionesdelfungiceno_web-300x169.jpg 300w, https:\/\/asimtria.org\/pumpum\/wp-content\/uploads\/sites\/14\/2025\/01\/visionesdelfungiceno_web-205x115.jpg 205w, https:\/\/asimtria.org\/pumpum\/wp-content\/uploads\/sites\/14\/2025\/01\/visionesdelfungiceno_web-480x270.jpg 480w\" sizes=\"auto, (max-width: 700px) 100vw, 700px\" \/><\/h3>\n<h3><strong>Visiones del Fungiceno: Terraformaciones<\/strong><br \/>\n<a href=\"https:\/\/asimtria.org\/pumpum\/?p=2476\" rel=\"bookmark\">Angel Salazar [AR\/EC]<\/a><\/h3>\n<p>Visiones del Fungieno es una aproximaci\u00f3n especulativa para la articulaci\u00f3n de nuevos marcos espacio- temporales sobre ecosistemas futuros, mostrando a trav\u00e9s de medios digitales un posible escenario de terraformaci\u00f3n planetaria (post-antropoceno) co-dise\u00f1ado a partir de los principios biol\u00f3gicos contenidos en los patrones morfol\u00f3gicos de diversas especies de hongos de am\u00e9rica del sur que guiando algoritmos de inteligencia artificial generan ecosistemas, paisajes planetarios y neo-topograf\u00edas: territorios sint\u00e9ticos que reconstituir\u00edan en otro mundo los escenarios de devastaci\u00f3n actuales. En el acercamiento a un proceso de dise\u00f1o de este imaginario, es habilitado un puente de metodolog\u00edas simbi\u00f3ticas entre la inteligencia de los hongos y la inteligencia artificial, donde a partir de bases de datos que contienen fotograf\u00edas de tres g\u00e9neros basidiomicetos de hongos: Agaricus, Amanita y Suillus, se entrena un modelo de machine learning basado en StyleGAN2 (un programa de inteligencia artificial) que aprende las morfolog\u00edas de setas para generar nuevas series de im\u00e1genes basadas en estos patrones.<\/p>\n<hr \/>\n<p><img loading=\"lazy\" decoding=\"async\" class=\"size-full wp-image-5581 aligncenter\" src=\"https:\/\/asimtria.org\/pumpum\/wp-content\/uploads\/sites\/14\/2025\/01\/tympanuphylIa_web.jpg\" alt=\"\" width=\"700\" height=\"394\" srcset=\"https:\/\/asimtria.org\/pumpum\/wp-content\/uploads\/sites\/14\/2025\/01\/tympanuphylIa_web.jpg 700w, https:\/\/asimtria.org\/pumpum\/wp-content\/uploads\/sites\/14\/2025\/01\/tympanuphylIa_web-300x169.jpg 300w, https:\/\/asimtria.org\/pumpum\/wp-content\/uploads\/sites\/14\/2025\/01\/tympanuphylIa_web-205x115.jpg 205w, https:\/\/asimtria.org\/pumpum\/wp-content\/uploads\/sites\/14\/2025\/01\/tympanuphylIa_web-480x270.jpg 480w\" sizes=\"auto, (max-width: 700px) 100vw, 700px\" \/><\/p>\n<h3><strong>TympanuPhylIa : Organismo pabell\u00f3n para la escucha interspecie<\/strong><br \/>\n<a class=\"arpw-title\" href=\"https:\/\/asimtria.org\/pumpum\/?p=2129\" rel=\"bookmark\">CNDSD [MX]<\/a><\/h3>\n<p>Estamos vibrando. Toda la materia en la tierra compartimos la constante ralentizaci\u00f3n del sonido mediante nuestros cuerpos. El pabell\u00f3n virtual combina la calidad resonante de una membrana con la interconexi\u00f3n de un micelio, evocando una experiencia espacial y ac\u00fastica de voces no humanas que resuena y se amplifica a trav\u00e9s de su estructura org\u00e1nica, donde los avatares experimentan diferentes configuraciones sonoras seg\u00fan su movimiento y ubicaci\u00f3n. Mediante una ficci\u00f3n especulativa previa (pre[N]atura) llegamos a una especie de \u201clengua universal\u201d polif\u00f3nica, combinando lenguas muy antiguas que m\u00e1s que palabras tienen sonidos (Quechua,N\u00e1huatl,Maya, chino, sanscrito, hebreo, tamil, arameo, griego ) mediante AI,. Esta escucha mutua es el medio de estas criaturas que han evolucionado y adaptado de diferentes materiales de larga degradaci\u00f3n creando nuevas estructuras de gran escala en la b\u00fasqueda de interactuar con nosotros y compartir un mensaje. Su predecesor fue \u201c Layering Corpus\u201d un pabell\u00f3n WEBVR EN EL EXTINTO MOZILLA HUBS de consistencia inflable que alberg\u00f3 una experiencia sonora y la sensaci\u00f3n de atravesar un est\u00f3mago artificial &#8211; arquitect\u00f3nico, utilizando el espacio del metaverso como medio sonoro multicanal.<\/p>\n<hr \/>\n<p><img loading=\"lazy\" decoding=\"async\" class=\"size-full wp-image-5583 aligncenter\" src=\"https:\/\/asimtria.org\/pumpum\/wp-content\/uploads\/sites\/14\/2025\/01\/invocaciondeunfuturotransintercultural_web.jpg\" alt=\"\" width=\"700\" height=\"394\" srcset=\"https:\/\/asimtria.org\/pumpum\/wp-content\/uploads\/sites\/14\/2025\/01\/invocaciondeunfuturotransintercultural_web.jpg 700w, https:\/\/asimtria.org\/pumpum\/wp-content\/uploads\/sites\/14\/2025\/01\/invocaciondeunfuturotransintercultural_web-300x169.jpg 300w, https:\/\/asimtria.org\/pumpum\/wp-content\/uploads\/sites\/14\/2025\/01\/invocaciondeunfuturotransintercultural_web-205x115.jpg 205w, https:\/\/asimtria.org\/pumpum\/wp-content\/uploads\/sites\/14\/2025\/01\/invocaciondeunfuturotransintercultural_web-480x270.jpg 480w\" sizes=\"auto, (max-width: 700px) 100vw, 700px\" \/><\/p>\n<h3><strong>Invocaci\u00f3n de un futuro transintercultural<\/strong><br \/>\n<a class=\"arpw-title\" href=\"https:\/\/asimtria.org\/pumpum\/?p=5599\" rel=\"bookmark\">Daniela Moreno Wray [EC]<\/a><\/h3>\n<p>Tomando lo trans y la tecnolog\u00eda como herramientas para invocar las interculturalidades, decodificando memorias implantadas, imaginando un nosotrxs diverso. Esta invocaci\u00f3n y su est\u00e9tica, con las costuras visibles de los bordes del registro de las c\u00e1maras y el error digital, funcionan como una fisura que abre otros mundos posibles, creados, so\u00f1ados. El proceso comenz\u00f3 en marzo de 2016 con una invitaci\u00f3n a una diversa selecci\u00f3n de artistas y pensadorxs ecuatorianxs a 4 espacios de co-pensamiento y una residencia art\u00edstica para pensar juntos sobre lo \u00abtrans\u00bb, como una posibilidad para atravesar el discurso nacional del mestizaje homogenizante y abrirlo m\u00e1s all\u00e1 y m\u00e1s all\u00e1 de lo humano. Los espacios de co-pensamiento fueron una oportunidad para reflexionar juntxs sobre cuerpos y territorios como discurso pol\u00edtico, sexualidades e identidades; sobre la resistencia de los pueblos ind\u00edgenas de Ecuador y su contribuci\u00f3n a la transformaci\u00f3n de un Estado uninacional a uno plurinacional e intercultural; y sobre el arte y la creaci\u00f3n de imaginarios. En agosto del mismo a\u00f1o, durante la residencia de 3 d\u00edas en Cayambe, Ecuador, 15 artistas crearon sus propios seres transmestizxs y se juntaron en un baile circular, s\u00edntesis de una cosmovisi\u00f3n que se basa en las relaciones directas y rec\u00edprocas entre seres, la tierra y el cosmos.<\/p>\n<p>Artistas: Jose\u0301 Luis Macas, Pamela Suasti, Mauricio Proan\u0303o, Pedro Soler, Alegri\u0301a Mateljan, Paula Proan\u0303o Barriga, Manai Kowii, Falco, Violeta Moreno Wray, Coca y Mota, Daniela Moreno Wray, Luci\u0301a Romero, David Samaniego, Mari\u0301a Emilia Escudero, Ariadna Vargas, Mateo Barriga. Video: Daniela Moreno Wray, Mateo Barriga.<br \/>\nSonido: Mauricio Proa\u00f1o.<br \/>\nFotograf\u00eda: Mateo Barriga.<br \/>\nAsistente de fotograf\u00eda y vestuario: Ariadna Vargas.<br \/>\nImpresi\u00f3n 3D : Daniela Moreno Wray.<br \/>\nCostura Video 360: Felipe Moreno Wray.<br \/>\nGOPros &#8211; Kiko J\u00e1come, Bernardo J\u00e1come, Cris Falconi, Andr\u00e9s Aulestia<\/p>\n<hr \/>\n<p><img loading=\"lazy\" decoding=\"async\" class=\"size-full wp-image-5584 aligncenter\" src=\"https:\/\/asimtria.org\/pumpum\/wp-content\/uploads\/sites\/14\/2025\/01\/codicefuturo_web.jpg\" alt=\"\" width=\"700\" height=\"394\" srcset=\"https:\/\/asimtria.org\/pumpum\/wp-content\/uploads\/sites\/14\/2025\/01\/codicefuturo_web.jpg 700w, https:\/\/asimtria.org\/pumpum\/wp-content\/uploads\/sites\/14\/2025\/01\/codicefuturo_web-300x169.jpg 300w, https:\/\/asimtria.org\/pumpum\/wp-content\/uploads\/sites\/14\/2025\/01\/codicefuturo_web-205x115.jpg 205w, https:\/\/asimtria.org\/pumpum\/wp-content\/uploads\/sites\/14\/2025\/01\/codicefuturo_web-480x270.jpg 480w\" sizes=\"auto, (max-width: 700px) 100vw, 700px\" \/><\/p>\n<h3><strong>C\u00f3dice Futuro<\/strong><br \/>\n<a href=\"https:\/\/asimtria.org\/pumpum\/?p=5688\" target=\"_blank\" rel=\"noopener\">Elder Manuel Tobar Panchoag [EC]<\/a><\/h3>\n<p>C\u00f3dice Futuro es un proyecto multiplataforma de Narrativas Transmedia que busca explorar y plantear otras visiones sobre el futuro a trav\u00e9s de laboratorios, ilustraciones y relatos que conforman una narrativa multiplataforma. Toma como punto de partida el futurismo ancestral o el ind\u00edgeno futurismo para desde all\u00ed expandir una serie de historias que nos permiten observar otras formas de percepci\u00f3n temporal y nuestras visiones del futuro. Este proyecto busca ir m\u00e1s all\u00e1 de los futuros ut\u00f3picos y dist\u00f3picos a trav\u00e9s historias que proponen nuevas relaciones con el medio ambiente, la espiritualidad y el uso que le damos a la tecnolog\u00eda; partiendo de relatos e historias que hemos co &#8211; creado con comunidades y organizaciones ind\u00edgenas de Colombia a trav\u00e9s de laboratorios y espacios participativos.<\/p>\n<p><a href=\"https:\/\/www.codicefuturo.com\" target=\"_blank\" rel=\"noopener\">www.codicefuturo.com<\/a><\/p>\n<hr \/>\n<p><img loading=\"lazy\" decoding=\"async\" class=\"size-full wp-image-5585 aligncenter\" src=\"https:\/\/asimtria.org\/pumpum\/wp-content\/uploads\/sites\/14\/2025\/01\/splif_web.jpg\" alt=\"\" width=\"700\" height=\"394\" srcset=\"https:\/\/asimtria.org\/pumpum\/wp-content\/uploads\/sites\/14\/2025\/01\/splif_web.jpg 700w, https:\/\/asimtria.org\/pumpum\/wp-content\/uploads\/sites\/14\/2025\/01\/splif_web-300x169.jpg 300w, https:\/\/asimtria.org\/pumpum\/wp-content\/uploads\/sites\/14\/2025\/01\/splif_web-205x115.jpg 205w, https:\/\/asimtria.org\/pumpum\/wp-content\/uploads\/sites\/14\/2025\/01\/splif_web-480x270.jpg 480w\" sizes=\"auto, (max-width: 700px) 100vw, 700px\" \/><\/p>\n<h3><strong>Splif<\/strong><br \/>\n<a href=\"https:\/\/asimtria.org\/pumpum\/?p=5684\" target=\"_blank\" rel=\"noopener\">Andr\u00e9s Cisneros [PE]<\/a><\/h3>\n<p>Tras un ritual m\u00e1gico tecnol\u00f3gico sucedido en el cuzco, Qawsa sufre la partida de su abuela Luzmila y realiza un ritual m\u00e1gico con un hongo al que conecta a un microcontrolador para recibir se\u00f1ales de esta, poniendo los recuerdos de su abuela en dicho objeto. Gracias a una actualizaci\u00f3n y la intervenci\u00f3n de una IA, los datos afectivos puestos por Qawsa en dicho objeto generan una alucinaci\u00f3n inform\u00e1tica que da paso a la recreaci\u00f3n de la realidad de su abuela de forma virtual.<\/p>\n<hr \/>\n<p><img loading=\"lazy\" decoding=\"async\" class=\"size-full wp-image-5586 aligncenter\" src=\"https:\/\/asimtria.org\/pumpum\/wp-content\/uploads\/sites\/14\/2025\/01\/entremundos_web.jpg\" alt=\"\" width=\"700\" height=\"394\" srcset=\"https:\/\/asimtria.org\/pumpum\/wp-content\/uploads\/sites\/14\/2025\/01\/entremundos_web.jpg 700w, https:\/\/asimtria.org\/pumpum\/wp-content\/uploads\/sites\/14\/2025\/01\/entremundos_web-300x169.jpg 300w, https:\/\/asimtria.org\/pumpum\/wp-content\/uploads\/sites\/14\/2025\/01\/entremundos_web-205x115.jpg 205w, https:\/\/asimtria.org\/pumpum\/wp-content\/uploads\/sites\/14\/2025\/01\/entremundos_web-480x270.jpg 480w\" sizes=\"auto, (max-width: 700px) 100vw, 700px\" \/><\/p>\n<h3><strong>Entre mundos<\/strong><br \/>\n<a href=\"https:\/\/asimtria.org\/pumpum\/?p=5608\">Cristina Flores Portocarrero [PE]<\/a><\/h3>\n<p>Un viaje de visiones sobre espacios existentes de la Amazon\u00eda, reflexiones sobre c\u00f3mo es que estamos interactuando con otros seres no humanos, seres vivos habitantes de nuestro mismo espacio, c\u00f3mo coexistimos con la naturaleza que nos rodea.<\/p>\n<hr \/>\n<p><img loading=\"lazy\" decoding=\"async\" class=\"size-full wp-image-5587 aligncenter\" src=\"https:\/\/asimtria.org\/pumpum\/wp-content\/uploads\/sites\/14\/2025\/01\/paisajedefuegorosa_web.jpg\" alt=\"\" width=\"700\" height=\"394\" srcset=\"https:\/\/asimtria.org\/pumpum\/wp-content\/uploads\/sites\/14\/2025\/01\/paisajedefuegorosa_web.jpg 700w, https:\/\/asimtria.org\/pumpum\/wp-content\/uploads\/sites\/14\/2025\/01\/paisajedefuegorosa_web-300x169.jpg 300w, https:\/\/asimtria.org\/pumpum\/wp-content\/uploads\/sites\/14\/2025\/01\/paisajedefuegorosa_web-205x115.jpg 205w, https:\/\/asimtria.org\/pumpum\/wp-content\/uploads\/sites\/14\/2025\/01\/paisajedefuegorosa_web-480x270.jpg 480w\" sizes=\"auto, (max-width: 700px) 100vw, 700px\" \/><\/p>\n<h3><strong>Paisaje de fuego rosa<\/strong><br \/>\n<a href=\"https:\/\/asimtria.org\/pumpum\/?p=1923\" rel=\"bookmark\">Santiago Rubio L\u00f3pez [CO]<\/a><br \/>\n(Docente Universidad de Manizales)<\/h3>\n<p>En un mundo desolado por las cicatrices de la guerra, donde las estrellas cayeron y la humanidad se desvaneci\u00f3, los esp\u00edritus de las \u00faltimas almas errantes narran su historia. Desde un paisaje te\u00f1ido de fuego eterno y destellos radioactivos, la obra reflexiona sobre las consecuencias de los conflictos humanos y la fragilidad del equilibrio natural. En lengua Kam\u00ebnts\u00e1, las voces ancestrales claman una advertencia: la guerra entre potencias no solo destruye lo tangible, sino tambi\u00e9n el alma de los mundos.<\/p>\n","protected":false},"excerpt":{"rendered":"<p>HUANCAYO \u2013 URUBAMBA &#8211; CUSCO ENERO \u2013 ABRIL 2025 Casta\u00f1as y pascanas Summerg\u014d Lab [BO] Viaje inmersivo para conocer la ruta de la casta\u00f1a en la Amazon\u00eda boliviana, las comunidades y las personas detr\u00e1s de este duro trabajo. Diferentes historias de vida que se desarrollan en constante equilibrio con la naturaleza y sus tiempos, para&#8230;<\/p>\n","protected":false},"author":1,"featured_media":0,"parent":0,"menu_order":0,"comment_status":"closed","ping_status":"closed","template":"","meta":{"footnotes":""},"class_list":["post-5439","page","type-page","status-publish","hentry"],"_links":{"self":[{"href":"https:\/\/asimtria.org\/pumpum\/index.php?rest_route=\/wp\/v2\/pages\/5439","targetHints":{"allow":["GET"]}}],"collection":[{"href":"https:\/\/asimtria.org\/pumpum\/index.php?rest_route=\/wp\/v2\/pages"}],"about":[{"href":"https:\/\/asimtria.org\/pumpum\/index.php?rest_route=\/wp\/v2\/types\/page"}],"author":[{"embeddable":true,"href":"https:\/\/asimtria.org\/pumpum\/index.php?rest_route=\/wp\/v2\/users\/1"}],"replies":[{"embeddable":true,"href":"https:\/\/asimtria.org\/pumpum\/index.php?rest_route=%2Fwp%2Fv2%2Fcomments&post=5439"}],"version-history":[{"count":17,"href":"https:\/\/asimtria.org\/pumpum\/index.php?rest_route=\/wp\/v2\/pages\/5439\/revisions"}],"predecessor-version":[{"id":5691,"href":"https:\/\/asimtria.org\/pumpum\/index.php?rest_route=\/wp\/v2\/pages\/5439\/revisions\/5691"}],"wp:attachment":[{"href":"https:\/\/asimtria.org\/pumpum\/index.php?rest_route=%2Fwp%2Fv2%2Fmedia&parent=5439"}],"curies":[{"name":"wp","href":"https:\/\/api.w.org\/{rel}","templated":true}]}}