{"id":3116,"date":"2023-01-27T04:58:25","date_gmt":"2023-01-27T03:58:25","guid":{"rendered":"https:\/\/asimtria.org\/pumpum\/?page_id=3116"},"modified":"2023-05-06T21:58:38","modified_gmt":"2023-05-06T19:58:38","slug":"video-360-y-realidad-virtual-pumpumyachkan-2023","status":"publish","type":"page","link":"https:\/\/asimtria.org\/pumpum\/?page_id=3116","title":{"rendered":"Video 360 y Realidad Virtual | Pumpumyachkan 2023"},"content":{"rendered":"<p><strong>CLIC EN LAS IM\u00c1GENES PARA ACCEDER A LAS OBRAS. ALGUNAS OBRAS SOLO SE ENCUENTRAN DISPONIBLES PARA EXHIBICI\u00d3N PRESENCIAL.<\/strong><\/p>\n<hr \/>\n<p><img loading=\"lazy\" decoding=\"async\" class=\"alignnone size-full wp-image-3122\" src=\"https:\/\/asimtria.org\/pumpum\/wp-content\/uploads\/sites\/14\/2023\/01\/basail_territoriosexcluidos.jpg\" alt=\"\" width=\"500\" height=\"500\" srcset=\"https:\/\/asimtria.org\/pumpum\/wp-content\/uploads\/sites\/14\/2023\/01\/basail_territoriosexcluidos.jpg 500w, https:\/\/asimtria.org\/pumpum\/wp-content\/uploads\/sites\/14\/2023\/01\/basail_territoriosexcluidos-300x300.jpg 300w, https:\/\/asimtria.org\/pumpum\/wp-content\/uploads\/sites\/14\/2023\/01\/basail_territoriosexcluidos-150x150.jpg 150w, https:\/\/asimtria.org\/pumpum\/wp-content\/uploads\/sites\/14\/2023\/01\/basail_territoriosexcluidos-50x50.jpg 50w\" sizes=\"auto, (max-width: 500px) 100vw, 500px\" \/><\/p>\n<p><strong>Territorios excluidos<br \/>\n<a href=\"https:\/\/asimtria.org\/pumpum\/?p=3117\">Sofia Paz Basail [AR]<\/a><br \/>\n2022<\/strong><\/p>\n<p><span data-sheets-value=\"{&quot;1&quot;:2,&quot;2&quot;:&quot;Proyecto VR, en proceso.\\n\\nInici\u00e9 la creaci\u00f3n de recorridos virtuales interesada en territorios que negaron el acceso a la representaci\u00f3n 3D de Google y que, curiosamente, en lugar de las fotogrametr\u00edas satelitales caracter\u00edsticas del software se encuentran objetos 3D perfectamente modelados. \u00c9stas pr\u00e1cticas representativas no se dan de forma desterritorializada, sino que tienen su anclaje y se relacionan con lo f\u00edsico, es decir, contienen capas de relaci\u00f3n e interacci\u00f3n con el contexto urbano, social y pol\u00edtico de cada territorio.\\nUtilizando la misma herramienta de fotogrametr\u00eda, pero en mi caso dirigida ya una representaci\u00f3n digital, el resultado es un espacio virtual roto, alterado y distanciado cada vez m\u00e1s de lo que buscaba ser una representaci\u00f3n fiel. Los l\u00edmites de los territorios excluidos montados en el espacio de realidad virtual no pueden ser reconocibles, el desplazamiento es continuo entre ellos. El ambiente sonoro fue generado a partir del registro de fragmentos de radio locales emitidas en estos territorios. El tratamiento de los sonidos dentro del espacio se encuentra espacializado y posicionado sobre el punto de referencia de cada zona. Al desplazarse por el espacio de realidad virtual los sonidos se alteran, al detenerse a observar retorna su versi\u00f3n original. \\n\\n&quot;}\" data-sheets-userformat=\"{&quot;2&quot;:513,&quot;3&quot;:{&quot;1&quot;:0},&quot;12&quot;:0}\">Proyecto VR, en proceso.<\/span><\/p>\n<p>Inici\u00e9 la creaci\u00f3n de recorridos virtuales interesada en territorios que negaron el acceso a la representaci\u00f3n 3D de Google y que, curiosamente, en lugar de las fotogrametr\u00edas satelitales caracter\u00edsticas del software se encuentran objetos 3D perfectamente modelados. \u00c9stas pr\u00e1cticas representativas no se dan de forma desterritorializada, sino que tienen su anclaje y se relacionan con lo f\u00edsico, es decir, contienen capas de relaci\u00f3n e interacci\u00f3n con el contexto urbano, social y pol\u00edtico de cada territorio.<\/p>\n<p><span data-sheets-value=\"{&quot;1&quot;:2,&quot;2&quot;:&quot;Proyecto VR, en proceso.\\n\\nInici\u00e9 la creaci\u00f3n de recorridos virtuales interesada en territorios que negaron el acceso a la representaci\u00f3n 3D de Google y que, curiosamente, en lugar de las fotogrametr\u00edas satelitales caracter\u00edsticas del software se encuentran objetos 3D perfectamente modelados. \u00c9stas pr\u00e1cticas representativas no se dan de forma desterritorializada, sino que tienen su anclaje y se relacionan con lo f\u00edsico, es decir, contienen capas de relaci\u00f3n e interacci\u00f3n con el contexto urbano, social y pol\u00edtico de cada territorio.\\nUtilizando la misma herramienta de fotogrametr\u00eda, pero en mi caso dirigida ya una representaci\u00f3n digital, el resultado es un espacio virtual roto, alterado y distanciado cada vez m\u00e1s de lo que buscaba ser una representaci\u00f3n fiel. Los l\u00edmites de los territorios excluidos montados en el espacio de realidad virtual no pueden ser reconocibles, el desplazamiento es continuo entre ellos. El ambiente sonoro fue generado a partir del registro de fragmentos de radio locales emitidas en estos territorios. El tratamiento de los sonidos dentro del espacio se encuentra espacializado y posicionado sobre el punto de referencia de cada zona. Al desplazarse por el espacio de realidad virtual los sonidos se alteran, al detenerse a observar retorna su versi\u00f3n original. \\n\\n&quot;}\" data-sheets-userformat=\"{&quot;2&quot;:513,&quot;3&quot;:{&quot;1&quot;:0},&quot;12&quot;:0}\">Utilizando la misma herramienta de fotogrametr\u00eda, pero en mi caso dirigida ya una representaci\u00f3n digital, el resultado es un espacio virtual roto, alterado y distanciado cada vez m\u00e1s de lo que buscaba ser una representaci\u00f3n fiel. Los l\u00edmites de los territorios excluidos montados en el espacio de realidad virtual no pueden ser reconocibles, el desplazamiento es continuo entre ellos. El ambiente sonoro fue generado a partir del registro de fragmentos de radio locales emitidas en estos territorios. El tratamiento de los sonidos dentro del espacio se encuentra espacializado y posicionado sobre el punto de referencia de cada zona. Al desplazarse por el espacio de realidad virtual los sonidos se alteran, al detenerse a observar retorna su versi\u00f3n original.<br \/>\n<\/span><\/p>\n<p><span data-sheets-value=\"{&quot;1&quot;:2,&quot;2&quot;:&quot;Acompa\u00f1amiento de la c\u00e1tedra La Ferla, Dise\u00f1o Transmedia y Arte Contempor\u00e1neo.&quot;}\" data-sheets-userformat=\"{&quot;2&quot;:513,&quot;3&quot;:{&quot;1&quot;:0},&quot;12&quot;:0}\">Acompa\u00f1amiento de la c\u00e1tedra La Ferla, Dise\u00f1o Transmedia y Arte Contempor\u00e1neo.<\/span><\/p>\n<hr \/>\n<p><a href=\"https:\/\/hipermedial.centroculturadigital.mx\/exposiciones\/piezas\/retiemble-en-sus-centros-la-tierra\" target=\"_blank\" rel=\"noopener\"><img loading=\"lazy\" decoding=\"async\" class=\"alignnone wp-image-3127 size-full\" src=\"https:\/\/asimtria.org\/pumpum\/wp-content\/uploads\/sites\/14\/2023\/01\/ensuscentroslatierra_web.jpg\" alt=\"\" width=\"500\" height=\"281\" srcset=\"https:\/\/asimtria.org\/pumpum\/wp-content\/uploads\/sites\/14\/2023\/01\/ensuscentroslatierra_web.jpg 500w, https:\/\/asimtria.org\/pumpum\/wp-content\/uploads\/sites\/14\/2023\/01\/ensuscentroslatierra_web-300x169.jpg 300w\" sizes=\"auto, (max-width: 500px) 100vw, 500px\" \/><\/a><\/p>\n<p><strong>En sus Centros la Tierra<br \/>\n<a href=\"https:\/\/asimtria.org\/pumpum\/?p=3124\">Gonzalo Tow Bautista [MX]<\/a><br \/>\n2021<\/strong><\/p>\n<p><span data-sheets-value=\"{&quot;1&quot;:2,&quot;2&quot;:&quot;En sus centro la tierra es una pieza de realidad virtual en la que se despliegan datos de m\u00e1s de 140 defensorxs de la vida y el territorio en M\u00e9xico. La base de datos que la informa est\u00e1 en constante expansi\u00f3n y se puede colaborar con ella desde este jard\u00edn memorial. Dependiendo de la hora en que se conecten podr\u00e1n ver una versi\u00f3n de d\u00eda o de noche.\\n\\nEsta pieza fue posible gracias al apoyo del Programa de Creaci\u00f3n de Experiencias Afectivas desde lo Virtual del Centro de Cultura Digital.&quot;}\" data-sheets-userformat=\"{&quot;2&quot;:513,&quot;3&quot;:{&quot;1&quot;:0},&quot;12&quot;:0}\">Pieza de realidad virtual en la que se despliegan datos de m\u00e1s de 140 defensorxs de la vida y el territorio en M\u00e9xico. La base de datos que la informa est\u00e1 en constante expansi\u00f3n y se puede colaborar con ella desde este jard\u00edn memorial. Dependiendo de la hora en que se conecten podr\u00e1n ver una versi\u00f3n de d\u00eda o de noche.<\/span><\/p>\n<p>Esta pieza fue posible gracias al apoyo del Programa de Creaci\u00f3n de Experiencias Afectivas desde lo Virtual del Centro de Cultura Digital.<\/p>\n<p><span data-sheets-value=\"{&quot;1&quot;:2,&quot;2&quot;:&quot;DIRECCI\u00d3N ART\u00cdSTICA\\nGonzalo Tow Bautista\\n\\n \\n\\nPROGRAMACI\u00d3N\\nJosep Rafael Trejo Vidal y Emilio Jan Mira\\n\\n \\n\\nPRODUCCI\u00d3N VISUAL\\nEva Sandoval Coronado\\n\\n \\n\\nDISE\u00d1O SONORO\\nEder Aldair Rodriguez \\n\\n \\n\\nASESOR\u00cdA CCD\\nM\u00f3nica Nepote - E-Literatura\\nDoreen R\u00edos y Canek Zapata - Zona Hipermedial\\nH\u00e9ctor Guerrero - Laboratorio de Juegos\\nEnrique Garc\u00eda Alcal\u00e1 - Laboratorio de Tecnolog\u00edas Compartidas\\nAry Ehrenberg, C\u00e9sar Garc\u00eda y Josep Trejo - Laboratorio de Inmersi\u00f3n&quot;}\" data-sheets-userformat=\"{&quot;2&quot;:513,&quot;3&quot;:{&quot;1&quot;:0},&quot;12&quot;:0}\">PROGRAMACI\u00d3N<br \/>\nJosep Rafael Trejo Vidal y Emilio Jan Mira<\/span><\/p>\n<p><span data-sheets-value=\"{&quot;1&quot;:2,&quot;2&quot;:&quot;DIRECCI\u00d3N ART\u00cdSTICA\\nGonzalo Tow Bautista\\n\\n \\n\\nPROGRAMACI\u00d3N\\nJosep Rafael Trejo Vidal y Emilio Jan Mira\\n\\n \\n\\nPRODUCCI\u00d3N VISUAL\\nEva Sandoval Coronado\\n\\n \\n\\nDISE\u00d1O SONORO\\nEder Aldair Rodriguez \\n\\n \\n\\nASESOR\u00cdA CCD\\nM\u00f3nica Nepote - E-Literatura\\nDoreen R\u00edos y Canek Zapata - Zona Hipermedial\\nH\u00e9ctor Guerrero - Laboratorio de Juegos\\nEnrique Garc\u00eda Alcal\u00e1 - Laboratorio de Tecnolog\u00edas Compartidas\\nAry Ehrenberg, C\u00e9sar Garc\u00eda y Josep Trejo - Laboratorio de Inmersi\u00f3n&quot;}\" data-sheets-userformat=\"{&quot;2&quot;:513,&quot;3&quot;:{&quot;1&quot;:0},&quot;12&quot;:0}\">PRODUCCI\u00d3N VISUAL<br \/>\nEva Sandoval Coronado<\/span><\/p>\n<p><span data-sheets-value=\"{&quot;1&quot;:2,&quot;2&quot;:&quot;DIRECCI\u00d3N ART\u00cdSTICA\\nGonzalo Tow Bautista\\n\\n \\n\\nPROGRAMACI\u00d3N\\nJosep Rafael Trejo Vidal y Emilio Jan Mira\\n\\n \\n\\nPRODUCCI\u00d3N VISUAL\\nEva Sandoval Coronado\\n\\n \\n\\nDISE\u00d1O SONORO\\nEder Aldair Rodriguez \\n\\n \\n\\nASESOR\u00cdA CCD\\nM\u00f3nica Nepote - E-Literatura\\nDoreen R\u00edos y Canek Zapata - Zona Hipermedial\\nH\u00e9ctor Guerrero - Laboratorio de Juegos\\nEnrique Garc\u00eda Alcal\u00e1 - Laboratorio de Tecnolog\u00edas Compartidas\\nAry Ehrenberg, C\u00e9sar Garc\u00eda y Josep Trejo - Laboratorio de Inmersi\u00f3n&quot;}\" data-sheets-userformat=\"{&quot;2&quot;:513,&quot;3&quot;:{&quot;1&quot;:0},&quot;12&quot;:0}\">DISE\u00d1O SONORO<br \/>\nEder Aldair Rodriguez <\/span><\/p>\n<p><span data-sheets-value=\"{&quot;1&quot;:2,&quot;2&quot;:&quot;DIRECCI\u00d3N ART\u00cdSTICA\\nGonzalo Tow Bautista\\n\\n \\n\\nPROGRAMACI\u00d3N\\nJosep Rafael Trejo Vidal y Emilio Jan Mira\\n\\n \\n\\nPRODUCCI\u00d3N VISUAL\\nEva Sandoval Coronado\\n\\n \\n\\nDISE\u00d1O SONORO\\nEder Aldair Rodriguez \\n\\n \\n\\nASESOR\u00cdA CCD\\nM\u00f3nica Nepote - E-Literatura\\nDoreen R\u00edos y Canek Zapata - Zona Hipermedial\\nH\u00e9ctor Guerrero - Laboratorio de Juegos\\nEnrique Garc\u00eda Alcal\u00e1 - Laboratorio de Tecnolog\u00edas Compartidas\\nAry Ehrenberg, C\u00e9sar Garc\u00eda y Josep Trejo - Laboratorio de Inmersi\u00f3n&quot;}\" data-sheets-userformat=\"{&quot;2&quot;:513,&quot;3&quot;:{&quot;1&quot;:0},&quot;12&quot;:0}\">ASESOR\u00cdA CCD<br \/>\nM\u00f3nica Nepote &#8211; E-Literatura<br \/>\nDoreen R\u00edos y Canek Zapata &#8211; Zona Hipermedial<br \/>\nH\u00e9ctor Guerrero &#8211; Laboratorio de Juegos<br \/>\nEnrique Garc\u00eda Alcal\u00e1 &#8211; Laboratorio de Tecnolog\u00edas Compartidas<br \/>\nAry Ehrenberg, C\u00e9sar Garc\u00eda y Josep Trejo &#8211; Laboratorio de Inmersi\u00f3n<\/span><\/p>\n<hr \/>\n<a rel=\"noreferrer\" href=\"https:\/\/youtu.be\/Zh123VlAsFo\" class=\"vp-a vp-yt-type vp-modal-click vp-modal-click_shortcode vp-has-img\"><img decoding=\"async\" class=\"vp-img\" src=\"https:\/\/asimtria.org\/pumpum\/wp-content\/uploads\/sites\/14\/2023\/01\/hifa_web.jpg\"><\/a>\n<p><span data-sheets-value=\"{&quot;1&quot;:2,&quot;2&quot;:&quot;Hifa&quot;}\" data-sheets-userformat=\"{&quot;2&quot;:513,&quot;3&quot;:{&quot;1&quot;:0},&quot;12&quot;:0}\"><strong>Hifa<\/strong><br \/>\n<strong><a href=\"https:\/\/asimtria.org\/pumpum\/?p=3134\">MU [PE]<\/a><\/strong><br \/>\n<strong>2022<\/strong><br \/>\n<\/span><\/p>\n<p><span data-sheets-value=\"{&quot;1&quot;:2,&quot;2&quot;:&quot;MU presenta \\&quot;HIFA\\&quot;, un proyecto de experimentaci\u00f3n audiovisual conformado por Erick Del Aguila y Francisco Haya en el sonido y Janice Bryson en los visuales. A base de la s\u00edntesis electr\u00f3nica y la improvisaci\u00f3n libre sonora, se cre\u00f3 el video con SyleGAN (Syle Generative Adversarial Network), una clase de algoritmos de inteligencia artificial. En este caso, se us\u00f3 un modelo pre-entrenado con m\u00e1s de 70,000 im\u00e1genes de rostros humanos reales. En lugar de utilizarlo para generar rostros humanos fotorrealistas, se manipularon los puntos de interpolaci\u00f3n en el espacio latente para distorsionar el uso previsto de esta tecnolog\u00eda.&quot;}\" data-sheets-userformat=\"{&quot;2&quot;:513,&quot;3&quot;:{&quot;1&quot;:0},&quot;12&quot;:0}\">MU presenta \u00abHIFA\u00bb, un proyecto de experimentaci\u00f3n audiovisual conformado por Erick Del Aguila y Francisco Haya en el sonido y Janice Bryson en los visuales. A base de la s\u00edntesis electr\u00f3nica y la improvisaci\u00f3n libre sonora, se cre\u00f3 el video con SyleGAN (Syle Generative Adversarial Network), una clase de algoritmos de inteligencia artificial. En este caso, se us\u00f3 un modelo pre-entrenado con m\u00e1s de 70,000 im\u00e1genes de rostros humanos reales. En lugar de utilizarlo para generar rostros humanos fotorrealistas, se manipularon los puntos de interpolaci\u00f3n en el espacio latente para distorsionar el uso previsto de esta tecnolog\u00eda.<\/span><\/p>\n<hr \/>\n<a rel=\"noreferrer\" href=\"https:\/\/youtu.be\/QJZD9vv3a6k\" class=\"vp-a vp-yt-type vp-modal-click vp-modal-click_shortcode vp-has-img\"><img decoding=\"async\" class=\"vp-img\" src=\"https:\/\/asimtria.org\/pumpum\/wp-content\/uploads\/sites\/14\/2023\/01\/resistencias_web.jpg\"><\/a>\n<p><strong>Resistencia en la urbe<\/strong><br \/>\n<strong><a href=\"https:\/\/asimtria.org\/pumpum\/?p=3140\">Semillero de investigaci\u00f3n en artes mediales [CO]<\/a><\/strong><br \/>\n<strong>2022<\/strong><\/p>\n<p><span data-sheets-value=\"{&quot;1&quot;:2,&quot;2&quot;:&quot;Resistencias en la urbe es un micro proyecto enmarcado en la creaci\u00f3n audiovisual en 360\u00b0 y el arte urbano experimentado en la ciudad de Manizales. A trav\u00e9s de la aplicaci\u00f3n de tecnolog\u00edas de realidad virtual y edici\u00f3n de videos 360, el proyecto busca crear un ambiente envolvente donde el espectador tenga la posibilidad de experimentar temas relacionados con la resistencia pol\u00edtica y social que generan diferentes comunidades residentes en la ciudad. \\nEn estos espacios l\u00fadicos el semillero de investigaci\u00f3n, explora grupos enfocados en la creaci\u00f3n de graffiti y las batallas de gallos (freestyle). Estas expresiones urbanas se convierten en espacios de reflexi\u00f3n abiertos al p\u00fablico, donde predomina la libre expresi\u00f3n anti clasista, como parte del pensamiento cr\u00edtico de los j\u00f3venes que exploran la condici\u00f3n ut\u00f3pica del gobierno colombiano inmerso en el realismo m\u00e1gico.&quot;}\" data-sheets-userformat=\"{&quot;2&quot;:513,&quot;3&quot;:{&quot;1&quot;:0},&quot;12&quot;:0}\">Micro proyecto enmarcado en la creaci\u00f3n audiovisual en 360\u00b0 y el arte urbano experimentado en la ciudad de Manizales. A trav\u00e9s de la aplicaci\u00f3n de tecnolog\u00edas de realidad virtual y edici\u00f3n de videos 360, el proyecto busca crear un ambiente envolvente donde el espectador tenga la posibilidad de experimentar temas relacionados con la resistencia pol\u00edtica y social que generan diferentes comunidades residentes en la ciudad. <\/span><\/p>\n<p><span data-sheets-value=\"{&quot;1&quot;:2,&quot;2&quot;:&quot;Resistencias en la urbe es un micro proyecto enmarcado en la creaci\u00f3n audiovisual en 360\u00b0 y el arte urbano experimentado en la ciudad de Manizales. A trav\u00e9s de la aplicaci\u00f3n de tecnolog\u00edas de realidad virtual y edici\u00f3n de videos 360, el proyecto busca crear un ambiente envolvente donde el espectador tenga la posibilidad de experimentar temas relacionados con la resistencia pol\u00edtica y social que generan diferentes comunidades residentes en la ciudad. \\nEn estos espacios l\u00fadicos el semillero de investigaci\u00f3n, explora grupos enfocados en la creaci\u00f3n de graffiti y las batallas de gallos (freestyle). Estas expresiones urbanas se convierten en espacios de reflexi\u00f3n abiertos al p\u00fablico, donde predomina la libre expresi\u00f3n anti clasista, como parte del pensamiento cr\u00edtico de los j\u00f3venes que exploran la condici\u00f3n ut\u00f3pica del gobierno colombiano inmerso en el realismo m\u00e1gico.&quot;}\" data-sheets-userformat=\"{&quot;2&quot;:513,&quot;3&quot;:{&quot;1&quot;:0},&quot;12&quot;:0}\">En estos espacios l\u00fadicos el semillero de investigaci\u00f3n, explora grupos enfocados en la creaci\u00f3n de graffiti y las batallas de gallos (freestyle). Estas expresiones urbanas se convierten en espacios de reflexi\u00f3n abiertos al p\u00fablico, donde predomina la libre expresi\u00f3n anti clasista, como parte del pensamiento cr\u00edtico de los j\u00f3venes que exploran la condici\u00f3n ut\u00f3pica del gobierno colombiano inmerso en el realismo m\u00e1gico.<\/span><\/p>\n<hr \/>\n<a rel=\"noreferrer\" href=\"https:\/\/youtu.be\/sT0eoIe6kfw\" class=\"vp-a vp-yt-type vp-modal-click vp-modal-click_shortcode vp-has-img\"><img decoding=\"async\" class=\"vp-img\" src=\"https:\/\/asimtria.org\/pumpum\/wp-content\/uploads\/sites\/14\/2023\/01\/coordenadas4_web.jpg\"><\/a>\n<p><strong>Coordenadas &#8211; 31 15&#8217;15.53 N, 24 15&#8217;30.53<br \/>\n<a class=\"arpw-title\" href=\"https:\/\/asimtria.org\/pumpum\/?p=3018\" rel=\"bookmark\">Thais de Almeida Prado [BR]<\/a><br \/>\n2022<\/strong><\/p>\n<p><span class=\"HwtZe\" lang=\"es\"><span class=\"jCAhz ChMk0b\"><span class=\"ryNqvb\">Los bailarines entran y salen de las reglas, creando nuevos equilibrios, textos y posibilidades.<\/span><\/span><\/span><\/p>\n<hr \/>\n<p><img loading=\"lazy\" decoding=\"async\" class=\"alignnone size-full wp-image-3151\" src=\"https:\/\/asimtria.org\/pumpum\/wp-content\/uploads\/sites\/14\/2023\/01\/savage-child3_web.jpg\" alt=\"\" width=\"500\" height=\"260\" srcset=\"https:\/\/asimtria.org\/pumpum\/wp-content\/uploads\/sites\/14\/2023\/01\/savage-child3_web.jpg 500w, https:\/\/asimtria.org\/pumpum\/wp-content\/uploads\/sites\/14\/2023\/01\/savage-child3_web-300x156.jpg 300w\" sizes=\"auto, (max-width: 500px) 100vw, 500px\" \/><\/p>\n<p><strong>Ni\u00f1o Salvaje<br \/>\n<a href=\"https:\/\/asimtria.org\/pumpum\/?p=3148\">Jorge Forero [CL\/PT]<\/a><br \/>\n2020<\/strong><\/p>\n<p><span data-sheets-value=\"{&quot;1&quot;:2,&quot;2&quot;:&quot;Ni\u00f1o Salvaje es una obra audiovisual para c\u00f3digo en vivo, en formato video 360, que explora desde el lenguaje, conexiones transmediales y hacktivismo. El proyecto se construye desde la po\u00e9tica del texto \u201cNi\u00f1o Salvaje\u201d, del psic\u00f3logo y m\u00fasico Argentino Alberto Kuselman. Este fragmento, parte de la musicoterapia andina y popularizado como canto infantil en Sudam\u00e9rica, es retomado desde el ciberactivismo en el manifiesto de Hack-Back; una guia D.I.Y para robar bancos. En dicho art\u00edculo el autor hace referencia a la lucha encapuchada, como parte fundamental de la resistencia contra los sistemas de control. As\u00ed, Ni\u00f1o Salvaje se construye desde la emancipaci\u00f3n del conocimiento abierto, libre y an\u00f3nimo. &quot;}\" data-sheets-userformat=\"{&quot;2&quot;:513,&quot;3&quot;:{&quot;1&quot;:0},&quot;12&quot;:0}\">Ni\u00f1o Salvaje es una obra audiovisual para c\u00f3digo en vivo, en formato video 360, que explora desde el lenguaje, conexiones transmediales y hacktivismo. El proyecto se construye desde la po\u00e9tica del texto \u201cNi\u00f1o Salvaje\u201d, del psic\u00f3logo y m\u00fasico Argentino Alberto Kuselman. Este fragmento, parte de la musicoterapia andina y popularizado como canto infantil en Sudam\u00e9rica, es retomado desde el ciberactivismo en el manifiesto de Hack-Back; una guia D.I.Y para robar bancos. En dicho art\u00edculo el autor hace referencia a la lucha encapuchada, como parte fundamental de la resistencia contra los sistemas de control. As\u00ed, Ni\u00f1o Salvaje se construye desde la emancipaci\u00f3n del conocimiento abierto, libre y an\u00f3nimo. <\/span><\/p>\n","protected":false},"excerpt":{"rendered":"<p>CLIC EN LAS IM\u00c1GENES PARA ACCEDER A LAS OBRAS. ALGUNAS OBRAS SOLO SE ENCUENTRAN DISPONIBLES PARA EXHIBICI\u00d3N PRESENCIAL. Territorios excluidos Sofia Paz Basail [AR] 2022 Proyecto VR, en proceso. Inici\u00e9 la creaci\u00f3n de recorridos virtuales interesada en territorios que negaron el acceso a la representaci\u00f3n 3D de Google y que, curiosamente, en lugar de las&#8230;<\/p>\n","protected":false},"author":1,"featured_media":0,"parent":0,"menu_order":0,"comment_status":"closed","ping_status":"closed","template":"","meta":{"footnotes":""},"class_list":["post-3116","page","type-page","status-publish","hentry"],"_links":{"self":[{"href":"https:\/\/asimtria.org\/pumpum\/index.php?rest_route=\/wp\/v2\/pages\/3116","targetHints":{"allow":["GET"]}}],"collection":[{"href":"https:\/\/asimtria.org\/pumpum\/index.php?rest_route=\/wp\/v2\/pages"}],"about":[{"href":"https:\/\/asimtria.org\/pumpum\/index.php?rest_route=\/wp\/v2\/types\/page"}],"author":[{"embeddable":true,"href":"https:\/\/asimtria.org\/pumpum\/index.php?rest_route=\/wp\/v2\/users\/1"}],"replies":[{"embeddable":true,"href":"https:\/\/asimtria.org\/pumpum\/index.php?rest_route=%2Fwp%2Fv2%2Fcomments&post=3116"}],"version-history":[{"count":10,"href":"https:\/\/asimtria.org\/pumpum\/index.php?rest_route=\/wp\/v2\/pages\/3116\/revisions"}],"predecessor-version":[{"id":3453,"href":"https:\/\/asimtria.org\/pumpum\/index.php?rest_route=\/wp\/v2\/pages\/3116\/revisions\/3453"}],"wp:attachment":[{"href":"https:\/\/asimtria.org\/pumpum\/index.php?rest_route=%2Fwp%2Fv2%2Fmedia&parent=3116"}],"curies":[{"name":"wp","href":"https:\/\/api.w.org\/{rel}","templated":true}]}}