{"id":2644,"date":"2022-12-26T19:27:15","date_gmt":"2022-12-26T18:27:15","guid":{"rendered":"https:\/\/asimtria.org\/pumpum\/?page_id=2644"},"modified":"2024-08-10T21:34:29","modified_gmt":"2024-08-10T19:34:29","slug":"sumaq-yachay-2023","status":"publish","type":"page","link":"https:\/\/asimtria.org\/pumpum\/?page_id=2644","title":{"rendered":"Sumaq Yachay 2023 Caxamarka"},"content":{"rendered":"<h3>20 \u2013 22 octubre 2022<br \/>\nLa Oficina Lab<\/h3>\n<hr \/>\n\n<hr \/>\n<p><strong>Audiovisual y c\u00f3digo en tiempo real<br \/>\nasimtria.org<br \/>\n<\/strong><\/p>\n<p>#Livecoding #Hydra #Minitidal<\/p>\n<p>El c\u00f3digo y la programaci\u00f3n nos ofrecen actualmente la posibilidad de interactuar con sonido, imagen en movimiento y lenguaje, en tiempo real, como un medio para la creaci\u00f3n a trav\u00e9s de performances audiovisuales, videoinstalaciones y otras.<\/p>\n<p>En este m\u00f3dulo vamos a explorar Hydra, un sintetizador de video que funciona sobre un navegador, y Minitidal, una versi\u00f3n para navegador de TidalCycles que opera con muestras sonoras, proces\u00e1ndolas a partir de algoritmos y funciones.<\/p>\n<hr \/>\n<p><strong>2. Interacci\u00f3n en tiempo real con TouchDesigner<br \/>\n<a href=\"https:\/\/asimtria.org\/pumpum\/?p=2493\">Jesed Mateo \u2013 HSD [PE]<\/a><br \/>\n<\/strong><\/p>\n<p>#AudiovisualInteractivo<\/p>\n<p><span data-sheets-value=\"{&quot;1&quot;:2,&quot;2&quot;:&quot;Touchdesigner es una plataforma de desarrollo audio \/ visual que proporciona herramientas necesarias para crear todo tipo de proyectos en tiempo real. \\nEn este m\u00f3dulo disen\u0303aremos proyectos que ser\u00e1n interactivos mediante el cuerpo, el movimiento y la voz, explorando las posibilidades que nos brinda la interacci\u00f3n fisica\/digital para facilitar conexiones y producciones de iniciativas educativas o comunitarias en nuestros proyectos artisticos.&quot;}\" data-sheets-userformat=\"{&quot;2&quot;:513,&quot;3&quot;:{&quot;1&quot;:0},&quot;12&quot;:0}\">Touchdesigner es una plataforma de desarrollo audiovisual que proporciona herramientas necesarias para crear todo tipo de proyectos en tiempo real. <\/span><\/p>\n<p><span data-sheets-value=\"{&quot;1&quot;:2,&quot;2&quot;:&quot;Touchdesigner es una plataforma de desarrollo audio \/ visual que proporciona herramientas necesarias para crear todo tipo de proyectos en tiempo real. \\nEn este m\u00f3dulo disen\u0303aremos proyectos que ser\u00e1n interactivos mediante el cuerpo, el movimiento y la voz, explorando las posibilidades que nos brinda la interacci\u00f3n fisica\/digital para facilitar conexiones y producciones de iniciativas educativas o comunitarias en nuestros proyectos artisticos.&quot;}\" data-sheets-userformat=\"{&quot;2&quot;:513,&quot;3&quot;:{&quot;1&quot;:0},&quot;12&quot;:0}\">En este m\u00f3dulo disen\u0303aremos proyectos que ser\u00e1n interactivos mediante el cuerpo, el movimiento y la voz, explorando las posibilidades que nos brinda la interacci\u00f3n fisica\/digital para facilitar conexiones y producciones de iniciativas educativas o comunitarias en nuestros proyectos artisticos.<\/span><\/p>\n<hr \/>\n<p><strong>3. ViVR en la Realidad, \u0336e\u0336s\u0336 \u0336u\u0336n\u0336 \u0336e\u0336r\u0336r\u0336o\u0336r\u0336 \u0336e\u0336n\u0336 \u03363\u03366\u03360\u0336\u00b0\u0336<br \/>\n<a href=\"https:\/\/asimtria.org\/pumpum\/?p=2521\" target=\"_blank\" rel=\"noopener\">Davis P\u00e9rez [PE]<\/a><br \/>\n<\/strong><\/p>\n<p>#video360<\/p>\n<p><span data-sheets-value=\"{&quot;1&quot;:2,&quot;2&quot;:&quot;Laboratorio Colaborativo de realizaci\u00f3n audiovisual en 360\u00b0. Reconstrucci\u00f3n de nuestra herencia cultural a trav\u00e9s del uso de los nuevos medios (VR360). El uso del video en 360\u00b0 como herramienta para narrar y retratar espacios. Espacio participativo de una Cartograf\u00eda VR360. Exploraci\u00f3n por plataformas de navegaci\u00f3n VR360 (Mozilla Hubs, Spacial.io, Oncyber.io).&quot;}\" data-sheets-userformat=\"{&quot;2&quot;:513,&quot;3&quot;:{&quot;1&quot;:0},&quot;12&quot;:0}\">Laboratorio Colaborativo de realizaci\u00f3n audiovisual en 360\u00b0. <\/span><\/p>\n<p><span data-sheets-value=\"{&quot;1&quot;:2,&quot;2&quot;:&quot;Laboratorio Colaborativo de realizaci\u00f3n audiovisual en 360\u00b0. Reconstrucci\u00f3n de nuestra herencia cultural a trav\u00e9s del uso de los nuevos medios (VR360). El uso del video en 360\u00b0 como herramienta para narrar y retratar espacios. Espacio participativo de una Cartograf\u00eda VR360. Exploraci\u00f3n por plataformas de navegaci\u00f3n VR360 (Mozilla Hubs, Spacial.io, Oncyber.io).&quot;}\" data-sheets-userformat=\"{&quot;2&quot;:513,&quot;3&quot;:{&quot;1&quot;:0},&quot;12&quot;:0}\">Reconstrucci\u00f3n de nuestra herencia cultural a trav\u00e9s del uso de los nuevos medios (VR360). <\/span><span data-sheets-value=\"{&quot;1&quot;:2,&quot;2&quot;:&quot;Laboratorio Colaborativo de realizaci\u00f3n audiovisual en 360\u00b0. Reconstrucci\u00f3n de nuestra herencia cultural a trav\u00e9s del uso de los nuevos medios (VR360). El uso del video en 360\u00b0 como herramienta para narrar y retratar espacios. Espacio participativo de una Cartograf\u00eda VR360. Exploraci\u00f3n por plataformas de navegaci\u00f3n VR360 (Mozilla Hubs, Spacial.io, Oncyber.io).&quot;}\" data-sheets-userformat=\"{&quot;2&quot;:513,&quot;3&quot;:{&quot;1&quot;:0},&quot;12&quot;:0}\">El uso del video en 360\u00b0 como herramienta para narrar y retratar espacios. Espacio participativo de una Cartograf\u00eda VR360. Exploraci\u00f3n por plataformas de navegaci\u00f3n VR360 (Mozilla Hubs, Spacial.io, Oncyber.io).<\/span><\/p>\n<hr \/>\n<p><strong>4. Exploraci\u00f3n y composici\u00f3n sonora<br \/>\n<a href=\"https:\/\/asimtria.org\/pumpum\/?p=292\">Enrique Trelles [PE]<\/a><\/strong><\/p>\n<p>#Exploraci\u00f3nSonora #Registro #Producci\u00f3n<\/p>\n<p><span data-sheets-value=\"{&quot;1&quot;:2,&quot;2&quot;:&quot;En este modulo se compartir\u00e1 herramientas para la creaci\u00f3n de piezas sonoras. Partiendo de la escucha y los recursos disponibles en el entorno\/espacio se propondr\u00e1 un escenario para la exploraci\u00f3n de t\u00e9cnicas como: la improvisaci\u00f3n, sampling, collage y composici\u00f3n experimental.\\nRecursos : Din\u00e1micas de escucha, re-sonancia\/objeto , registro ambiental, software de edici\u00f3n (audacity).&quot;}\" data-sheets-userformat=\"{&quot;2&quot;:513,&quot;3&quot;:{&quot;1&quot;:0},&quot;12&quot;:0}\">En este m\u00f3dulo se compartir\u00e1n herramientas para la creaci\u00f3n de piezas sonoras. <\/span><span data-sheets-value=\"{&quot;1&quot;:2,&quot;2&quot;:&quot;En este modulo se compartir\u00e1 herramientas para la creaci\u00f3n de piezas sonoras. Partiendo de la escucha y los recursos disponibles en el entorno\/espacio se propondr\u00e1 un escenario para la exploraci\u00f3n de t\u00e9cnicas como: la improvisaci\u00f3n, sampling, collage y composici\u00f3n experimental.\\nRecursos : Din\u00e1micas de escucha, re-sonancia\/objeto , registro ambiental, software de edici\u00f3n (audacity).&quot;}\" data-sheets-userformat=\"{&quot;2&quot;:513,&quot;3&quot;:{&quot;1&quot;:0},&quot;12&quot;:0}\">Partiendo de la escucha y los recursos disponibles en el entorno\/espacio, se propondr\u00e1 un escenario para la exploraci\u00f3n de t\u00e9cnicas como la improvisaci\u00f3n, el sampling, el collage y la composici\u00f3n experimental.<\/span><\/p>\n","protected":false},"excerpt":{"rendered":"<p>20 \u2013 22 octubre 2022 La Oficina Lab Audiovisual y c\u00f3digo en tiempo real asimtria.org #Livecoding #Hydra #Minitidal El c\u00f3digo y la programaci\u00f3n nos ofrecen actualmente la posibilidad de interactuar con sonido, imagen en movimiento y lenguaje, en tiempo real, como un medio para la creaci\u00f3n a trav\u00e9s de performances audiovisuales, videoinstalaciones y otras. En&#8230;<\/p>\n","protected":false},"author":1,"featured_media":0,"parent":0,"menu_order":0,"comment_status":"closed","ping_status":"closed","template":"","meta":{"footnotes":""},"class_list":["post-2644","page","type-page","status-publish","hentry"],"_links":{"self":[{"href":"https:\/\/asimtria.org\/pumpum\/index.php?rest_route=\/wp\/v2\/pages\/2644","targetHints":{"allow":["GET"]}}],"collection":[{"href":"https:\/\/asimtria.org\/pumpum\/index.php?rest_route=\/wp\/v2\/pages"}],"about":[{"href":"https:\/\/asimtria.org\/pumpum\/index.php?rest_route=\/wp\/v2\/types\/page"}],"author":[{"embeddable":true,"href":"https:\/\/asimtria.org\/pumpum\/index.php?rest_route=\/wp\/v2\/users\/1"}],"replies":[{"embeddable":true,"href":"https:\/\/asimtria.org\/pumpum\/index.php?rest_route=%2Fwp%2Fv2%2Fcomments&post=2644"}],"version-history":[{"count":29,"href":"https:\/\/asimtria.org\/pumpum\/index.php?rest_route=\/wp\/v2\/pages\/2644\/revisions"}],"predecessor-version":[{"id":4916,"href":"https:\/\/asimtria.org\/pumpum\/index.php?rest_route=\/wp\/v2\/pages\/2644\/revisions\/4916"}],"wp:attachment":[{"href":"https:\/\/asimtria.org\/pumpum\/index.php?rest_route=%2Fwp%2Fv2%2Fmedia&parent=2644"}],"curies":[{"name":"wp","href":"https:\/\/api.w.org\/{rel}","templated":true}]}}