{"id":2479,"date":"2022-08-30T18:38:24","date_gmt":"2022-08-30T16:38:24","guid":{"rendered":"https:\/\/asimtria.org\/pumpum\/?page_id=2479"},"modified":"2022-09-09T18:26:18","modified_gmt":"2022-09-09T16:26:18","slug":"convocatoria-de-obras-audiovisuales-experimentales-con-nuevos-medios-2023","status":"publish","type":"page","link":"https:\/\/asimtria.org\/pumpum\/?page_id=2479","title":{"rendered":"Convocatoria de obras audiovisuales experimentales con nuevos medios"},"content":{"rendered":"<h3><span style=\"color: #993300;\"><strong>[Aplicaci\u00f3n gratuita hasta el 18 de diciembre de 2022]<\/strong><\/span><\/h3>\n<p>Pumpumyachkan tinkuy convoca a realizadoras y creadoras audiovisuales y sonoras, de Per\u00fa, Abya Yala y cualquier otro territorio, a proponer obras que puedan ser parte de la programaci\u00f3n central del encuentro en la ciudad de Cajamarca y virtual, entre el 30 de enero y el 17 de febrero de 2023.<\/p>\n<p>Nos motiva la creaci\u00f3n que busca tener consciencia en las tecnolog\u00edas que utiliza, los impactos de \u00e9stas en los territorios que habitan y en los territorios en los que se producen, y su posible vinculaci\u00f3n con tecnolog\u00edas de desarrollo local.<\/p>\n<p>Convocamos:<\/p>\n<p>&#8211; Obras audiovisuales (de sonido stereo o monoaural) para proyecci\u00f3n presencial y virtual: realizadas desde una perspectiva experimental, sea desde la exploraci\u00f3n de las tecnolog\u00edas empleadas (audiovisual con c\u00f3digo, entrenamiento de algoritmos, data bending, s\u00edntesis de video, intervenci\u00f3n f\u00edlmica, intervenci\u00f3n de c\u00e1maras y reproductores, y otras) o desde la narrativa (videoarte, videodanza y otras); realizadas desde una perspectiva documental o de no-ficci\u00f3n, sobre tem\u00e1ticas relativas al territorio, la memoria y las culturas locales, seg\u00fan el habitat de quien lo propone; de hasta 15 minutos de duraci\u00f3n.<\/p>\n<p>&#8211; Obras sonoras stereo para escucha presencial y virtual: realizadas a partir de herramientas digitales, electr\u00f3nicas, ac\u00fasticas, electroac\u00fasticas de desarrollo propio y\/o software y hardware libre; paisajes sonoros, realizados a partir de registros de campo, entrevistas u otros materiales sonoros; de hasta 10 minutos de duraci\u00f3n.<\/p>\n<p>&#8211; Obras en Realidad Virtual, para visita virtual y para reproducci\u00f3n presencial a trav\u00e9s de lentes VR.<\/p>\n<p>&#8211; Obras en video y sonido 360, para visita virtual y para reproducci\u00f3n presencial a trav\u00e9s de lentes VR; de hasta 15 minutos de duraci\u00f3n.<\/p>\n<p>&#8211; Obras audiovisuales interactivas para web.<\/p>\n<p>&#8211; Videoinstalaciones para escucha a trav\u00e9s de aud\u00edfonos que no requieran un montaje diferente a la proyecci\u00f3n. Para propuestas interactivas que requieran un montaje adicional, por favor revisar en el formulario las alternativas para participar presencialmente del encuentro.<\/p>\n<p>&#8211; Proyectos solistas o d\u00faos de performance audiovisual en tiempo real residentes en Per\u00fa, que trabajen con lenguajes de programaci\u00f3n, intervenci\u00f3n de hardware, luther\u00eda electr\u00f3nica, visuales y sonido interactivo y otros, de hasta 25 minutos de duraci\u00f3n. Para propuestas fuera de Per\u00fa, por favor revisar en el formulario las alternativas para participar presencialmente del encuentro.<\/p>\n<h3><strong>Anuncio de proyectos seleccionados<\/strong><\/h3>\n<p>Las propuestas ser\u00e1n seleccionados seg\u00fan criterio del equipo de producci\u00f3n del encuentro, seg\u00fan las factibilidades log\u00edsticas y los temas y herramientas que nos anima compartir. El d\u00eda 09 de enero de 2023 ser\u00e1 publicado el listado de estos proyectos.<\/p>\n<h2><a href=\"https:\/\/forms.gle\/FwJPxVMtijnNrxTv9\" target=\"_blank\" rel=\"noopener\"><strong><span style=\"color: #993300;\">APLICACI\u00d3N GRATUITA<\/span><\/strong><\/a><\/h2>\n","protected":false},"excerpt":{"rendered":"<p>[Aplicaci\u00f3n gratuita hasta el 18 de diciembre de 2022] Pumpumyachkan tinkuy convoca a realizadoras y creadoras audiovisuales y sonoras, de Per\u00fa, Abya Yala y cualquier otro territorio, a proponer obras que puedan ser parte de la programaci\u00f3n central del encuentro en la ciudad de Cajamarca y virtual, entre el 30 de enero y el 17&#8230;<\/p>\n","protected":false},"author":1,"featured_media":0,"parent":0,"menu_order":0,"comment_status":"closed","ping_status":"closed","template":"","meta":{"footnotes":""},"class_list":["post-2479","page","type-page","status-publish","hentry"],"_links":{"self":[{"href":"https:\/\/asimtria.org\/pumpum\/index.php?rest_route=\/wp\/v2\/pages\/2479","targetHints":{"allow":["GET"]}}],"collection":[{"href":"https:\/\/asimtria.org\/pumpum\/index.php?rest_route=\/wp\/v2\/pages"}],"about":[{"href":"https:\/\/asimtria.org\/pumpum\/index.php?rest_route=\/wp\/v2\/types\/page"}],"author":[{"embeddable":true,"href":"https:\/\/asimtria.org\/pumpum\/index.php?rest_route=\/wp\/v2\/users\/1"}],"replies":[{"embeddable":true,"href":"https:\/\/asimtria.org\/pumpum\/index.php?rest_route=%2Fwp%2Fv2%2Fcomments&post=2479"}],"version-history":[{"count":9,"href":"https:\/\/asimtria.org\/pumpum\/index.php?rest_route=\/wp\/v2\/pages\/2479\/revisions"}],"predecessor-version":[{"id":2553,"href":"https:\/\/asimtria.org\/pumpum\/index.php?rest_route=\/wp\/v2\/pages\/2479\/revisions\/2553"}],"wp:attachment":[{"href":"https:\/\/asimtria.org\/pumpum\/index.php?rest_route=%2Fwp%2Fv2%2Fmedia&parent=2479"}],"curies":[{"name":"wp","href":"https:\/\/api.w.org\/{rel}","templated":true}]}}