{"id":1288,"date":"2021-05-08T00:42:55","date_gmt":"2021-05-07T22:42:55","guid":{"rendered":"https:\/\/asimtria.org\/pumpum\/?page_id=1288"},"modified":"2022-03-01T00:10:46","modified_gmt":"2022-02-28T23:10:46","slug":"proyecciones-presenciales","status":"publish","type":"page","link":"https:\/\/asimtria.org\/pumpum\/?page_id=1288","title":{"rendered":"Proyecciones Presenciales"},"content":{"rendered":"<h3><span style=\"color: #993300;\">[Mi\u00e9rcoles 12 mayo]<\/span><\/h3>\n<h4><strong>Hospedaje Frankenstein &#8211; Cusco<\/strong><\/h4>\n<p>Irma Cabrera | Diario de un ser | 2020<br \/>\nParasocialmusik | Yoyimo (sonido) + Luxsie (visuales) | 2021<br \/>\n369\u00d74 | C-LIMINAL | 2021<br \/>\nLuciana Decker Orozco | Objetos parlantes | 2021<br \/>\nMauricio Banda | Efervescente | 2019<br \/>\nNaid Cruz, Yeny Sardon, Natalia Mart\u00ednez | GEA | 2020<br \/>\nJaiflor | Rueda | 2021<br \/>\nGabriela Koc G\u00f3ngora | Creadoras: El arte de parir | 2020<br \/>\nNADA | Cambio de Piel | 2020<br \/>\nCarnicer\u00eda de Papel | SONORO GR\u00c1FICO | 2019<\/p>\n<p>&nbsp;<\/p>\n<h3><span style=\"color: #993300;\">[Viernes 14 mayo]<\/span><\/h3>\n<h4><strong><a href=\"https:\/\/web.facebook.com\/SalitaCineLibrePisac\/\" target=\"_blank\" rel=\"noopener\">Salita Cine Libre Pisac<\/a> de <a href=\"https:\/\/web.facebook.com\/LaCasaUtopia\" target=\"_blank\" rel=\"noopener\">Casa Utop\u00eda<\/a> &#8211; Pisac, Cusco<\/strong><\/h4>\n<p>Carmen Mar\u00eda V\u00e1squez Uriol | Los d\u00edas de mi vida | 2020<br \/>\nMauricio Banda | Efervescente | 2019<br \/>\nPaola Coronado Romero | \u00a1Fiesta! | 2020<br \/>\nNereida Apaza Mamani | Fe de erratas | 2020<br \/>\nRaul Chuquimia Ramos | El dolor en el espejo | 2020<br \/>\nAndr\u00e9s Cisneros | Pesadilla viral | 2020<br \/>\nCristina Ocampo Acu\u00f1a | Limes | 2019<br \/>\nNADA | Cambio de Piel | 2020<br \/>\nIrma Cabrera | Diario de un ser | 2020<br \/>\nCarnicer\u00eda de Papel | SONORO GR\u00c1FICO | 2019<br \/>\nMario Yoshimar Yupanqui Ramos | No los olvidaremos | 2020<br \/>\nJorge Pablo Tantavilca, Ana L\u00eda Accinelli | Ef\u00edmero, con Jorge Corpuna | 2020<\/p>\n<p>&nbsp;<\/p>\n<h3><span style=\"color: #993300;\">[S\u00e1bado 15 mayo]<\/span><\/h3>\n<h4><strong><a href=\"https:\/\/web.facebook.com\/SalitaCineLibrePisac\/\" target=\"_blank\" rel=\"noopener\">Salita Cine Libre Pisac<\/a> de <a href=\"https:\/\/web.facebook.com\/LaCasaUtopia\" target=\"_blank\" rel=\"noopener\">Casa Utop\u00eda<\/a> &#8211; Pisac, Cusco<\/strong><\/h4>\n<p>Alex Cruz | La Causalidad del Encuentro | 2016<br \/>\nGiuseppe V. Castillo | Nostalgia | 2020<br \/>\nDante Chanduvi \/ Colectivo Audiovisual El Perro Viringo Cine | Correspondencias a Valeria | 2020<br \/>\nLaura Zolezzi | El Viaje | 2020<br \/>\nClaudia Vanesa | Bb, yo tmb he sido bul\u00edmica | 2020<br \/>\nJaiflor | Rueda | 2021<br \/>\nGabriela Koc G\u00f3ngora | Creadoras: El arte de parir | 2020<br \/>\nCusco Same Films | Somos Patas | 2019<br \/>\nMarcela Pareja | Cuerpos | 2020<br \/>\nEdson Canaza Berrios | STRONG | 2019<br \/>\nR\u00f3mulo Sulca | Resacados | 2020<\/p>\n<p>&nbsp;<\/p>\n<h3><span style=\"color: #993300;\">[S\u00e1bado 22 mayo]<\/span><\/h3>\n<h4><strong>Ludoteca Pukllay del Centro Cultural de la Universidad Nacional San Crist\u00f3bal de Huamanga &#8211; Ayacucho<\/strong><\/h4>\n<p>Daniela Aguirre-Torres | Invisible | 2020<br \/>\nCristian Vidal L., Gonzalo Stuardo, Carlos Vergara | Sucker | 2018<br \/>\nwamani | ra\u00edces y ra\u00edces | 2021<br \/>\nTania Alejandra, Juan Pablo Rangel Vargas, N\u00e9stor Rojas | Rui2 | 2019<br \/>\nEdson Canaza Berrios | STRONG | 2019<br \/>\nR\u00f3mulo Sulca | Resacados | 2020<br \/>\nAnamorph Experimental Music (AEM) | Ants | 2020<br \/>\nClaudia Vanesa | Bb, yo tmb he sido bul\u00edmica | 2020<br \/>\nGabriela Koc G\u00f3ngora | Creadoras: El arte de parir | 2020<\/p>\n<p>&nbsp;<\/p>\n<h3><span style=\"color: #993300;\">[Jueves 27 mayo]<\/span><\/h3>\n<h4><strong><a href=\"https:\/\/web.facebook.com\/LaMunayFeminista\" target=\"_blank\" rel=\"noopener\">La Munay<\/a> &#8211; Huancayo<\/strong><\/h4>\n<p>Zoum Dom\u00ednguez Blanco | D4NC4EV4 | 2020<br \/>\nTania Alejandra | Grabado en vivo II | 2020<br \/>\nCarlos Bonilla | When I Found You | 2020<br \/>\nIrene Wa. | Abajo de la tierra o Cabeza adentro | 2020<br \/>\nRosa Velasquez Rodriguez | Fuga | 2019<br \/>\nTeatro Cuerpo Social | Paisajes m\u00e1s all\u00e1 de la muerte Prologo \/ Holografia escenica para elevar el esp\u00edritu | 2020<br \/>\nD\u00e9borah Baquerizo Barrios | Acep-no | 2020<br \/>\nFerm\u00edn Mart\u00ednez (FRCH) | #Glitch_[El Error en el Cuerpo] | 2019<br \/>\nNacho Recio | Woodworm Lab | 2020<br \/>\nRaquel Mendoza | MIRA | 2020<br \/>\nTania Alejandra, Juan Pablo Rangel Vargas, N\u00e9stor Rojas | Rui2 | 2019<br \/>\nSociedad del Paisaje | El Cuerpo es el Mensaje | 2021<br \/>\nNaid Cruz, Yeny Sardon, Natalia Mart\u00ednez | GEA | 2020<\/p>\n","protected":false},"excerpt":{"rendered":"<p>[Mi\u00e9rcoles 12 mayo] Hospedaje Frankenstein &#8211; Cusco Irma Cabrera | Diario de un ser | 2020 Parasocialmusik | Yoyimo (sonido) + Luxsie (visuales) | 2021 369\u00d74 | C-LIMINAL | 2021 Luciana Decker Orozco | Objetos parlantes | 2021 Mauricio Banda | Efervescente | 2019 Naid Cruz, Yeny Sardon, Natalia Mart\u00ednez | GEA | 2020 Jaiflor&#8230;<\/p>\n","protected":false},"author":1,"featured_media":0,"parent":0,"menu_order":0,"comment_status":"closed","ping_status":"closed","template":"","meta":{"footnotes":""},"class_list":["post-1288","page","type-page","status-publish","hentry"],"_links":{"self":[{"href":"https:\/\/asimtria.org\/pumpum\/index.php?rest_route=\/wp\/v2\/pages\/1288","targetHints":{"allow":["GET"]}}],"collection":[{"href":"https:\/\/asimtria.org\/pumpum\/index.php?rest_route=\/wp\/v2\/pages"}],"about":[{"href":"https:\/\/asimtria.org\/pumpum\/index.php?rest_route=\/wp\/v2\/types\/page"}],"author":[{"embeddable":true,"href":"https:\/\/asimtria.org\/pumpum\/index.php?rest_route=\/wp\/v2\/users\/1"}],"replies":[{"embeddable":true,"href":"https:\/\/asimtria.org\/pumpum\/index.php?rest_route=%2Fwp%2Fv2%2Fcomments&post=1288"}],"version-history":[{"count":9,"href":"https:\/\/asimtria.org\/pumpum\/index.php?rest_route=\/wp\/v2\/pages\/1288\/revisions"}],"predecessor-version":[{"id":2102,"href":"https:\/\/asimtria.org\/pumpum\/index.php?rest_route=\/wp\/v2\/pages\/1288\/revisions\/2102"}],"wp:attachment":[{"href":"https:\/\/asimtria.org\/pumpum\/index.php?rest_route=%2Fwp%2Fv2%2Fmedia&parent=1288"}],"curies":[{"name":"wp","href":"https:\/\/api.w.org\/{rel}","templated":true}]}}