{"id":1226,"date":"2021-05-02T09:58:34","date_gmt":"2021-05-02T07:58:34","guid":{"rendered":"https:\/\/asimtria.org\/pumpum\/?page_id=1226"},"modified":"2022-04-03T22:03:24","modified_gmt":"2022-04-03T20:03:24","slug":"qawanapaq","status":"publish","type":"page","link":"https:\/\/asimtria.org\/pumpum\/?page_id=1226","title":{"rendered":"Qawanapaq"},"content":{"rendered":"<p><img loading=\"lazy\" decoding=\"async\" class=\"alignnone size-full wp-image-764\" src=\"https:\/\/asimtria.org\/pumpum\/wp-content\/uploads\/sites\/14\/2021\/03\/cropped-bannerweb1.jpg\" alt=\"\" width=\"1015\" height=\"276\" srcset=\"https:\/\/asimtria.org\/pumpum\/wp-content\/uploads\/sites\/14\/2021\/03\/cropped-bannerweb1.jpg 1015w, https:\/\/asimtria.org\/pumpum\/wp-content\/uploads\/sites\/14\/2021\/03\/cropped-bannerweb1-300x82.jpg 300w, https:\/\/asimtria.org\/pumpum\/wp-content\/uploads\/sites\/14\/2021\/03\/cropped-bannerweb1-768x209.jpg 768w, https:\/\/asimtria.org\/pumpum\/wp-content\/uploads\/sites\/14\/2021\/03\/cropped-bannerweb1-619x168.jpg 619w\" sizes=\"auto, (max-width: 1015px) 100vw, 1015px\" \/><\/p>\n<section id=\"nav_menu-4\" class=\"fbox swidgets-wrap widget widget_nav_menu amr_widget\"><div class=\"menu-2021-container\"><ul id=\"menu-2021\" class=\"menu\"><li id=\"menu-item-899\" class=\"menu-item menu-item-type-post_type menu-item-object-page menu-item-899\"><a href=\"https:\/\/asimtria.org\/pumpum\/?page_id=888\">Selecci\u00f3n Audiovisual y Sonora<\/a><\/li>\n<li id=\"menu-item-915\" class=\"menu-item menu-item-type-post_type menu-item-object-page menu-item-915\"><a href=\"https:\/\/asimtria.org\/pumpum\/?page_id=903\">Muestras invitadas<\/a><\/li>\n<li id=\"menu-item-913\" class=\"menu-item menu-item-type-post_type menu-item-object-page menu-item-913\"><a href=\"https:\/\/asimtria.org\/pumpum\/?page_id=910\">Conversaciones 2021<\/a><\/li>\n<li id=\"menu-item-914\" class=\"menu-item menu-item-type-post_type menu-item-object-page menu-item-914\"><a href=\"https:\/\/asimtria.org\/pumpum\/?page_id=908\">Conciertos<\/a><\/li>\n<li id=\"menu-item-1204\" class=\"menu-item menu-item-type-custom menu-item-object-custom menu-item-1204\"><a href=\"https:\/\/asimtria.org\/pumpum\/?page_id=2268\">Talleres<\/a><\/li>\n<li id=\"menu-item-1291\" class=\"menu-item menu-item-type-post_type menu-item-object-page menu-item-1291\"><a href=\"https:\/\/asimtria.org\/pumpum\/?page_id=1288\">Proyecciones Presenciales<\/a><\/li>\n<li id=\"menu-item-1329\" class=\"menu-item menu-item-type-post_type menu-item-object-page menu-item-1329\"><a href=\"https:\/\/asimtria.org\/pumpum\/?page_id=1326\">Radio Tsonami<\/a><\/li>\n<li id=\"menu-item-2236\" class=\"menu-item menu-item-type-post_type menu-item-object-page menu-item-2236\"><a href=\"https:\/\/asimtria.org\/pumpum\/?page_id=2199\">Artistas<\/a><\/li>\n<li id=\"menu-item-2103\" class=\"menu-item menu-item-type-post_type menu-item-object-page menu-item-2103\"><a href=\"https:\/\/asimtria.org\/pumpum\/?page_id=1370\">Memoria<\/a><\/li>\n<\/ul><\/div><\/section>\n<hr \/>\n<p style=\"text-align: left;\"><em>Uyarikuq ruwaykuna, kaykunatataq q\u2019imiyuyku imaymanawan rimaykunawan, chaymantapas llinphikunawan ima Munayta purinanchispaq.<\/em><\/p>\n<p style=\"text-align: left;\">Obras sonoras, complementadas con interpretaciones en directo o con visuales que completan la experiencia.<\/p>\n<hr \/>\n<p style=\"text-align: center;\"><strong>El Taller de la Memoria<\/strong> | Experiencias del confinamiento (ll.Esperanza, lll.Incertidumbre) | 2020<\/p>\n<p style=\"text-align: center;\"><a href=\"https:\/\/www.pumpumyachkan.org\/experiencias-del-confinamiento-ll-esperanza-lll-incertidumbre\/\"><img decoding=\"async\" class=\"aligncenter\" src=\"https:\/\/archive.org\/download\/pumpumyachkan2021qawanapaq\/01_eltaller-experienciasdelconfinamiento.jpg\" alt=\"\" width=\"500\" \/><\/a><\/p>\n<p style=\"text-align: center;\"><strong>Dad\u00e1-Conjunto de c\u00e1mara de instrumentos tradicionales y nuevas tecnolog\u00edas<\/strong> | Del salto al vuelo, del vuelo al hombre ave | 2020<\/p>\n<p style=\"text-align: center;\"><a href=\"https:\/\/www.pumpumyachkan.org\/del-salto-al-vuelo-del-vuelo-al-hombre-ave\/\"><img decoding=\"async\" class=\"aligncenter\" src=\"https:\/\/archive.org\/download\/pumpumyachkan2021qawanapaq\/02_delsaltoalvuelodelvueloalhombreaveconcierto.jpg\" alt=\"\" width=\"500\" \/><\/a><\/p>\n<p style=\"text-align: center;\"><strong>MigMa<\/strong> | Necrophonias | 2020<\/p>\n<p style=\"text-align: center;\"><a href=\"https:\/\/www.pumpumyachkan.org\/necrophonias\/\"><img decoding=\"async\" class=\"aligncenter\" src=\"https:\/\/archive.org\/download\/pumpumyachkan2021qawanapaq\/03_necrophonias.jpg\" alt=\"\" width=\"500\" \/><\/a><\/p>\n<p style=\"text-align: center;\"><strong>drlee<\/strong> | voltaje | 2018<\/p>\n<p style=\"text-align: center;\"><a href=\"https:\/\/www.pumpumyachkan.org\/voltaje\/\"><img decoding=\"async\" class=\"aligncenter\" src=\"https:\/\/archive.org\/download\/pumpumyachkan2021qawanapaq\/04_juanferoglio.jpg\" alt=\"\" width=\"500\" \/><\/a><\/p>\n<p style=\"text-align: center;\"><strong>Diego Faucheux aka \u00c1rbol<\/strong> | Saqsay | 2021<\/p>\n<p style=\"text-align: center;\"><a href=\"https:\/\/www.pumpumyachkan.org\/saqsay\/\"><img decoding=\"async\" class=\"aligncenter\" src=\"https:\/\/archive.org\/download\/pumpumyachkan2021qawanapaq\/05_saqsay.jpg\" alt=\"\" width=\"500\" \/><\/a><\/p>\n<p style=\"text-align: center;\"><strong>Teatro Cuerpo Social<\/strong> | paisajes mas alla de la muerte II \/ Holografia escenica para elevar el esp\u00edritu | 2020<\/p>\n<p style=\"text-align: center;\"><a href=\"https:\/\/www.pumpumyachkan.org\/paisajes-mas-alla-de-la-muerte-ii-holografia-escenica-para-elevar-el-espiritu\/\"><img decoding=\"async\" class=\"aligncenter\" src=\"https:\/\/archive.org\/download\/pumpumyachkan2021qawanapaq\/06_escena.jpg\" alt=\"\" width=\"500\" \/><\/a><\/p>\n<p style=\"text-align: center;\"><strong>PVC: La mejor banda del mundo y un chespirito<\/strong> | CH1R1P1OL-K | 2021<\/p>\n<p style=\"text-align: center;\"><a href=\"https:\/\/www.pumpumyachkan.org\/ch1r1p1ol-k\/\"><img decoding=\"async\" class=\"aligncenter\" src=\"https:\/\/archive.org\/download\/pumpumyachkan2021qawanapaq\/07_chiripiolca.jpg\" alt=\"\" width=\"500\" \/><\/a><\/p>\n<p style=\"text-align: center;\"><strong>Forero + ModiFica<\/strong> | Yanquilandia | 2020<\/p>\n<p style=\"text-align: center;\"><a href=\"https:\/\/www.pumpumyachkan.org\/yanquilandia\/\"><img decoding=\"async\" class=\"aligncenter\" src=\"https:\/\/archive.org\/download\/pumpumyachkan2021qawanapaq\/08_yanquilandia.jpg\" alt=\"\" width=\"500\" \/><\/a><\/p>\n<p style=\"text-align: center;\"><strong>Densidad Andina<\/strong> | Jardin de Flechas | 2021<\/p>\n<p style=\"text-align: center;\"><a href=\"https:\/\/www.pumpumyachkan.org\/jardin-de-flechas\/\"><img decoding=\"async\" class=\"aligncenter\" src=\"https:\/\/archive.org\/download\/pumpumyachkan2021qawanapaq\/09_jardindeflechas.jpg\" alt=\"\" width=\"500\" \/><\/a><\/p>\n<hr \/>\n<p style=\"text-align: left;\"><strong><a href=\"https:\/\/asimtria.org\/pumpum\/?p=1946\">wamani <\/a> | ra\u00edces y ra\u00edces | 2021<\/strong><\/p>\n<p>proyecci\u00f3n anal\u00f3gica con enfoque manual de ra\u00edces en agua, en danza con improvisaci\u00f3n sonora hecha con cintas de casetes y vinilos del acervo del imaginario de los sures continentales, procesada mediante t\u00e9cnicas de lups y recortes.<\/p>\n<p style=\"text-align: center;\"><img loading=\"lazy\" decoding=\"async\" class=\"aligncenter\" src=\"https:\/\/archive.org\/download\/pumpumyachkan2021qawanapaq\/10_wamani.jpg\" alt=\"\" width=\"500\" height=\"632\" \/><\/p>\n","protected":false},"excerpt":{"rendered":"<p>Uyarikuq ruwaykuna, kaykunatataq q\u2019imiyuyku imaymanawan rimaykunawan, chaymantapas llinphikunawan ima Munayta purinanchispaq. Obras sonoras, complementadas con interpretaciones en directo o con visuales que completan la experiencia. El Taller de la Memoria | Experiencias del confinamiento (ll.Esperanza, lll.Incertidumbre) | 2020 Dad\u00e1-Conjunto de c\u00e1mara de instrumentos tradicionales y nuevas tecnolog\u00edas | Del salto al vuelo, del vuelo al&#8230;<\/p>\n","protected":false},"author":1,"featured_media":0,"parent":0,"menu_order":0,"comment_status":"closed","ping_status":"closed","template":"","meta":{"footnotes":""},"class_list":["post-1226","page","type-page","status-publish","hentry"],"_links":{"self":[{"href":"https:\/\/asimtria.org\/pumpum\/index.php?rest_route=\/wp\/v2\/pages\/1226","targetHints":{"allow":["GET"]}}],"collection":[{"href":"https:\/\/asimtria.org\/pumpum\/index.php?rest_route=\/wp\/v2\/pages"}],"about":[{"href":"https:\/\/asimtria.org\/pumpum\/index.php?rest_route=\/wp\/v2\/types\/page"}],"author":[{"embeddable":true,"href":"https:\/\/asimtria.org\/pumpum\/index.php?rest_route=\/wp\/v2\/users\/1"}],"replies":[{"embeddable":true,"href":"https:\/\/asimtria.org\/pumpum\/index.php?rest_route=%2Fwp%2Fv2%2Fcomments&post=1226"}],"version-history":[{"count":6,"href":"https:\/\/asimtria.org\/pumpum\/index.php?rest_route=\/wp\/v2\/pages\/1226\/revisions"}],"predecessor-version":[{"id":2270,"href":"https:\/\/asimtria.org\/pumpum\/index.php?rest_route=\/wp\/v2\/pages\/1226\/revisions\/2270"}],"wp:attachment":[{"href":"https:\/\/asimtria.org\/pumpum\/index.php?rest_route=%2Fwp%2Fv2%2Fmedia&parent=1226"}],"curies":[{"name":"wp","href":"https:\/\/api.w.org\/{rel}","templated":true}]}}