{"id":1156,"date":"2021-04-27T21:39:09","date_gmt":"2021-04-27T19:39:09","guid":{"rendered":"https:\/\/asimtria.org\/pumpum\/?page_id=1156"},"modified":"2022-04-03T00:27:44","modified_gmt":"2022-04-02T22:27:44","slug":"willakuy","status":"publish","type":"page","link":"https:\/\/asimtria.org\/pumpum\/?page_id=1156","title":{"rendered":"Willakuy 2021"},"content":{"rendered":"<p><img loading=\"lazy\" decoding=\"async\" class=\"alignnone size-full wp-image-764\" src=\"https:\/\/asimtria.org\/pumpum\/wp-content\/uploads\/sites\/14\/2021\/03\/cropped-bannerweb1.jpg\" alt=\"\" width=\"1015\" height=\"276\" srcset=\"https:\/\/asimtria.org\/pumpum\/wp-content\/uploads\/sites\/14\/2021\/03\/cropped-bannerweb1.jpg 1015w, https:\/\/asimtria.org\/pumpum\/wp-content\/uploads\/sites\/14\/2021\/03\/cropped-bannerweb1-300x82.jpg 300w, https:\/\/asimtria.org\/pumpum\/wp-content\/uploads\/sites\/14\/2021\/03\/cropped-bannerweb1-768x209.jpg 768w, https:\/\/asimtria.org\/pumpum\/wp-content\/uploads\/sites\/14\/2021\/03\/cropped-bannerweb1-619x168.jpg 619w\" sizes=\"auto, (max-width: 1015px) 100vw, 1015px\" \/><\/p>\n<section id=\"nav_menu-4\" class=\"fbox swidgets-wrap widget widget_nav_menu amr_widget\"><div class=\"menu-2021-container\"><ul id=\"menu-2021\" class=\"menu\"><li id=\"menu-item-899\" class=\"menu-item menu-item-type-post_type menu-item-object-page menu-item-899\"><a href=\"https:\/\/asimtria.org\/pumpum\/?page_id=888\">Selecci\u00f3n Audiovisual y Sonora<\/a><\/li>\n<li id=\"menu-item-915\" class=\"menu-item menu-item-type-post_type menu-item-object-page menu-item-915\"><a href=\"https:\/\/asimtria.org\/pumpum\/?page_id=903\">Muestras invitadas<\/a><\/li>\n<li id=\"menu-item-913\" class=\"menu-item menu-item-type-post_type menu-item-object-page menu-item-913\"><a href=\"https:\/\/asimtria.org\/pumpum\/?page_id=910\">Conversaciones 2021<\/a><\/li>\n<li id=\"menu-item-914\" class=\"menu-item menu-item-type-post_type menu-item-object-page menu-item-914\"><a href=\"https:\/\/asimtria.org\/pumpum\/?page_id=908\">Conciertos<\/a><\/li>\n<li id=\"menu-item-1204\" class=\"menu-item menu-item-type-custom menu-item-object-custom menu-item-1204\"><a href=\"https:\/\/asimtria.org\/pumpum\/?page_id=2268\">Talleres<\/a><\/li>\n<li id=\"menu-item-1291\" class=\"menu-item menu-item-type-post_type menu-item-object-page menu-item-1291\"><a href=\"https:\/\/asimtria.org\/pumpum\/?page_id=1288\">Proyecciones Presenciales<\/a><\/li>\n<li id=\"menu-item-1329\" class=\"menu-item menu-item-type-post_type menu-item-object-page menu-item-1329\"><a href=\"https:\/\/asimtria.org\/pumpum\/?page_id=1326\">Radio Tsonami<\/a><\/li>\n<li id=\"menu-item-2236\" class=\"menu-item menu-item-type-post_type menu-item-object-page menu-item-2236\"><a href=\"https:\/\/asimtria.org\/pumpum\/?page_id=2199\">Artistas<\/a><\/li>\n<li id=\"menu-item-2103\" class=\"menu-item menu-item-type-post_type menu-item-object-page menu-item-2103\"><a href=\"https:\/\/asimtria.org\/pumpum\/?page_id=1370\">Memoria<\/a><\/li>\n<\/ul><\/div><\/section>\n<hr \/>\n<p style=\"text-align: left;\"><em>Kawsaykunawan imaymana willayta yachasun, ichaqa manan \u00f1anpiqa chinkasunchu, kaqllata, kikinta willakuykunataqa mast\u2019arisunchis.<\/em><\/p>\n<p style=\"text-align: left;\">Historias que intentan formas diferentes de narraci\u00f3n, pero sin extraviarse de la intenci\u00f3n y encaminadas a una interpretaci\u00f3n m\u00e1s cierta.<\/p>\n<hr \/>\n<p style=\"text-align: center;\"><strong>Cusco Same Films<\/strong> | Somos Patas | 2019<\/p>\n<p style=\"text-align: center;\"><a href=\" https:\/\/www.pumpumyachkan.org\/somos-patas\/\/\"><img decoding=\"async\" class=\"aligncenter\" src=\"https:\/\/archive.org\/download\/pumpumyachkan2021willakuy\/01_somospatas.jpg\" alt=\"\" width=\"500\" \/><\/a><\/p>\n<p style=\"text-align: center;\"><strong>Matilde Le\u00f3n<\/strong> | Sumisa | 2020<\/p>\n<p style=\"text-align: center;\"><a href=\"https:\/\/www.pumpumyachkan.org\/sumisa\/\"><img decoding=\"async\" class=\"aligncenter\" src=\"https:\/\/archive.org\/download\/pumpumyachkan2021willakuy\/02_sumisa.jpg\" alt=\"\" width=\"500\" \/><\/a><\/p>\n<p style=\"text-align: center;\"><strong>Sara Reyes<\/strong> | Sopa de torcaza | 2019<\/p>\n<p style=\"text-align: center;\"><a href=\"https:\/\/www.pumpumyachkan.org\/sopa-de-torcaza\/\"><img decoding=\"async\" class=\"aligncenter\" src=\"https:\/\/archive.org\/download\/pumpumyachkan2021willakuy\/03_sopadetorcaza.jpg\" alt=\"\" width=\"500\" \/><\/a><\/p>\n<p style=\"text-align: center;\"><strong>Roberto Lorenzo, Santiago Sito<\/strong> | LA CAJA | 2019<\/p>\n<p style=\"text-align: center;\"><a href=\"https:\/\/www.pumpumyachkan.org\/la-caja\/\"><img decoding=\"async\" class=\"aligncenter\" src=\"https:\/\/archive.org\/download\/pumpumyachkan2021willakuy\/04_lacaja.jpg\" alt=\"\" width=\"500\" \/><\/a><\/p>\n<p style=\"text-align: center;\"><strong>Colectivo la Lib\u00e9lula <\/strong> | La virgen del silencio | 2021<\/p>\n<p style=\"text-align: center;\"><a href=\"https:\/\/www.pumpumyachkan.org\/la-virgen-del-silencio\/\"><img decoding=\"async\" class=\"aligncenter\" src=\"https:\/\/archive.org\/download\/pumpumyachkan2021willakuy\/05_lavirgendelsilencio.jpg\" alt=\"\" width=\"500\" \/><\/a><\/p>\n<p style=\"text-align: center;\"><strong>Matias mesh, Lucia bartoletti <\/strong> | IMPIANTI | 2021<\/p>\n<p style=\"text-align: center;\"><a href=\"https:\/\/www.pumpumyachkan.org\/impianti\/\"><img decoding=\"async\" class=\"aligncenter\" src=\"https:\/\/archive.org\/download\/pumpumyachkan2021willakuy\/06_impianti.jpg\" alt=\"\" width=\"500\" \/><\/a><\/p>\n<p style=\"text-align: center;\"><strong>Marcela Pareja <\/strong> | Cuerpos | 2020<\/p>\n<p style=\"text-align: center;\"><a href=\"https:\/\/www.pumpumyachkan.org\/cuerpos\/\"><img decoding=\"async\" class=\"aligncenter\" src=\"https:\/\/archive.org\/download\/pumpumyachkan2021willakuy\/07_cuerpos.jpg\" alt=\"\" width=\"500\" \/><\/a><\/p>\n<hr \/>\n<p style=\"text-align: left;\"><strong><a href=\"https:\/\/asimtria.org\/pumpum\/?p=1685\">Cristian Vidal L.<\/a>, Gonzalo Stuardo, Carlos Vergara | Sucker | 2018<\/strong><\/p>\n<p>Kafka, convertido en cucaracha, recorre un para\u00edso habitado por pretensiosas sirenas y fisicoculturistas con cabeza de mosca. Arriba de las nubes, un Dios-Sapo los controla y convierte el para\u00edso en un infernal teatro. Una pesadilla de la cual Kafka no podr\u00e1 salir.<img loading=\"lazy\" decoding=\"async\" class=\"aligncenter\" src=\"https:\/\/archive.org\/download\/pumpumyachkan2021willakuy\/08_sucker.jpg\" alt=\"\" width=\"500\" height=\"545\" \/><\/p>\n<hr \/>\n<p style=\"text-align: center;\"><strong>Julio Tipiana <\/strong> | Etopeya | 2020<\/p>\n<p style=\"text-align: center;\"><a href=\"https:\/\/www.pumpumyachkan.org\/etopeya\/\"><img decoding=\"async\" class=\"aligncenter\" src=\"https:\/\/archive.org\/download\/pumpumyachkan2021willakuy\/09_etopeya.jpg\" alt=\"\" width=\"500\" \/><\/a><\/p>\n<p style=\"text-align: center;\"><strong>Made Deglane <\/strong> | Ruminations 2020 3:30 | 2020<\/p>\n<p style=\"text-align: center;\"><a href=\"https:\/\/www.pumpumyachkan.org\/ruminations\/\"><img decoding=\"async\" class=\"aligncenter\" src=\"https:\/\/archive.org\/download\/pumpumyachkan2021willakuy\/10_ruminations.jpg\" alt=\"\" width=\"500\" \/><\/a><\/p>\n<p style=\"text-align: center;\"><strong>Edson Canaza Berrios <\/strong> | STRONG | 2019<\/p>\n<p style=\"text-align: center;\"><a href=\"https:\/\/www.pumpumyachkan.org\/strong\/\"><img decoding=\"async\" class=\"aligncenter\" src=\"https:\/\/archive.org\/download\/pumpumyachkan2021willakuy\/11_strong.jpg\" alt=\"\" width=\"500\" \/><\/a><\/p>\n<hr \/>\n<p style=\"text-align: left;\"><strong><a href=\"https:\/\/asimtria.org\/pumpum\/?p=1689\">R\u00f3mulo Sulca <\/a> | Resacados | 2020<\/strong><\/p>\n<p>Dos amigos, despu\u00e9s de una borrachera se encuentran para \u00abcurar cabeza\u00bb.<\/p>\n<p style=\"text-align: center;\"><img loading=\"lazy\" decoding=\"async\" class=\"aligncenter\" src=\"https:\/\/archive.org\/download\/pumpumyachkan2021willakuy\/12_resacados.jpg\" alt=\"\" width=\"500\" height=\"383\" \/><\/p>\n<hr \/>\n<p style=\"text-align: center;\"><strong>Claudio Figari <\/strong> | Despertar | 2019<\/p>\n<p style=\"text-align: center;\"><a href=\"https:\/\/www.pumpumyachkan.org\/despertar\/\"><img decoding=\"async\" class=\"aligncenter\" src=\"https:\/\/archive.org\/download\/pumpumyachkan2021willakuy\/13_despertar.jpg\" alt=\"\" width=\"500\" \/><\/a><\/p>\n<p style=\"text-align: center;\"><strong>Pablo Pintor <\/strong> | MU\u00d1ECA | 2021<\/p>\n<p style=\"text-align: center;\"><a href=\"https:\/\/www.pumpumyachkan.org\/muneca\/\"><img decoding=\"async\" class=\"aligncenter\" src=\"https:\/\/archive.org\/download\/pumpumyachkan2021willakuy\/14_muneca.jpg\" alt=\"\" width=\"500\" \/><\/a><\/p>\n<p style=\"text-align: center;\"><strong>Rafael Ar\u00e9valo <\/strong> | Menos es m\u00e1s | 2020<\/p>\n<p style=\"text-align: center;\"><a href=\"https:\/\/www.pumpumyachkan.org\/menos-es-mas\/\"><img decoding=\"async\" class=\"aligncenter\" src=\"https:\/\/archive.org\/download\/pumpumyachkan2021willakuy\/15_menosesmas.jpg\" alt=\"\" width=\"500\" \/><\/a><\/p>\n<p style=\"text-align: center;\"><strong>Giancarlo Espinoza Cerna <\/strong> | Subida\/ Bajada | 2020<\/p>\n<p style=\"text-align: center;\"><img decoding=\"async\" class=\"aligncenter\" src=\"https:\/\/archive.org\/download\/pumpumyachkan2021willakuy\/16_subidabajada.jpg\" alt=\"\" width=\"500\" \/><\/p>\n","protected":false},"excerpt":{"rendered":"<p>Kawsaykunawan imaymana willayta yachasun, ichaqa manan \u00f1anpiqa chinkasunchu, kaqllata, kikinta willakuykunataqa mast\u2019arisunchis. Historias que intentan formas diferentes de narraci\u00f3n, pero sin extraviarse de la intenci\u00f3n y encaminadas a una interpretaci\u00f3n m\u00e1s cierta. Cusco Same Films | Somos Patas | 2019 Matilde Le\u00f3n | Sumisa | 2020 Sara Reyes | Sopa de torcaza | 2019 Roberto&#8230;<\/p>\n","protected":false},"author":1,"featured_media":0,"parent":0,"menu_order":0,"comment_status":"closed","ping_status":"closed","template":"","meta":{"footnotes":""},"class_list":["post-1156","page","type-page","status-publish","hentry"],"_links":{"self":[{"href":"https:\/\/asimtria.org\/pumpum\/index.php?rest_route=\/wp\/v2\/pages\/1156","targetHints":{"allow":["GET"]}}],"collection":[{"href":"https:\/\/asimtria.org\/pumpum\/index.php?rest_route=\/wp\/v2\/pages"}],"about":[{"href":"https:\/\/asimtria.org\/pumpum\/index.php?rest_route=\/wp\/v2\/types\/page"}],"author":[{"embeddable":true,"href":"https:\/\/asimtria.org\/pumpum\/index.php?rest_route=\/wp\/v2\/users\/1"}],"replies":[{"embeddable":true,"href":"https:\/\/asimtria.org\/pumpum\/index.php?rest_route=%2Fwp%2Fv2%2Fcomments&post=1156"}],"version-history":[{"count":11,"href":"https:\/\/asimtria.org\/pumpum\/index.php?rest_route=\/wp\/v2\/pages\/1156\/revisions"}],"predecessor-version":[{"id":2249,"href":"https:\/\/asimtria.org\/pumpum\/index.php?rest_route=\/wp\/v2\/pages\/1156\/revisions\/2249"}],"wp:attachment":[{"href":"https:\/\/asimtria.org\/pumpum\/index.php?rest_route=%2Fwp%2Fv2%2Fmedia&parent=1156"}],"curies":[{"name":"wp","href":"https:\/\/api.w.org\/{rel}","templated":true}]}}