{"id":1122,"date":"2021-04-26T05:16:44","date_gmt":"2021-04-26T03:16:44","guid":{"rendered":"https:\/\/asimtria.org\/pumpum\/?page_id=1122"},"modified":"2021-04-26T05:16:44","modified_gmt":"2021-04-26T03:16:44","slug":"objetos-parlantes","status":"publish","type":"page","link":"https:\/\/asimtria.org\/pumpum\/?page_id=1122","title":{"rendered":"Objetos parlantes"},"content":{"rendered":"<p><span data-sheets-value=\"{&quot;1&quot;:2,&quot;2&quot;:&quot;Mientras veo desde mi ventana en tiempos de cuarentena, escucho la radio. &quot;}\" data-sheets-userformat=\"{&quot;2&quot;:513,&quot;3&quot;:{&quot;1&quot;:0},&quot;12&quot;:0}\">Mientras veo desde mi ventana en tiempos de cuarentena, escucho la radio.<\/span><\/p>\n<p><span data-sheets-value=\"{&quot;1&quot;:2,&quot;2&quot;:&quot;Durante el a\u00f1o 2020 estuve grabando fragmentos de programas radiales locales. Me sorprend\u00eda la ret\u00f3rica utilizada, tan anticuada, el racismo e ignorancia expresada, como si estuvi\u00e9ramos en el siglo pasado. Al mismo tiempo, iba grabando desde mi ventana el desarrollo de la cuarentena. Justo al frente era el centro de aislamiento para personas con Covid del departamento. Reci\u00e9n decid\u00ed montar y experimentar con las grabaciones y las im\u00e1genes realizadas el a\u00f1o pasado en el que viv\u00edamos una crisis sanitaria, y sobre todo una crisis social y pol\u00edtica. &quot;}\" data-sheets-userformat=\"{&quot;2&quot;:513,&quot;3&quot;:{&quot;1&quot;:0},&quot;12&quot;:0}\">Durante el a\u00f1o 2020 estuve grabando fragmentos de programas radiales locales. Me sorprend\u00eda la ret\u00f3rica utilizada, tan anticuada, el racismo e ignorancia expresada, como si estuvi\u00e9ramos en el siglo pasado. Al mismo tiempo, iba grabando desde mi ventana el desarrollo de la cuarentena. Justo al frente era el centro de aislamiento para personas con Covid del departamento. <\/span><\/p>\n<p><span data-sheets-value=\"{&quot;1&quot;:2,&quot;2&quot;:&quot;Durante el a\u00f1o 2020 estuve grabando fragmentos de programas radiales locales. Me sorprend\u00eda la ret\u00f3rica utilizada, tan anticuada, el racismo e ignorancia expresada, como si estuvi\u00e9ramos en el siglo pasado. Al mismo tiempo, iba grabando desde mi ventana el desarrollo de la cuarentena. Justo al frente era el centro de aislamiento para personas con Covid del departamento. Reci\u00e9n decid\u00ed montar y experimentar con las grabaciones y las im\u00e1genes realizadas el a\u00f1o pasado en el que viv\u00edamos una crisis sanitaria, y sobre todo una crisis social y pol\u00edtica. &quot;}\" data-sheets-userformat=\"{&quot;2&quot;:513,&quot;3&quot;:{&quot;1&quot;:0},&quot;12&quot;:0}\">Reci\u00e9n decid\u00ed montar y experimentar con las grabaciones y las im\u00e1genes realizadas el a\u00f1o pasado en el que viv\u00edamos una crisis sanitaria, y sobre todo una crisis social y pol\u00edtica. <\/span><\/p>\n<p>&nbsp;<\/p>\n<p><span data-sheets-value=\"{&quot;1&quot;:2,&quot;2&quot;:&quot;Luciana Decker Orozco&quot;}\" data-sheets-userformat=\"{&quot;2&quot;:513,&quot;3&quot;:{&quot;1&quot;:0},&quot;12&quot;:0}\"><strong>Luciana Decker Orozco<\/strong><br \/>\n<a href=\"https:\/\/lucianadecker.hotglue.me\/?start.head\/view\" target=\"_blank\" rel=\"noopener\">https:\/\/lucianadecker.hotglue.me\/?start.head\/view<\/a><br \/>\nLa Paz, Bolivia<br \/>\n<\/span><\/p>\n<p><span data-sheets-value=\"{&quot;1&quot;:2,&quot;2&quot;:&quot;Estudi\u00e9 antropolog\u00eda pero me dediqu\u00e9 al audiovisual. En estos \u00faltimos a\u00f1os me interes\u00e9 especialmente en el sonido en el audiovisual. El 2016 realic\u00e9 la pel\u00edcula \\&quot;Nana\\&quot;, el 2017 junto a Mar\u00eda Dom\u00ednguez el cortometraje Todos Santos 2017, y el 2020 los cortometrajes \\&quot;Bel\u00e9n\\&quot; y \\&quot;Larama\\&quot;. Mis trabajos siempre han surgido de la experimentaci\u00f3n desde mi vida cotidiana. &quot;}\" data-sheets-userformat=\"{&quot;2&quot;:513,&quot;3&quot;:{&quot;1&quot;:0},&quot;12&quot;:0}\">Estudi\u00e9 antropolog\u00eda pero me dediqu\u00e9 al audiovisual. En estos \u00faltimos a\u00f1os me interes\u00e9 especialmente en el sonido en el audiovisual. El 2016 realic\u00e9 la pel\u00edcula \u00abNana\u00bb, el 2017 junto a Mar\u00eda Dom\u00ednguez el cortometraje Todos Santos 2017, y el 2020 los cortometrajes \u00abBel\u00e9n\u00bb y \u00abLarama\u00bb. Mis trabajos siempre han surgido de la experimentaci\u00f3n desde mi vida cotidiana. <\/span><\/p>\n","protected":false},"excerpt":{"rendered":"<p>Mientras veo desde mi ventana en tiempos de cuarentena, escucho la radio. Durante el a\u00f1o 2020 estuve grabando fragmentos de programas radiales locales. Me sorprend\u00eda la ret\u00f3rica utilizada, tan anticuada, el racismo e ignorancia expresada, como si estuvi\u00e9ramos en el siglo pasado. Al mismo tiempo, iba grabando desde mi ventana el desarrollo de la cuarentena&#8230;.<\/p>\n","protected":false},"author":1,"featured_media":0,"parent":0,"menu_order":0,"comment_status":"closed","ping_status":"closed","template":"","meta":{"footnotes":""},"class_list":["post-1122","page","type-page","status-publish","hentry"],"_links":{"self":[{"href":"https:\/\/asimtria.org\/pumpum\/index.php?rest_route=\/wp\/v2\/pages\/1122","targetHints":{"allow":["GET"]}}],"collection":[{"href":"https:\/\/asimtria.org\/pumpum\/index.php?rest_route=\/wp\/v2\/pages"}],"about":[{"href":"https:\/\/asimtria.org\/pumpum\/index.php?rest_route=\/wp\/v2\/types\/page"}],"author":[{"embeddable":true,"href":"https:\/\/asimtria.org\/pumpum\/index.php?rest_route=\/wp\/v2\/users\/1"}],"replies":[{"embeddable":true,"href":"https:\/\/asimtria.org\/pumpum\/index.php?rest_route=%2Fwp%2Fv2%2Fcomments&post=1122"}],"version-history":[{"count":1,"href":"https:\/\/asimtria.org\/pumpum\/index.php?rest_route=\/wp\/v2\/pages\/1122\/revisions"}],"predecessor-version":[{"id":1123,"href":"https:\/\/asimtria.org\/pumpum\/index.php?rest_route=\/wp\/v2\/pages\/1122\/revisions\/1123"}],"wp:attachment":[{"href":"https:\/\/asimtria.org\/pumpum\/index.php?rest_route=%2Fwp%2Fv2%2Fmedia&parent=1122"}],"curies":[{"name":"wp","href":"https:\/\/api.w.org\/{rel}","templated":true}]}}