{"id":2,"date":"2019-03-31T20:51:58","date_gmt":"2019-03-31T18:51:58","guid":{"rendered":"http:\/\/asimtria.org\/otrasescuchas\/?page_id=2"},"modified":"2019-04-09T00:27:20","modified_gmt":"2019-04-09T05:27:20","slug":"pagina-ejemplo","status":"publish","type":"page","link":"https:\/\/asimtria.org\/otrasescuchas\/?page_id=2","title":{"rendered":"\u00bfQu\u00e9 es esto?"},"content":{"rendered":"<p>Otras Escuchas es un repositorio sonoro que incluye registros desde otras modalidades de escucha, que son facilitadas a trav\u00e9s de sistemas artesanales de microfon\u00eda, como:<\/p>\n<ul>\n<li>Registro electromagn\u00e9tico, en base a bobinas (mal\/re)utilizadas.<\/li>\n<li>Registro subacu\u00e1tico, en base a hidr\u00f3fonos o micr\u00f3fonos aislados.<\/li>\n<\/ul>\n<p>Es a su vez una cartograf\u00eda que representa algunas realidades, normalmente imperceptibles de diferentes territorios, y los va clasificando en ese sentido, adem\u00e1s de temporalmente.<\/p>\n<p>Y es una herramienta inicial que invita a la composici\u00f3n de paisajes sonoros.<\/p>\n<p>Es un proyecto de <a href=\"http:\/\/asimtria.org\" target=\"_blank\" rel=\"noopener\">http:\/\/asimtria.org<\/a>, cuyos\u00a0contenidos est\u00e1n bajo una licencia Creative Commons.<\/p>\n<p>&nbsp;<\/p>\n<p><a href=\"https:\/\/creativecommons.org\/licenses\/by-nc-sa\/4.0\/\" target=\"_blank\" rel=\"noopener\"><img loading=\"lazy\" decoding=\"async\" class=\"alignnone\" src=\"http:\/\/asimtria.org\/archivolat\/wp-content\/uploads\/sites\/11\/by-nc-sa-e1507079329526.png\" alt=\"\" width=\"100\" height=\"35\" \/><\/a><\/p>\n","protected":false},"excerpt":{"rendered":"<p>Otras Escuchas es un repositorio sonoro que incluye registros desde otras modalidades de escucha, que son facilitadas a trav\u00e9s de sistemas artesanales de microfon\u00eda, como: Registro electromagn\u00e9tico, en base a bobinas (mal\/re)utilizadas. Registro subacu\u00e1tico, en base a hidr\u00f3fonos o micr\u00f3fonos aislados. Es a su vez una cartograf\u00eda que representa algunas realidades, normalmente imperceptibles de diferentes [&hellip;]<\/p>\n","protected":false},"author":1,"featured_media":0,"parent":0,"menu_order":0,"comment_status":"closed","ping_status":"open","template":"","meta":{"footnotes":""},"class_list":["post-2","page","type-page","status-publish","hentry"],"_links":{"self":[{"href":"https:\/\/asimtria.org\/otrasescuchas\/index.php?rest_route=\/wp\/v2\/pages\/2","targetHints":{"allow":["GET"]}}],"collection":[{"href":"https:\/\/asimtria.org\/otrasescuchas\/index.php?rest_route=\/wp\/v2\/pages"}],"about":[{"href":"https:\/\/asimtria.org\/otrasescuchas\/index.php?rest_route=\/wp\/v2\/types\/page"}],"author":[{"embeddable":true,"href":"https:\/\/asimtria.org\/otrasescuchas\/index.php?rest_route=\/wp\/v2\/users\/1"}],"replies":[{"embeddable":true,"href":"https:\/\/asimtria.org\/otrasescuchas\/index.php?rest_route=%2Fwp%2Fv2%2Fcomments&post=2"}],"version-history":[{"count":5,"href":"https:\/\/asimtria.org\/otrasescuchas\/index.php?rest_route=\/wp\/v2\/pages\/2\/revisions"}],"predecessor-version":[{"id":30,"href":"https:\/\/asimtria.org\/otrasescuchas\/index.php?rest_route=\/wp\/v2\/pages\/2\/revisions\/30"}],"wp:attachment":[{"href":"https:\/\/asimtria.org\/otrasescuchas\/index.php?rest_route=%2Fwp%2Fv2%2Fmedia&parent=2"}],"curies":[{"name":"wp","href":"https:\/\/api.w.org\/{rel}","templated":true}]}}