{"id":2,"date":"2015-05-29T20:30:36","date_gmt":"2015-05-29T20:30:36","guid":{"rendered":"http:\/\/asimtria.org\/?page_id=2"},"modified":"2023-05-24T17:08:06","modified_gmt":"2023-05-24T22:08:06","slug":"pagina-ejemplo","status":"publish","type":"page","link":"https:\/\/asimtria.org\/?page_id=2","title":{"rendered":"\u00bfImatataq kachkanchik?"},"content":{"rendered":"<p><a href=\"http:\/\/asimtria.org\/wp-content\/uploads\/2020\/07\/bienestarasimtria.png\"><img loading=\"lazy\" decoding=\"async\" class=\"aligncenter wp-image-1647 size-full\" src=\"https:\/\/asimtria.org\/wp-content\/uploads\/2020\/07\/bienestarasimtria-e1639933486544.png\" alt=\"\" width=\"756\" height=\"155\" \/><\/a><\/p>\n<p><strong>asimtria.org <\/strong>es una plataforma enfocada en el aprendizaje, realizaci\u00f3n, transferencia y compartir de diversas posibilidades de creaci\u00f3n colectiva basadas en la aplicaci\u00f3n y desarrollo libre de tecnolog\u00edas, aplicadas al audiovisual y la escucha; y en contribuir en la generaci\u00f3n de medios y espacios que sostengan en circulaci\u00f3n constante los saberes, experiencias e informaci\u00f3n necesarias para qu\u00e9, de manera aut\u00f3noma, diversas comunidades logren sus prop\u00f3sitos, desde la exploraci\u00f3n de la memoria, el territorio y, en identificaci\u00f3n con la Cultura Libre y los valores del Iskay Yachay y el Sumaq Kawsay.<\/p>\n<p>Funciona desde el a\u00f1o 2006 en Per\u00fa, a trav\u00e9s de experiencias en la gesti\u00f3n y producci\u00f3n de Festivales y Encuentros, Talleres y espacios formativos, Ciclos de proyecciones, Ciclos de conciertos y acciones sonoras, espacios de investigaci\u00f3n y desarrollo de tecnolog\u00edas electr\u00f3nicas, an\u00e1logas y digitales, experiencias de aplicaci\u00f3n alternativa, colectiva y colaborativa de diversas tecnolog\u00edas, gesti\u00f3n de archivos sonoros y audiovisuales, y realizaci\u00f3n de diversos contenidos como documentales, videocreaciones, piezas sonoras, prototipos tecnol\u00f3gicos, entre otros.<\/p>\n<p>Trabaja colaborativamente con muchas personas, organizaciones y proyectos de diversas partes del mundo, en actividades a distancia y presenciales, propiciando el intercambio y trabajo en red, habiendo colaborado en el desarrollo de proyectos diversos en Per\u00fa, Argentina, Ecuador, Colombia, M\u00e9xico y Chile.<\/p>\n","protected":false},"excerpt":{"rendered":"<p>asimtria.org es una plataforma enfocada en el aprendizaje, realizaci\u00f3n, transferencia y compartir de diversas posibilidades de creaci\u00f3n colectiva basadas en la aplicaci\u00f3n y desarrollo libre de tecnolog\u00edas, aplicadas al audiovisual y la escucha; y en contribuir en la generaci\u00f3n de medios y espacios que sostengan en circulaci\u00f3n constante los saberes, experiencias e informaci\u00f3n necesarias para &hellip; <a href=\"https:\/\/asimtria.org\/?page_id=2\" class=\"more-link\">Sigue leyendo <span class=\"screen-reader-text\">\u00bfImatataq kachkanchik?<\/span><\/a><\/p>\n","protected":false},"author":1,"featured_media":0,"parent":0,"menu_order":0,"comment_status":"closed","ping_status":"closed","template":"","meta":{"footnotes":""},"class_list":["post-2","page","type-page","status-publish","hentry"],"_links":{"self":[{"href":"https:\/\/asimtria.org\/index.php?rest_route=\/wp\/v2\/pages\/2","targetHints":{"allow":["GET"]}}],"collection":[{"href":"https:\/\/asimtria.org\/index.php?rest_route=\/wp\/v2\/pages"}],"about":[{"href":"https:\/\/asimtria.org\/index.php?rest_route=\/wp\/v2\/types\/page"}],"author":[{"embeddable":true,"href":"https:\/\/asimtria.org\/index.php?rest_route=\/wp\/v2\/users\/1"}],"replies":[{"embeddable":true,"href":"https:\/\/asimtria.org\/index.php?rest_route=%2Fwp%2Fv2%2Fcomments&post=2"}],"version-history":[{"count":23,"href":"https:\/\/asimtria.org\/index.php?rest_route=\/wp\/v2\/pages\/2\/revisions"}],"predecessor-version":[{"id":1881,"href":"https:\/\/asimtria.org\/index.php?rest_route=\/wp\/v2\/pages\/2\/revisions\/1881"}],"wp:attachment":[{"href":"https:\/\/asimtria.org\/index.php?rest_route=%2Fwp%2Fv2%2Fmedia&parent=2"}],"curies":[{"name":"wp","href":"https:\/\/api.w.org\/{rel}","templated":true}]}}