{"id":1224,"date":"2017-06-26T16:25:08","date_gmt":"2017-06-26T16:25:08","guid":{"rendered":"http:\/\/asimtria.org\/?page_id=1224"},"modified":"2017-06-26T16:37:32","modified_gmt":"2017-06-26T16:37:32","slug":"1224-2","status":"publish","type":"page","link":"https:\/\/asimtria.org\/?page_id=1224","title":{"rendered":""},"content":{"rendered":"<p><a href=\"http:\/\/asimtria.org\/wp-content\/uploads\/2017\/04\/a13tp2barrafb.png\"><img loading=\"lazy\" decoding=\"async\" class=\"alignnone size-full wp-image-1124\" src=\"http:\/\/asimtria.org\/wp-content\/uploads\/2017\/04\/a13tp2barrafb.png\" alt=\"\" width=\"1756\" height=\"650\" srcset=\"https:\/\/asimtria.org\/wp-content\/uploads\/2017\/04\/a13tp2barrafb.png 1756w, https:\/\/asimtria.org\/wp-content\/uploads\/2017\/04\/a13tp2barrafb-768x284.png 768w, https:\/\/asimtria.org\/wp-content\/uploads\/2017\/04\/a13tp2barrafb-820x304.png 820w\" sizes=\"auto, (max-width: 1756px) 100vw, 1756px\" \/><\/a><\/p>\n<h4>EXPOSICI\u00d3N CUSCO<\/h4>\n<p>Casa de la Cultura Cusco | Del 03 al 05 julio<\/p>\n<p><strong>From DNA to NSA<\/strong><br \/>\n<strong>Maite Cajaraville &amp; Gisle Fr\u00f8ysland (Espa\u00f1a\/Noruega)<\/strong><br \/>\n<a href=\"https:\/\/maitecajaraville.org\/\" target=\"_blank\" rel=\"noopener\">https:\/\/maitecajaraville.org\/<\/a><br \/>\n<a href=\"http:\/\/gislefroysland.com\/\" target=\"_blank\" rel=\"noopener\">http:\/\/gislefroysland.com\/<\/a><\/p>\n<p style=\"text-align: justify;\">Laboratorio casero (Do-It-Yourself) de extracci\u00f3n de cadenas de ADN y sonificaci\u00f3n y visualizaci\u00f3n de b\u00fasquedas sobre informaci\u00f3n gen\u00e9tica en ordenadores Raspberry Pi, monitores y proyector, y agitador magn\u00e9tico.<\/p>\n<p><img loading=\"lazy\" decoding=\"async\" class=\"size-full aligncenter\" src=\"http:\/\/piksel.no\/mediawiki\/images\/thumb\/e\/e8\/11312639_842311269171932_8592844925808693146_o.jpg\/550px-11312639_842311269171932_8592844925808693146_o.jpg\" width=\"550\" height=\"309\" \/><\/p>\n<p>&nbsp;<\/p>\n<p><strong>Endless Endtime<\/strong><br \/>\n<strong>Linda Hilfling Ritasdatter (Dinamarca)<\/strong><\/p>\n<p style=\"text-align: justify;\">Hacia el cambio del Milenio la atenci\u00f3n se dirigi\u00f3 hacia el llamado problema Y2K, o milenio o Y2K bug, como fue doblado principalmente en el mundo occidental. Desde los primeros d\u00edas de la computaci\u00f3n hab\u00eda sido una rutina, as\u00ed como un est\u00e1ndar t\u00e9cnico para indicar las fechas de a\u00f1o con dos d\u00edgitos en lugar de cuatro, dejando de lado los n\u00fameros que especifican el milenio con el fin de ahorrar costosa memoria de la computadora. Pero el conocimiento de las implicaciones potenciales de tal pr\u00e1ctica comenz\u00f3 a ser levantado: Al alcanzar el a\u00f1o 2000, la computadora no podr\u00eda distinguir el 00 de 2000 del 00 de 1900. El insecto del Y2K se supuso para conducir a los fracasos en el mayor Instituciones financieras como bancos o bolsas de valores, sistemas de n\u00f3minas, telecomunicaciones y sistemas de energ\u00eda.<\/p>\n<p><img loading=\"lazy\" decoding=\"async\" class=\"aligncenter\" src=\"http:\/\/liu.se\/sensorium\/custom\/uploads\/2017\/04\/EndlessEndtime-acompleteindexofallelementsleadingtotheendoftheworld-vol1ofinfinite.jpeg\" width=\"622\" height=\"350\" \/><\/p>\n","protected":false},"excerpt":{"rendered":"<p>EXPOSICI\u00d3N CUSCO Casa de la Cultura Cusco | Del 03 al 05 julio From DNA to NSA Maite Cajaraville &amp; Gisle Fr\u00f8ysland (Espa\u00f1a\/Noruega) https:\/\/maitecajaraville.org\/ http:\/\/gislefroysland.com\/ Laboratorio casero (Do-It-Yourself) de extracci\u00f3n de cadenas de ADN y sonificaci\u00f3n y visualizaci\u00f3n de b\u00fasquedas sobre informaci\u00f3n gen\u00e9tica en ordenadores Raspberry Pi, monitores y proyector, y agitador magn\u00e9tico. &nbsp; Endless &hellip; <a href=\"https:\/\/asimtria.org\/?page_id=1224\" class=\"more-link\">Sigue leyendo <span class=\"screen-reader-text\"><\/span><\/a><\/p>\n","protected":false},"author":1,"featured_media":0,"parent":0,"menu_order":0,"comment_status":"closed","ping_status":"closed","template":"","meta":{"footnotes":""},"class_list":["post-1224","page","type-page","status-publish","hentry"],"_links":{"self":[{"href":"https:\/\/asimtria.org\/index.php?rest_route=\/wp\/v2\/pages\/1224","targetHints":{"allow":["GET"]}}],"collection":[{"href":"https:\/\/asimtria.org\/index.php?rest_route=\/wp\/v2\/pages"}],"about":[{"href":"https:\/\/asimtria.org\/index.php?rest_route=\/wp\/v2\/types\/page"}],"author":[{"embeddable":true,"href":"https:\/\/asimtria.org\/index.php?rest_route=\/wp\/v2\/users\/1"}],"replies":[{"embeddable":true,"href":"https:\/\/asimtria.org\/index.php?rest_route=%2Fwp%2Fv2%2Fcomments&post=1224"}],"version-history":[{"count":3,"href":"https:\/\/asimtria.org\/index.php?rest_route=\/wp\/v2\/pages\/1224\/revisions"}],"predecessor-version":[{"id":1228,"href":"https:\/\/asimtria.org\/index.php?rest_route=\/wp\/v2\/pages\/1224\/revisions\/1228"}],"wp:attachment":[{"href":"https:\/\/asimtria.org\/index.php?rest_route=%2Fwp%2Fv2%2Fmedia&parent=1224"}],"curies":[{"name":"wp","href":"https:\/\/api.w.org\/{rel}","templated":true}]}}