{"id":359,"date":"2017-10-16T19:28:17","date_gmt":"2017-10-17T00:28:17","guid":{"rendered":"http:\/\/asimtria.org\/archivolat\/?page_id=359"},"modified":"2021-06-24T11:20:51","modified_gmt":"2021-06-24T16:20:51","slug":"sobre-archivolat","status":"publish","type":"page","link":"https:\/\/asimtria.org\/archivolat\/?page_id=359","title":{"rendered":"Sobre Archivolat"},"content":{"rendered":"<p>Archivolat es un proyecto colaborativo entre diversos colectivos y plataformas, impulsado por asimtria.org, con fines de investigaci\u00f3n y de reconocimiento a las pr\u00e1cticas que en sonido realizamos todas y todos, y con el objetivo esencial de tender redes de colaboraci\u00f3n e intercambio.<\/p>\n<p>Concentra una gran cantidad de archivos de video y audio, tomados de diversos repositorios.<\/p>\n<p><strong>Sobre los archivos<\/strong><br \/>\nLos archivos en video y audio que integran este proyecto, son registros de Conciertos, Festivales, Encuentro, Ciclos o similares, logrados en directo, y donde la persona o colectivo ejecutante, improvisa total o parcialmente, sobre una obra sonora que puede ser pauteada previamente, pero que tiene una puesta \u00fanica en ese tiempo. Estos archivos tienen una duraci\u00f3n que representa una muestra suficiente del trabajo que documenta. En caso contenga m\u00e1s de un acto documentado, estos son actos ocurridos durante una misma temporada de un mismo festival o encuentro.<\/p>\n<p>La naturaleza del registro nos remite a una pr\u00e1ctica de exploraci\u00f3n sonora, buscando y encontrando m\u00e9todos, sistemas y otros para lograr experiencias sonoras y de escucha m\u00e1s all\u00e1 de la idea de la m\u00fasica, con otras formas de instrumentaci\u00f3n o un uso innovador de instrumentos tradicionales. Tambi\u00e9n son archivos en video y audio de entrevistas, conversaciones u otras actividades donde se toma el sonido como tema y que se da en los contextos ya referidos.<\/p>\n<p>Los archivos no son parte de documentales u otros trabajos en video o audio con una narrativa dirigida.<\/p>\n<p>Se ordenan a partir del colectivo o solista que est\u00e1 documentandx, del territorio y la fecha en que se realizan, y tiene adem\u00e1s informaci\u00f3n sobre el evento y el espacio en donde fue documentado.<\/p>\n<p><strong>Sobre los respositorios<\/strong><br \/>\nLos repositorios son plataformas dedicadas a la documentaci\u00f3n en video y audio de las pr\u00e1cticas referidas, y que suben ese material sin restricci\u00f3n en un perfil propio de Archive, Soundcloud, Bandcamp, Youtube, Vimeo u otra fuente insertable. Los registros son de variados eventos, colectivos y personas.<\/p>\n<p>Los videos y audios enlazados en el Archivo son tomados de estos mismos perfiles, evidenci\u00e1ndose as\u00ed su fuente. Cada archivo de video y audio, incluye todo los cr\u00e9ditos que sea necesario evidenciar.<\/p>\n<p><strong>Serie para Radio<\/strong><br \/>\nComo estrategia de difusi\u00f3n de los contenidos del archivo, se propone Archivolat, una serie para radio basada en los registros del Archivo latinoamericano de experimentaci\u00f3n sonora, escucha y ruido, un proyecto que funciona como una plataforma que re\u00fane conversaciones con artistas dentro del archivo, junto a registros en directo en festivales, encuentros, ciclos y otros espacios de reuni\u00f3n desarrollados en Latinoam\u00e9rica y por personas que habitan este territorio. Esto, para el reconocimiento a las pr\u00e1cticas que en sonido realizamos y con el objetivo esencial de tender redes de colaboraci\u00f3n e intercambio.<\/p>\n<p>La Serie se inici\u00f3 en el a\u00f1o 2017 con una primera temporada de 7 cap\u00edtulos <a href=\"http:\/\/radiolibre.co\" target=\"_blank\" rel=\"noopener\">Radio Libre<\/a> y durante el 2018, una segunda temporada de 20 cap\u00edtulos, esta vez por <a href=\"http:\/\/radiotsonami.org\" target=\"_blank\" rel=\"noopener\">Radio Tsonami<\/a>.<\/p>\n<p>En el 2019 y 2020, propone una tercera temporada de 13 cap\u00edtulos por <a href=\"http:\/\/radiotsonami.org\" target=\"_blank\" rel=\"noopener\">Radio Tsonami<\/a>.<\/p>\n","protected":false},"excerpt":{"rendered":"<p>Archivolat es un proyecto colaborativo entre diversos colectivos y plataformas, impulsado por asimtria.org, con fines de investigaci\u00f3n y de reconocimiento a las pr\u00e1cticas que en sonido realizamos todas y todos, y con el objetivo esencial de tender redes de colaboraci\u00f3n e intercambio. Concentra una gran cantidad de archivos de video y audio, tomados de diversos [&hellip;]<\/p>\n","protected":false},"author":1,"featured_media":0,"parent":0,"menu_order":0,"comment_status":"closed","ping_status":"closed","template":"","meta":{"footnotes":""},"class_list":["post-359","page","type-page","status-publish","hentry"],"_links":{"self":[{"href":"https:\/\/asimtria.org\/archivolat\/index.php?rest_route=\/wp\/v2\/pages\/359","targetHints":{"allow":["GET"]}}],"collection":[{"href":"https:\/\/asimtria.org\/archivolat\/index.php?rest_route=\/wp\/v2\/pages"}],"about":[{"href":"https:\/\/asimtria.org\/archivolat\/index.php?rest_route=\/wp\/v2\/types\/page"}],"author":[{"embeddable":true,"href":"https:\/\/asimtria.org\/archivolat\/index.php?rest_route=\/wp\/v2\/users\/1"}],"replies":[{"embeddable":true,"href":"https:\/\/asimtria.org\/archivolat\/index.php?rest_route=%2Fwp%2Fv2%2Fcomments&post=359"}],"version-history":[{"count":11,"href":"https:\/\/asimtria.org\/archivolat\/index.php?rest_route=\/wp\/v2\/pages\/359\/revisions"}],"predecessor-version":[{"id":735,"href":"https:\/\/asimtria.org\/archivolat\/index.php?rest_route=\/wp\/v2\/pages\/359\/revisions\/735"}],"wp:attachment":[{"href":"https:\/\/asimtria.org\/archivolat\/index.php?rest_route=%2Fwp%2Fv2%2Fmedia&parent=359"}],"curies":[{"name":"wp","href":"https:\/\/api.w.org\/{rel}","templated":true}]}}