{"id":67,"date":"2019-12-25T01:49:05","date_gmt":"2019-12-25T00:49:05","guid":{"rendered":"http:\/\/asimtria.org\/allinrimay\/?page_id=67"},"modified":"2020-10-22T21:45:16","modified_gmt":"2020-10-22T19:45:16","slug":"sistematizacion","status":"publish","type":"page","link":"https:\/\/asimtria.org\/allinrimay\/?page_id=67","title":{"rendered":"Sistematizaci\u00f3n"},"content":{"rendered":"<p>La sistematizaci\u00f3n de esta experiencia incluye la presente web y un texto impreso que tambi\u00e9n esta disponible de manera digital:<\/p>\n<p><iframe loading=\"lazy\" src=\"https:\/\/archive.org\/embed\/allinrimayespinar\" width=\"560\" height=\"384\" frameborder=\"0\" allowfullscreen=\"allowfullscreen\"><\/iframe><\/p>\n<p><a href=\"https:\/\/ia801500.us.archive.org\/12\/items\/allinrimayespinar\/Allin Rimay Espinar.pdf\" target=\"_blank\" rel=\"noopener\">DESCARGA<\/a><\/p>\n<p>El texto fue publicado con licencia Creative Commons BYNCSA, y fue presentado en cada colegio en los que se desarrollaron los talleres y en la UGEL Espinar ante docentes y especialistas.<\/p>\n","protected":false},"excerpt":{"rendered":"<p>La sistematizaci\u00f3n de esta experiencia incluye la presente web y un texto impreso que tambi\u00e9n esta disponible de manera digital: DESCARGA El texto fue publicado&#8230;<\/p>\n<div class=\"more-link-wrapper\"><a class=\"more-link\" href=\"https:\/\/asimtria.org\/allinrimay\/?page_id=67\">Aswan yachay<span class=\"screen-reader-text\">Sistematizaci\u00f3n<\/span><\/a><\/div>\n","protected":false},"author":1,"featured_media":0,"parent":0,"menu_order":0,"comment_status":"closed","ping_status":"closed","template":"","meta":{"footnotes":""},"class_list":["post-67","page","type-page","status-publish","hentry","entry"],"_links":{"self":[{"href":"https:\/\/asimtria.org\/allinrimay\/index.php?rest_route=\/wp\/v2\/pages\/67","targetHints":{"allow":["GET"]}}],"collection":[{"href":"https:\/\/asimtria.org\/allinrimay\/index.php?rest_route=\/wp\/v2\/pages"}],"about":[{"href":"https:\/\/asimtria.org\/allinrimay\/index.php?rest_route=\/wp\/v2\/types\/page"}],"author":[{"embeddable":true,"href":"https:\/\/asimtria.org\/allinrimay\/index.php?rest_route=\/wp\/v2\/users\/1"}],"replies":[{"embeddable":true,"href":"https:\/\/asimtria.org\/allinrimay\/index.php?rest_route=%2Fwp%2Fv2%2Fcomments&post=67"}],"version-history":[{"count":2,"href":"https:\/\/asimtria.org\/allinrimay\/index.php?rest_route=\/wp\/v2\/pages\/67\/revisions"}],"predecessor-version":[{"id":69,"href":"https:\/\/asimtria.org\/allinrimay\/index.php?rest_route=\/wp\/v2\/pages\/67\/revisions\/69"}],"wp:attachment":[{"href":"https:\/\/asimtria.org\/allinrimay\/index.php?rest_route=%2Fwp%2Fv2%2Fmedia&parent=67"}],"curies":[{"name":"wp","href":"https:\/\/api.w.org\/{rel}","templated":true}]}}