{"id":4,"date":"2019-10-15T22:03:40","date_gmt":"2019-10-15T20:03:40","guid":{"rendered":"http:\/\/asimtria.org\/allinrimay\/?page_id=4"},"modified":"2020-05-08T04:48:02","modified_gmt":"2020-05-08T02:48:02","slug":"allin-rimay-espinar","status":"publish","type":"page","link":"https:\/\/asimtria.org\/allinrimay\/?page_id=4","title":{"rendered":"Allin Rimay Espinar"},"content":{"rendered":"<p><img loading=\"lazy\" decoding=\"async\" class=\"aligncenter\" src=\"https:\/\/archive.org\/download\/allinrimaypics\/01logo.jpg\" width=\"200\" height=\"200\" \/><\/p>\n<p><iframe loading=\"lazy\" title=\"Allin Rimay Espinar\" width=\"500\" height=\"281\" src=\"https:\/\/www.youtube.com\/embed\/qLpAovrDM9o?feature=oembed\" frameborder=\"0\" allow=\"accelerometer; autoplay; clipboard-write; encrypted-media; gyroscope; picture-in-picture; web-share\" referrerpolicy=\"strict-origin-when-cross-origin\" allowfullscreen><\/iframe><\/p>\n<p><em>Allin Rimaypiqa tukuy munakuywan imaymanakunata ruwasun, qhelqaspa, rimaspa, uyarispa, grabaspa ima chaninta yachamusunchis, chay internet nisqawantaq t\u2019aqwirisunchis, willasunchis, yachachisunchis uyariqninchiskunaman kawsayninchiskunamanta, yachayninchiskunamanta, Internetpa ch&#8217;uyanchasqa llank&#8217;anankunawan. Chaykunatataq provincia de Espinar Qosqo regiunpi qhepa wi\u00f1aqkunawan, Sipas waynakunawan, llank\u2019asun, \u00a1ari kay Espinarpin kanqa!<\/em><\/p>\n<p>Nuestra inspiraci\u00f3n para este nombre proviene del <i>Allin Kausay<\/i>, expresi\u00f3n quechua que alude al bienestar, al buen vivir, y <i>Rimay<\/i>, que significa hablar. As\u00ed, <i>Allin Rimay, hace referencia<\/i> a la cultura, sobre todo oral, de la lengua quechua, que conserva y sostiene una serie de visiones, paradigmas y tecnolog\u00edas en su habla y que acerca, a quienes la conocen y a quienes la aprendemos, a vivencias muy cercanas al territorio que habitamos y a entender realidades no presentes u olvidadas por la influencia occidental que nos habita.<\/p>\n<p><i>Allin Rimay<\/i> ha sido concebido como un espacio para compartir experiencias art\u00edsticas en nuevos medios, a trav\u00e9s de diversas herramientas de la Cultura Libre e Internet, para narrar nuestras tecnolog\u00edas, territorios, sue\u00f1os y experiencias desde la lengua Quechua, y nos permiti\u00f3 habitar la ciudad de Yauri, el Centro Poblado de San Miguel en Pichigua, y el Centro Poblado de Machupuente en Coporaque, durante los meses de octubre y noviembre del 2019.<\/p>\n<p><b>Nuestros objetivos<\/b><\/p>\n<p>&#8211; Contribuir a ampliar la perspectiva del valor de las lenguas, para conocer a las personas que las hablan, y reconocer su valor a trav\u00e9s de la revisi\u00f3n de sus tecnolog\u00edas, experiencias y enfoques del mundo, as\u00ed como la relaci\u00f3n y v\u00ednculo con el territorio propio.<\/p>\n<p>&#8211; Desarrollar espacios con actividades biling\u00fces para compartir lo aprendido en TICs y Nuevos Medios, as\u00ed como para generar espacios de pr\u00e1ctica y revaloraci\u00f3n de la lengua quechua.<\/p>\n<p>&#8211; Lograr resultados de comunicaci\u00f3n en quechua, representativos e inclusivos, propuestos por sus propios hablantes y que retraten el valor de su cotidianidad, sus experiencias, aprendizajes y v\u00ednculos con el territorio.<\/p>\n<p>Se desarrolla en la provincia de Espinar en Cusco, con la colaboraci\u00f3n de asimtria.org, Lee K\u2019ana, Cine Cusco, GrIs Per\u00fa y la Facultad de Comunicaci\u00f3n de la USMP, y gracias al fondo del Concurso de Proyectos de Arte para la Transformaci\u00f3n e Innovaci\u00f3n Social 2019 del Ministerio de Cultura del Per\u00fa.<\/p>\n<p>S\u00edguelo: <a href=\"https:\/\/www.facebook.com\/allinrimayespinar\/\" target=\"_blank\" rel=\"noopener\">https:\/\/www.facebook.com\/allinrimayespinar\/<\/a><\/p>\n<p><img loading=\"lazy\" decoding=\"async\" class=\"alignnone size-full\" src=\"https:\/\/archive.org\/download\/allinrimaypics\/02portada.jpg\" width=\"960\" height=\"613\" \/><strong>Equipo:<\/strong><\/p>\n<p>Direcci\u00f3n y coordinaci\u00f3n general \/\/ Marco Valdivia<br \/>\nProducci\u00f3n \/\/ Jaiflor Arag\u00f3n, Luciano Huaypuna y Max Corahua<br \/>\nAcompa\u00f1amiento Psico-emocional \/\/ Milagros Saldarriaga<br \/>\nCo-facilitaci\u00f3n \/\/ Marco Valdivia, Fabrizio Davila, Katia Melendez, Alejandro Cornejo, Deysi Gutierrez y Jaiflor Arag\u00f3n<br \/>\nRegistro \/\/ Jaiflor Arag\u00f3n y Max Corahua<br \/>\nAcompa\u00f1amiento en quechua \/\/ Maribet Berrocal, Max Corahua y Methzy Maqquera<br \/>\nAsistencia \/\/ Edgar Caceres y Julio Atajo<br \/>\nSistematizaci\u00f3n \/\/ Milagros Saldarriaga y Marco Valdivia<br \/>\nCorrecci\u00f3n de estilo \/\/ Aleyda C\u00e1rdenas<br \/>\nAnimaci\u00f3n e ilustraci\u00f3n \/\/ Alessandra Aranibar<br \/>\nIlustraci\u00f3n y Diagramaci\u00f3n Sistematizaci\u00f3n \/\/ Leila Arenas<br \/>\nSitio web \/\/ asimtria.org<\/p>\n<p>Agradecimientos especiales \/\/<br \/>\nAlfredo Quispe<br \/>\nJes\u00fas Condo<br \/>\nMarleni Quispe<br \/>\nVictor Valdivia<br \/>\nRosana Ticlla<br \/>\nPiedad Yauri<\/p>\n","protected":false},"excerpt":{"rendered":"<p>Allin Rimaypiqa tukuy munakuywan imaymanakunata ruwasun, qhelqaspa, rimaspa, uyarispa, grabaspa ima chaninta yachamusunchis, chay internet nisqawantaq t\u2019aqwirisunchis, willasunchis, yachachisunchis uyariqninchiskunaman kawsayninchiskunamanta, yachayninchiskunamanta, Internetpa ch&#8217;uyanchasqa llank&#8217;anankunawan.&#8230;<\/p>\n<div class=\"more-link-wrapper\"><a class=\"more-link\" href=\"https:\/\/asimtria.org\/allinrimay\/?page_id=4\">Aswan yachay<span class=\"screen-reader-text\">Allin Rimay Espinar<\/span><\/a><\/div>\n","protected":false},"author":1,"featured_media":0,"parent":0,"menu_order":0,"comment_status":"closed","ping_status":"closed","template":"","meta":{"footnotes":""},"class_list":["post-4","page","type-page","status-publish","hentry","entry"],"_links":{"self":[{"href":"https:\/\/asimtria.org\/allinrimay\/index.php?rest_route=\/wp\/v2\/pages\/4","targetHints":{"allow":["GET"]}}],"collection":[{"href":"https:\/\/asimtria.org\/allinrimay\/index.php?rest_route=\/wp\/v2\/pages"}],"about":[{"href":"https:\/\/asimtria.org\/allinrimay\/index.php?rest_route=\/wp\/v2\/types\/page"}],"author":[{"embeddable":true,"href":"https:\/\/asimtria.org\/allinrimay\/index.php?rest_route=\/wp\/v2\/users\/1"}],"replies":[{"embeddable":true,"href":"https:\/\/asimtria.org\/allinrimay\/index.php?rest_route=%2Fwp%2Fv2%2Fcomments&post=4"}],"version-history":[{"count":10,"href":"https:\/\/asimtria.org\/allinrimay\/index.php?rest_route=\/wp\/v2\/pages\/4\/revisions"}],"predecessor-version":[{"id":91,"href":"https:\/\/asimtria.org\/allinrimay\/index.php?rest_route=\/wp\/v2\/pages\/4\/revisions\/91"}],"wp:attachment":[{"href":"https:\/\/asimtria.org\/allinrimay\/index.php?rest_route=%2Fwp%2Fv2%2Fmedia&parent=4"}],"curies":[{"name":"wp","href":"https:\/\/api.w.org\/{rel}","templated":true}]}}